{"id":1347,"date":"2024-08-05T11:50:41","date_gmt":"2024-08-05T11:50:41","guid":{"rendered":"https:\/\/globalvrtx.icu\/?page_id=1347"},"modified":"2024-08-06T11:57:27","modified_gmt":"2024-08-06T11:57:27","slug":"deposit-and-withdrawal-policy-ro","status":"publish","type":"page","link":"https:\/\/globalvrtx.icu\/ro\/deposit-and-withdrawal-policy-ro\/","title":{"rendered":"Deposit and Withdrawal Policy ro"},"content":{"rendered":"\t\t<div data-elementor-type=\"wp-page\" data-elementor-id=\"1347\" class=\"elementor elementor-1347 elementor-1219\" data-elementor-post-type=\"page\">\n\t\t\t\t\t\t<section class=\"elementor-section elementor-top-section elementor-element elementor-element-7f87b49 elementor-section-boxed elementor-section-height-default elementor-section-height-default\" data-id=\"7f87b49\" data-element_type=\"section\">\n\t\t\t\t\t\t<div class=\"elementor-container elementor-column-gap-default\">\n\t\t\t\t\t<div class=\"elementor-column elementor-col-100 elementor-top-column elementor-element elementor-element-2546387\" data-id=\"2546387\" data-element_type=\"column\" data-settings=\"{&quot;background_background&quot;:&quot;classic&quot;}\">\n\t\t\t<div class=\"elementor-widget-wrap elementor-element-populated\">\n\t\t\t\t\t\t<div class=\"elementor-element elementor-element-a568ae1 elementor-widget elementor-widget-heading\" data-id=\"a568ae1\" data-element_type=\"widget\" data-widget_type=\"heading.default\">\n\t\t\t\t<div class=\"elementor-widget-container\">\n\t\t\t\t\t<h2 class=\"elementor-heading-title elementor-size-default\">Politica de depunere \u0219i retragere<\/h2>\t\t\t\t<\/div>\n\t\t\t\t<\/div>\n\t\t\t\t<div class=\"elementor-element elementor-element-128bb07 elementor-widget elementor-widget-text-editor\" data-id=\"128bb07\" data-element_type=\"widget\" data-widget_type=\"text-editor.default\">\n\t\t\t\t<div class=\"elementor-widget-container\">\n\t\t\t\t\t\t\t\t\t<p>Politica de depunere \u0219i retragere<\/p><p>Ace\u0219ti termeni \u0219i condi\u021bii se aplic\u0103 oric\u0103ror transferuri efectuate de clien\u021bi sau \u00een scopul depunerii de fonduri monetare sau retragerii de fonduri monetare din contul de tranzac\u021bionare al clientului, care a fost deschis.<\/p><p>Tranzac\u021bionarea \u00een orice oportunitate de investi\u021bie care poate genera profit necesit\u0103 clien\u021bii s\u0103 depun\u0103 bani \u00een contul lor de tranzac\u021bionare. Profiturile pot fi retrase din contul online. Depozitele \u0219i retragerile sunt reglementate de aceast\u0103 politic\u0103, precum \u0219i de termenii \u0219i condi\u021biile aplicabile \u00een general.<\/p><p>Este simplu \u0219i simplu s\u0103 depune\u021bi \u0219i s\u0103 retrage\u021bi fonduri \u00een \u0219i din contul dvs. de tranzac\u021bionare.<\/p><p>Finan\u021barea contului<\/p><p>Dvs., Clientul, trebuie s\u0103 efectua\u021bi toate depozitele dintr-o anumit\u0103 surs\u0103 (de exemplu, un singur cont bancar). Dac\u0103 dori\u021bi s\u0103 \u00eencepe\u021bi tranzac\u021bionarea, trebuie s\u0103 v\u0103 asigura\u021bi c\u0103 acest cont se afl\u0103 \u00een \u021bara dvs. de re\u0219edin\u021b\u0103 \u0219i pe numele dvs. Pentru a certifica c\u0103 o tranzac\u021bie este autentic\u0103, aceasta trebuie s\u0103 ne fie trimis\u0103 pentru a confirma originea fondurilor care vor fi utilizate pentru tranzac\u021bionare.<\/p><p>Clientul poate transfera fonduri c\u0103tre Companie cu diferite metode de plat\u0103 permise de Companie din c\u00e2nd \u00een c\u00e2nd \u0219i \u00een orice valut\u0103 (acceptat\u0103 de Companie), iar astfel de fonduri vor fi convertite \u0219i gestionate \u00een Platforma de tranzac\u021bionare \u00een dolari americani \u0219i\/ sau euro \u0219i\/sau GBP, ca descurajare<\/p><p>minat de Companie, conform unui curs de schimb determinat de<\/p><p>Compania este conform ratelor de pia\u021b\u0103 disponibile. Reglement\u0103ri de finan\u021bare a conturilor<\/p><p>Depunere: Clien\u021bii pot depune fondurile prin procedura de mai jos \u00een contul nostru bancar (transfer bancar\/bancar), orice portofel cripto legitim sau card bancar (de credit\/debit).<\/p><p>Confirma\u021bi depunerea: Dup\u0103 depunerea sau transferul sumei \u00een contul nostru, v\u0103 rug\u0103m s\u0103 p\u0103stra\u021bi bonul de plat\u0103 \u0219i s\u0103 \u00eel trimite\u021bi departamentului nostru de decontare.<\/p><p>Primire extras zilnic: Confirm\u00e2nd plata primit\u0103, vom actualiza tranzac\u021bia \u00een extrasul zilnic cu ziua \u0219i ora corespunz\u0103toare. Dac\u0103 nu primi\u021bi extrasul zilnic sau nu g\u0103si\u021bi tranzac\u021bia de depunere, v\u0103 rug\u0103m s\u0103 contacta\u021bi managerul personal sau departamentul nostru de asisten\u021b\u0103 pentru clien\u021bi c\u00e2t mai cur\u00e2nd posibil.<\/p><p>V\u0103 rug\u0103m s\u0103 acorda\u021bi p\u00e2n\u0103 la 5 zile lucr\u0103toare pentru ca fondurile depuse prin transfer bancar\/serviciu s\u0103 apar\u0103 \u00een contul dvs. de tranzac\u021bionare. V\u0103 rug\u0103m s\u0103 re\u021bine\u021bi c\u0103 toate tranzac\u021biile ar trebui s\u0103 fie sub controlul managerului dvs. personal pentru a evita orice \u00eent\u00e2rzieri \u0219i probleme. Suma minim\u0103 a depozitului (pentru cardurile de credit\/debit) este de 250 USD \/ suma maxim\u0103 a depozitului este nelimitat\u0103.<\/p><p>Clientul nu va avea nicio preten\u021bie fa\u021b\u0103 de Companie \u0219i nu va face Compania responsabil\u0103 pentru orice \u00eent\u00e2rziere \u0219i\/sau diferen\u021be provenite din calculul ratelor \u0219i\/sau comisionul \u0219i\/sau orice alt debit al unei companii de credit, b\u0103nci sau alte institu\u021bii financiare.<\/p><p>Clientul declar\u0103 c\u0103 toate fondurile pe care le transfer\u0103 c\u0103tre Companie nu provin din nicio activitate criminal\u0103 sau de alt\u0103 natur\u0103 ilegal\u0103 \u0219i f\u0103r\u0103 nicio \u00eenc\u0103lcare a oric\u0103ror legi \u0219i reglement\u0103ri aplicabile \u00eempotriva sp\u0103l\u0103rii banilor.<\/p><p>Dac\u0103 nu respecta\u021bi aceast\u0103 politic\u0103, este posibil s\u0103 fi\u021bi \u00eempiedicat s\u0103 depune\u021bi fondurile.<\/p><p>Retragere<\/p><p>Conform regulilor \u0219i reglement\u0103rilor AML acceptabile \u00een general, retragerile trebuie efectuate numai prin acela\u0219i cont bancar sau card de credit\/debit pe care clientul l-a folosit pentru a depune fondurile.<\/p><p>Cu excep\u021bia cazului \u00een care suntem de acord altfel, retragerile din Cont pot fi efectuate numai \u00een aceea\u0219i moned\u0103 FIAT \u00een care a fost efectuat\u0103 depunerea respectiv\u0103. \u00cen plus, atunci c\u00e2nd depune\u021bi sau retrage\u021bi bani \u00een scopuri comerciale folosind metode de plat\u0103 FIAT alternative, ar trebui s\u0103 \u0219ti\u021bi c\u0103 se pot aplica taxe \u0219i restric\u021bii suplimentare. Retragerile sunt supuse unor taxe de procesare \u0219i manipulare a retragerilor. Aceste taxe vor fi deduse din suma retras\u0103 transferat\u0103. F\u0103r\u0103 a deroga de la cele de mai sus, putem efectua retrageri c\u0103tre o alt\u0103 facilitate dec\u00e2t cea utilizat\u0103 pentru depozit, \u00een conformitate cu reglement\u0103rile Anti Sp\u0103lare de Bani. \u00cen plus, atunci c\u00e2nd vine vorba de retrageri, Clientului i se poate solicita s\u0103 prezinte informa\u021bii \u0219i documente suplimentare. Reglement\u0103ri de retragere<\/p><p>Pentru a v\u0103 procesa cererea de retragere, trebuie: s\u0103 v\u0103 conecta\u021bi la contul dvs. prin intermediul site-ului web. Deschide\u021bi o cerere de retragere din zona clien\u021bilor. Completa\u021bi formularul de retragere.<\/p><p>Tip\u0103ri\u021bi formularul de retragere. Semna\u021bi formularul tip\u0103rit.<\/p><p>Toat\u0103 documenta\u021bia de conformitate trebuie s\u0103 fi fost primit\u0103 \u0219i aprobat\u0103 de c\u0103tre ofi\u021berul de conformitate pentru a putea continua retragerea.<\/p><p>Beneficiar<\/p><p>Numele trebuie s\u0103 se potriveasc\u0103 cu numele contului de tranzac\u021bionare. Solicit\u0103rile de transfer de fonduri c\u0103tre ter\u021bi nu vor fi procesate. Rambursarea oric\u0103ror fonduri prin transfer bancar de c\u0103tre Companie c\u0103tre Client va<\/p><p>s\u0103 fie \u00een aceea\u0219i moned\u0103 \u0219i pe acela\u0219i cont\/card de credit de la care au fost transferate ini\u021bial fondurile, cu excep\u021bia cazului \u00een care Compania a decis, la propria discre\u021bie, s\u0103 returneze fondurile \u00eentr-un cont diferit al Clientului.<\/p><p>Clientul nu va avea nicio preten\u021bie fa\u021b\u0103 de Companie \u0219i nu va face Compania responsabil\u0103 pentru nicio \u00eent\u00e2rziere \u0219i\/sau diferen\u021be provenite din calcularea ratelor \u0219i\/sau comisionului \u0219i\/sau comisionului unei companii de credit, b\u0103nci sau alte institu\u021bii financiare<\/p><p>\/sau orice alt debit.<\/p><p>\u00cen cazul \u00een care Clientul d\u0103 instruc\u021biuni de retragere a fondurilor din Contul de tranzac\u021bionare, departamentul financiar supravegheaz\u0103 fiecare cerere de retragere transmis\u0103. Documentele de identificare trebuie prezentate pentru a procesa orice retragere.<\/p><p>Compania poate anula ordinul de retragere al Clientului, \u00een cazul \u00een care, la discre\u021bia Companiei, fondurile r\u0103mase (dup\u0103 retragere) nu vor fi suficiente pentru a asigura pozi\u021biile deschise \u00een contul de tranzac\u021bionare.<\/p><p>Compania nu \u00ee\u0219i asum\u0103 nicio responsabilitate pentru eventualele \u00eent\u00e2rzieri ale retragerilor, datorate politicilor ter\u021bilor (b\u0103nci, companii de card de credit sau al\u021bi furnizori de servicii) \u0219i nici pentru niciun eveniment major de for\u021b\u0103 care nu se afl\u0103 sub controlul companiei.<\/p><p>Timp de procesare a retragerii<\/p><p>Timpul necesar pentru ca banii s\u0103 ajung\u0103 la cardul dvs. de credit\/debit sau contul bancar care a fost folosit pentru a depune fonduri poate varia (de obicei, p\u00e2n\u0103 la cinci zile lucr\u0103toare). Re\u021bine\u021bi c\u0103 poate dura mai mult pentru retragerile \u00een conturile bancare din cauza procedurilor de securitate suplimentare \u00een vigoare.<\/p><p>\u00cen general, cererea va fi procesat\u0103 \u00een 4-7 zile lucr\u0103toare. Pentru a evita orice \u00eent\u00e2rzieri, v\u0103 rug\u0103m s\u0103 examina\u021bi informa\u021biile cu aten\u021bie \u00eenainte de a trimite cererea. Nu ne asum\u0103m nicio responsabilitate pentru erorile sau inexactit\u0103\u021bile f\u0103cute de titularul contului. Nu putem monitoriza \u0219i nu suntem responsabili \u00een niciun fel pentru procedurile interne ale Companiei de card de credit\/debit a Clientului sau ale b\u0103ncii. Clientul trebuie s\u0103 urm\u0103reasc\u0103 \u00een mod independent cardul de credit sau banca respectiv\u0103.<\/p><p>Fondurile sunt eliberate \u00een contul cardului dvs. de credit\/debit odat\u0103 ce comerciantul de card de credit\/debit a debitat fondurile din contul nostru. Acest proces poate dura p\u00e2n\u0103 la 5 zile lucr\u0103toare sau mai mult pentru a se reflecta asupra soldului contului cardului de credit\/debit. Dac\u0103 nu ave\u021bi acces online la cardul dvs. de credit\/debit, acesta ar trebui s\u0103 apar\u0103 \u00een urm\u0103torul(ele) extras(e) de facturare, \u00een func\u021bie de ciclul de facturare al cardului.<\/p><p>V\u0103 rug\u0103m s\u0103 re\u021bine\u021bi \u00een mod clar c\u0103 nu ne angaj\u0103m \u00een niciun interval de timp \u0219i c\u0103 orice taxe suplimentare impuse de ter\u021bi vor fi deduse din depozit sau retragere, dup\u0103 caz.<\/p><p>Taxe \u0219i taxe suplimentare<\/p><p>Dac\u0103 banca destinatar\u0103 folose\u0219te o banc\u0103 intermediar\u0103 pentru a trimite\/primi fonduri, este posibil s\u0103 suporta\u021bi comisioane suplimentare percepute de banca intermediar\u0103. Aceste taxe sunt de obicei plasate pentru transmiterea firului pentru banca dvs. Nu suntem implica\u021bi \u0219i nici nu avem niciun control asupra acestor taxe suplimentare.<\/p><p>V\u0103 rug\u0103m s\u0103 respecta\u021bi institu\u021bia dvs. financiar\u0103 pentru mai multe informa\u021bii.<\/p><p>Toate depozitele c\u0103tre companie, fie prin card de credit, fie prin transfer bancar, nu sunt supuse unor comisioane din partea companiei. Clien\u021bii pot vedea taxele percepute \u0219i aceste taxe vor fi de la banca clien\u021bilor.<\/p><p>\u00cen conformitate cu reglement\u0103rile de lucru, contul dvs. de tranzac\u021bionare poate fi perceput cu o tax\u0103 de inactivitate. Comisioanele vor fi deduse din soldul contului dumneavoastr\u0103 lunar, p\u00e2n\u0103 c\u00e2nd v\u0103 relua\u021bi activitatea contului sau p\u00e2n\u0103 c\u00e2nd soldul ajunge la zero. V\u0103 rug\u0103m s\u0103 contacta\u021bi managerul personal pentru mai multe detalii.<\/p><p>Fonduri nedepuse<\/p><p>Fondurile care apar \u00een contul Clientului pot include bonusuri \u0219i stimulente convenite sau voluntare sau orice alte sume care nu sunt depuse direct de c\u0103tre Client sau c\u00e2\u0219tigate din tranzac\u021bionare \u00een contul fondurilor depuse efectiv<\/p><p>(\u201eFonduri nedepuse\u201d). V\u0103 rug\u0103m s\u0103 re\u021bine\u021bi, dac\u0103 nu se convine altfel \u00een mod explicit, fondurile nedepuse nu sunt disponibile pentru retragere. \u00cen plus, din cauza limit\u0103rilor tehnice, Fondurile nedepuse pot fi alocate contului Clientului \u00een anumite ocazii (de exemplu, \u00een scopul tehnic de a permite \u00eenchiderea pozi\u021biilor sau a unui cont \u00eendatorat).<\/p><p>F\u0103r\u0103 a deroga de la cele men\u021bionate mai sus, bonusurile emise Clientului de c\u0103tre Companie pot fi retrase numai cu condi\u021bia execut\u0103rii unui volum minim de tranzac\u021bionare de 25 de ori suma depozitului plus bonusul emis (\u201eVolumul minim de tranzac\u021bionare\u201d).<\/p><p>Fonduri bonus<\/p><p>Compania poate oferi o serie de caracteristici de recompens\u0103 atractive, inclusiv bonusuri de bun venit, concursuri \u0219i premii clien\u021bilor noi sau existen\u021bi.<\/p><p>Bonusurile \u0219i creditele de tranzac\u021bionare recompensate clien\u021bilor fac parte din programele de promovare ale Companiei. Aceste bonusuri sunt oferte pe timp limitat, iar termenii \u0219i condi\u021biile asociate cu orice recompense bonus pot fi modificate din c\u00e2nd \u00een c\u00e2nd.<\/p><p>Bonusurile \u0219i profiturile care se bazeaz\u0103, chiar \u0219i par\u021bial, pe utilizarea creditului bonus, vor fi re\u021binute \u00een cazul \u00een care Compania suspecteaz\u0103 orice act de fraud\u0103 sau \u00eenc\u0103lcare a Termenilor \u0219i Condi\u021biilor Companiei de c\u0103tre Client.<\/p><p>Fondurile pot fi retrase numai atunci c\u00e2nd stipula\u021bia anterioar\u0103 a fost pe deplin \u00eendeplinit\u0103 \u0219i \u00eendeplinit\u0103. Toate bonusurile de tranzac\u021bionare sunt finale \u0219i un bonus de tranzac\u021bionare nu poate fi eliminat dup\u0103 ce a fost creditat \u00eentr-un cont.<\/p><p>Tranzac\u021bii cu carduri de credit\/debit<\/p><p>Pentru depuneri cu cardul de credit\/debit, atunci c\u00e2nd alege\u021bi un cont \u00eentr-o alt\u0103 moned\u0103 dec\u00e2t USD (dolarul american), cardul dvs. de credit\/debit va fi debitat corespunz\u0103tor, \u00een conformitate cu suma depus\u0103 \u0219i cu ratele de schimb aplicabile. \u00cen plus fa\u021b\u0103 de suma schimbat\u0103 depus\u0103, se pot aplica taxe suplimentare pentru cardurile de credit (ca urmare, \u00een astfel de cazuri este posibil s\u0103 observa\u021bi discrepan\u021be \u00eentre suma depozitului \u0219i suma<\/p>\t\t\t\t\t\t\t\t<\/div>\n\t\t\t\t<\/div>\n\t\t\t\t\t<\/div>\n\t\t<\/div>\n\t\t\t\t\t<\/div>\n\t\t<\/section>\n\t\t\t\t<\/div>\n\t\t","protected":false},"excerpt":{"rendered":"<p>Politica de depunere \u0219i retragere Politica de depunere \u0219i retragere Ace\u0219ti termeni \u0219i condi\u021bii se aplic\u0103 oric\u0103ror transferuri efectuate de clien\u021bi sau \u00een scopul depunerii de fonduri monetare sau retragerii de fonduri monetare din contul de tranzac\u021bionare al clientului, care a fost deschis. Tranzac\u021bionarea \u00een orice oportunitate de investi\u021bie care poate genera profit necesit\u0103 clien\u021bii [&hellip;]<\/p>\n","protected":false},"author":1,"featured_media":0,"parent":0,"menu_order":0,"comment_status":"closed","ping_status":"closed","template":"","meta":{"footnotes":""},"class_list":["post-1347","page","type-page","status-publish","hentry"],"_links":{"self":[{"href":"https:\/\/globalvrtx.icu\/ro\/wp-json\/wp\/v2\/pages\/1347","targetHints":{"allow":["GET"]}}],"collection":[{"href":"https:\/\/globalvrtx.icu\/ro\/wp-json\/wp\/v2\/pages"}],"about":[{"href":"https:\/\/globalvrtx.icu\/ro\/wp-json\/wp\/v2\/types\/page"}],"author":[{"embeddable":true,"href":"https:\/\/globalvrtx.icu\/ro\/wp-json\/wp\/v2\/users\/1"}],"replies":[{"embeddable":true,"href":"https:\/\/globalvrtx.icu\/ro\/wp-json\/wp\/v2\/comments?post=1347"}],"version-history":[{"count":4,"href":"https:\/\/globalvrtx.icu\/ro\/wp-json\/wp\/v2\/pages\/1347\/revisions"}],"predecessor-version":[{"id":1351,"href":"https:\/\/globalvrtx.icu\/ro\/wp-json\/wp\/v2\/pages\/1347\/revisions\/1351"}],"wp:attachment":[{"href":"https:\/\/globalvrtx.icu\/ro\/wp-json\/wp\/v2\/media?parent=1347"}],"curies":[{"name":"wp","href":"https:\/\/api.w.org\/{rel}","templated":true}]}}