{"id":1465,"date":"2024-08-06T11:28:03","date_gmt":"2024-08-06T11:28:03","guid":{"rendered":"https:\/\/globalvrtx.icu\/?page_id=1465"},"modified":"2024-08-06T12:19:40","modified_gmt":"2024-08-06T12:19:40","slug":"risk-disclosure-statement-it","status":"publish","type":"page","link":"https:\/\/globalvrtx.icu\/it\/risk-disclosure-statement-it\/","title":{"rendered":"Risk Disclosure Statement it"},"content":{"rendered":"\t\t<div data-elementor-type=\"wp-page\" data-elementor-id=\"1465\" class=\"elementor elementor-1465 elementor-1242\" data-elementor-post-type=\"page\">\n\t\t\t\t\t\t<section class=\"elementor-section elementor-top-section elementor-element elementor-element-66bc60e elementor-section-boxed elementor-section-height-default elementor-section-height-default\" data-id=\"66bc60e\" data-element_type=\"section\">\n\t\t\t\t\t\t<div class=\"elementor-container elementor-column-gap-default\">\n\t\t\t\t\t<div class=\"elementor-column elementor-col-100 elementor-top-column elementor-element elementor-element-edd1ae8\" data-id=\"edd1ae8\" data-element_type=\"column\" data-settings=\"{&quot;background_background&quot;:&quot;classic&quot;}\">\n\t\t\t<div class=\"elementor-widget-wrap elementor-element-populated\">\n\t\t\t\t\t\t<div class=\"elementor-element elementor-element-3c243f6 elementor-widget elementor-widget-heading\" data-id=\"3c243f6\" data-element_type=\"widget\" data-widget_type=\"heading.default\">\n\t\t\t\t<div class=\"elementor-widget-container\">\n\t\t\t\t\t<h2 class=\"elementor-heading-title elementor-size-default\">Dichiarazione di divulgazione dei rischi<\/h2>\t\t\t\t<\/div>\n\t\t\t\t<\/div>\n\t\t\t\t<div class=\"elementor-element elementor-element-d4618c0 elementor-widget elementor-widget-text-editor\" data-id=\"d4618c0\" data-element_type=\"widget\" data-widget_type=\"text-editor.default\">\n\t\t\t\t<div class=\"elementor-widget-container\">\n\t\t\t\t\t\t\t\t\t<p>Lo scopo della Dichiarazione di divulgazione dei rischi \u00e8 quello di fornire al Cliente una guida appropriata sulla natura e sui rischi dei tipi specifici di strumenti finanziari offerti dalla Societ\u00e0.<\/p><p>Il Cliente riconosce, comprende e accetta i rischi, divulgati di seguito.<\/p><p>Dichiarazione<\/p><p>1. Il trading \u00e8 molto speculativo e rischioso. I contratti per differenza (&#8220;CFD&#8221;) sono prodotti finanziari complessi, la maggior parte dei quali non ha una data di scadenza stabilita. Pertanto, una posizione CFD matura alla data in cui si sceglie di chiudere una posizione aperta esistente. I CFD, che sono prodotti con leva finanziaria, comportano un elevato livello di rischio e possono comportare la perdita di tutto il capitale investito. Il trading in CFD \u00e8 altamente speculativo e pertanto \u00e8 adatto solo a quei Clienti che:<\/p><p>a. Comprendono e sono disposti ad assumersi i rischi economici, legali e di altro tipo coinvolti;<\/p><p>b. Sono finanziariamente in grado di assumersi il rischio di perdite fino al capitale investito; c. Comprendono e sono informati sui CFD e sulle attivit\u00e0 sottostanti.<\/p><p>Il Cliente dichiara, garantisce e accetta di comprendere questi rischi, di essere disposto e in grado, finanziariamente e altrimenti, di assumersi i rischi del trading di CFD. Prima di decidere di fare trading, un cliente deve assicurarsi di comprendere i rischi coinvolti e tenere conto del suo livello di esperienza e, se necessario, cercare una consulenza indipendente. Il Cliente \u00e8 responsabile di tutte le perdite subite sul suo conto. Di conseguenza, il Cliente deve essere pronto a perdere tutto il capitale investito.<\/p><p>2. Quando fai trading di CFD devi prendere in considerazione i seguenti rischi principali:<\/p><p>a. I CFD sono prodotti con leva finanziaria; pertanto, comportano un livello di rischio pi\u00f9 elevato per il tuo capitale rispetto ad altri prodotti finanziari e possono comportare la perdita di tutto il capitale investito. Tuttavia, va notato che la Societ\u00e0 opera su una base di &#8220;protezione del saldo negativo&#8221;, il che significa che non puoi perdere pi\u00f9 del tuo investimento iniziale;<\/p><p>b. Il valore dei CFD pu\u00f2 aumentare o diminuire a seconda delle condizioni di mercato e il potenziale di profitto dovrebbe essere bilanciato insieme alle perdite significative che possono essere generate in un periodo di tempo molto breve quando si fa trading di CFD;<\/p><p>c. Il trading di CFD, a differenza del trading tradizionale, ti consente di fare trading sui mercati pagando solo una piccola frazione del valore totale della negoziazione. Tuttavia, ci\u00f2 comporta che un movimento di mercato relativamente piccolo pu\u00f2 portare a un movimento proporzionalmente molto pi\u00f9 grande nel valore della tua posizione;<\/p><p>d. Il Cliente deve assicurarsi di avere un margine sufficiente nel suo conto di trading, in ogni momento, per mantenere una posizione aperta. Inoltre, il Cliente deve monitorare costantemente tutte le posizioni aperte per evitare che le posizioni vengano chiuse a causa della mancanza di fondi; si noti che la Societ\u00e0 non \u00e8 responsabile di avvisarti per tali casi.<\/p><p>3. I prezzi sono stabiliti dalla Societ\u00e0 e possono essere diversi dai prezzi riportati altrove. La Societ\u00e0 fornir\u00e0 i prezzi da utilizzare nel trading e nella valutazione delle posizioni del Cliente in conformit\u00e0 con le sue Politiche e Procedure di Trading. Pertanto, potrebbero non corrispondere direttamente ai livelli di mercato in tempo reale nel momento in cui avviene la vendita delle opzioni.<\/p><p>4. Ordini ed esecuzione immediata. Gli ordini di mercato vengono eseguiti telefonicamente tramite la Dealing Room della Societ\u00e0 e vengono completati quando l&#8217;analista della Societ\u00e0 dice &#8220;affare&#8221; o &#8220;fatto&#8221; dopo che il Cliente ha effettuato un ordine. Dopo tale conferma del gestore, il Cliente ha acquistato o venduto e non pu\u00f2 annullare l&#8217;ordine. Effettuando ordini tramite la Dealing Room della Societ\u00e0, il Cliente accetta tale esecuzione immediata e accetta il rischio di questa funzione di esecuzione immediata.<\/p><p>5. La Societ\u00e0 non \u00e8 un consulente o un fiduciario di un cliente. Laddove la Societ\u00e0 fornisca raccomandazioni di mercato generiche, tali raccomandazioni generiche non costituiscono una raccomandazione personale o un consiglio di investimento e non prendono in considerazione nessuna delle circostanze personali o degli obiettivi di investimento del Cliente, n\u00e9 sono un&#8217;offerta di negoziazione o la sollecitazione di un&#8217;offerta di negoziazione. Ogni decisione presa dal Cliente di negoziare con la Societ\u00e0 e ogni decisione se una transazione sia appropriata per il Cliente \u00e8 una decisione indipendente presa dal Cliente. La Societ\u00e0 non agisce come consulente. Il Cliente accetta che la Societ\u00e0 non ha alcun dovere fiduciario nei confronti del Cliente e nessuna responsabilit\u00e0 in relazione a e non \u00e8 responsabile per eventuali responsabilit\u00e0, reclami, danni, costi e spese, comprese le parcelle degli avvocati, sostenuti in relazione al fatto che il Cliente segue le raccomandazioni di trading generiche della Societ\u00e0 e intraprende o non intraprende alcuna azione sulla base di qualsiasi raccomandazione o informazione generica fornita dalla Societ\u00e0.<\/p><p>6. Le raccomandazioni non sono garantite. Le raccomandazioni di mercato generiche fornite dalla Societ\u00e0 si basano esclusivamente sul giudizio del suo personale e devono essere considerate come tali. Il Cliente riconosce di stipulare qualsiasi transazione basandosi sul proprio giudizio. Tutte le raccomandazioni di mercato fornite sono solo generiche e possono o meno<\/p><p>non essere coerenti con le posizioni di mercato o le intenzioni della Societ\u00e0 e\/o delle sue affiliate. Le raccomandazioni generiche di mercato della Societ\u00e0 si basano su informazioni ritenute affidabili, ma la Societ\u00e0 non pu\u00f2 e non garantisce l&#8217;accuratezza o rappresenta che seguire tali raccomandazioni generiche ridurr\u00e0 o eliminer\u00e0 il rischio insito nel trading.<\/p><p>7. Nessuna garanzia di profitto. Non ci sono garanzie di profitto n\u00e9 di evitare errori durante il trading. Il Cliente non ha ricevuto tali garanzie dalla Societ\u00e0 o da alcuno dei suoi rappresentanti. Il Cliente \u00e8 consapevole dei rischi insiti nel trading ed \u00e8 finanziariamente in grado di sopportare tali rischi e di resistere a eventuali perdite subite.<\/p><p>8. Rischi<\/p><p>a. Rischi tecnici &#8211; Trading su Internet. Quando il Cliente fa trading online (tramite Internet), la Societ\u00e0 non sar\u00e0 responsabile per reclami, perdite, danni, costi o spese, causati, direttamente o indirettamente, da qualsiasi malfunzionamento o guasto di qualsiasi trasmissione, sistema di comunicazione, struttura informatica o software di trading, appartenente alla Societ\u00e0, al Cliente, a qualsiasi borsa o a qualsiasi sistema di regolamento o compensazione.<\/p><p>b. Condizioni di mercato. Il Cliente riconosce che in condizioni di mercato anomale la Societ\u00e0 potrebbe non essere in grado di eseguire le istruzioni del Cliente e pertanto il periodo durante il quale le Istruzioni e le Richieste vengono eseguite potrebbe essere esteso.<\/p><p>c. Comunicazione.<\/p><p>&#8211; La Societ\u00e0 non si assume alcuna responsabilit\u00e0 per eventuali perdite derivanti da comunicazioni ritardate o non ricevute inviate al Cliente dalla Societ\u00e0.<\/p><p>&#8211; La Societ\u00e0 non si assume alcuna responsabilit\u00e0 per eventuali perdite derivanti da informazioni crittografate inviate al Cliente dalla Societ\u00e0, a cui si \u00e8 avuto accesso tramite mezzi non autorizzati.<\/p><p>&#8211; La Societ\u00e0 non si assume alcuna responsabilit\u00e0 per eventuali messaggi interni non ricevuti o non letti inviati al Cliente tramite la\/le piattaforma\/e di trading; nel caso in cui un messaggio non venga ricevuto o letto entro 3 (tre) giorni di calendario, il messaggio verr\u00e0 automaticamente eliminato.<\/p><p>&#8211; Il Cliente \u00e8 l&#8217;unico responsabile della riservatezza di qualsiasi informazione contenuta nella comunicazione ricevuta dalla Societ\u00e0.<\/p><p>&#8211; La Societ\u00e0 non ha alcuna responsabilit\u00e0 per eventuali perdite derivanti dall&#8217;accesso autorizzato\/non autorizzato a tutte le informazioni tra la Societ\u00e0 e il Cliente da parte di terzi.<\/p><p>d. Imposte. Il Cliente deve assicurarsi che l&#8217;investimento in CFD non sia soggetto a imposte e\/o altri dazi nella giurisdizione del Cliente. Il Cliente \u00e8 responsabile di eventuali imposte e\/o altri dazi che potrebbero maturare in relazione alle sue negoziazioni.<\/p><p>9. Costi, valore dello swap e altre considerazioni. Prima di investire in CFD, il Cliente deve essere a conoscenza di eventuali costi coinvolti, come spread, commissioni e swap. Ai fini della presente Informativa, uno swap indica l&#8217;interesse aggiunto o dedotto per mantenere una posizione aperta durante la notte. Lo swap per una posizione aperta mercoled\u00ec e mantenuta aperta durante la notte \u00e8 tre volte quello degli altri giorni; il motivo \u00e8 che la data di valuta di un trade tenuto aperto durante la notte di mercoled\u00ec normalmente sarebbe sabato, ma poich\u00e9 le banche sono chiuse, la data di valuta \u00e8 luned\u00ec e il cliente incorre in 2 (due) giorni extra di interessi. Da venerd\u00ec a luned\u00ec lo swap viene addebitato una volta.<\/p><p>10. Errori del sistema di scadenza. Nel caso in cui il sistema di scadenza fallisca per qualsiasi motivo, rilever\u00e0 automaticamente le opzioni non scadute e le far\u00e0 scadere in base ai tassi memorizzati storicamente nell&#8217;archivio. Se una posizione non \u00e8 scaduta in tempo, il sistema invier\u00e0 una notifica al Risk Manager, specificando tutte le informazioni sulla posizione, per essere risolte manualmente.<\/p><p>In caso di difficolt\u00e0, contatta il nostro servizio clienti.<\/p>\t\t\t\t\t\t\t\t<\/div>\n\t\t\t\t<\/div>\n\t\t\t\t\t<\/div>\n\t\t<\/div>\n\t\t\t\t\t<\/div>\n\t\t<\/section>\n\t\t\t\t<\/div>\n\t\t","protected":false},"excerpt":{"rendered":"<p>Dichiarazione di divulgazione dei rischi Lo scopo della Dichiarazione di divulgazione dei rischi \u00e8 quello di fornire al Cliente una guida appropriata sulla natura e sui rischi dei tipi specifici di strumenti finanziari offerti dalla Societ\u00e0. Il Cliente riconosce, comprende e accetta i rischi, divulgati di seguito. Dichiarazione 1. Il trading \u00e8 molto speculativo e [&hellip;]<\/p>\n","protected":false},"author":1,"featured_media":0,"parent":0,"menu_order":0,"comment_status":"closed","ping_status":"closed","template":"","meta":{"footnotes":""},"class_list":["post-1465","page","type-page","status-publish","hentry"],"_links":{"self":[{"href":"https:\/\/globalvrtx.icu\/it\/wp-json\/wp\/v2\/pages\/1465","targetHints":{"allow":["GET"]}}],"collection":[{"href":"https:\/\/globalvrtx.icu\/it\/wp-json\/wp\/v2\/pages"}],"about":[{"href":"https:\/\/globalvrtx.icu\/it\/wp-json\/wp\/v2\/types\/page"}],"author":[{"embeddable":true,"href":"https:\/\/globalvrtx.icu\/it\/wp-json\/wp\/v2\/users\/1"}],"replies":[{"embeddable":true,"href":"https:\/\/globalvrtx.icu\/it\/wp-json\/wp\/v2\/comments?post=1465"}],"version-history":[{"count":4,"href":"https:\/\/globalvrtx.icu\/it\/wp-json\/wp\/v2\/pages\/1465\/revisions"}],"predecessor-version":[{"id":1469,"href":"https:\/\/globalvrtx.icu\/it\/wp-json\/wp\/v2\/pages\/1465\/revisions\/1469"}],"wp:attachment":[{"href":"https:\/\/globalvrtx.icu\/it\/wp-json\/wp\/v2\/media?parent=1465"}],"curies":[{"name":"wp","href":"https:\/\/api.w.org\/{rel}","templated":true}]}}