{"id":1435,"date":"2024-08-06T11:29:43","date_gmt":"2024-08-06T11:29:43","guid":{"rendered":"https:\/\/globalvrtx.icu\/?page_id=1435"},"modified":"2024-08-06T12:15:14","modified_gmt":"2024-08-06T12:15:14","slug":"refund-and-return-policy-it","status":"publish","type":"page","link":"https:\/\/globalvrtx.icu\/it\/refund-and-return-policy-it\/","title":{"rendered":"Refund and Return Policy it"},"content":{"rendered":"\t\t<div data-elementor-type=\"wp-page\" data-elementor-id=\"1435\" class=\"elementor elementor-1435 elementor-1247\" data-elementor-post-type=\"page\">\n\t\t\t\t\t\t<section class=\"elementor-section elementor-top-section elementor-element elementor-element-8b57f08 elementor-section-boxed elementor-section-height-default elementor-section-height-default\" data-id=\"8b57f08\" data-element_type=\"section\">\n\t\t\t\t\t\t<div class=\"elementor-container elementor-column-gap-default\">\n\t\t\t\t\t<div class=\"elementor-column elementor-col-100 elementor-top-column elementor-element elementor-element-f393701\" data-id=\"f393701\" data-element_type=\"column\" data-settings=\"{&quot;background_background&quot;:&quot;classic&quot;}\">\n\t\t\t<div class=\"elementor-widget-wrap elementor-element-populated\">\n\t\t\t\t\t\t<div class=\"elementor-element elementor-element-4ef88c6 elementor-widget elementor-widget-heading\" data-id=\"4ef88c6\" data-element_type=\"widget\" data-widget_type=\"heading.default\">\n\t\t\t\t<div class=\"elementor-widget-container\">\n\t\t\t\t\t<h2 class=\"elementor-heading-title elementor-size-default\">Politica di rimborso e restituzione<\/h2>\t\t\t\t<\/div>\n\t\t\t\t<\/div>\n\t\t\t\t<div class=\"elementor-element elementor-element-4c83c1e elementor-widget elementor-widget-text-editor\" data-id=\"4c83c1e\" data-element_type=\"widget\" data-widget_type=\"text-editor.default\">\n\t\t\t\t<div class=\"elementor-widget-container\">\n\t\t\t\t\t\t\t\t\t<p>Le presenti regole determinano le procedure e le condizioni di restituzione dei fondi che si applicano a qualsiasi transazione in uscita allo scopo di restituire fondi monetari al conto di trading del cliente.<\/p><p>Una politica di restituzione e rimborso delinea come, quando e a quali condizioni il Cliente pu\u00f2 restituire i fondi.<\/p><p>Lo scopo di questa politica \u00e8 la prevenzione dei conflitti tra il Cliente e la Societ\u00e0, nonch\u00e9 la riduzione dei rischi correlati all&#8217;AML, il rispetto dei principi della Politica di contrasto al riciclaggio di denaro e al finanziamento di attivit\u00e0 terroristiche.<\/p><p>La Societ\u00e0 ha il diritto di bloccare l&#8217;accesso al conto di trading privato, di sospendere l&#8217;attivit\u00e0 di trading, di annullare la richiesta di transazioni di input-output o di restituire i fondi se la fonte dei fondi o l&#8217;attivit\u00e0 del Cliente contraddice la politica AML o il finanziamento di attivit\u00e0 terroristiche.<\/p><p>La Societ\u00e0 non annulla le transazioni elaborate, pertanto la Societ\u00e0 ha il diritto di restituire denaro al Cliente se non \u00e8 stata registrata alcuna attivit\u00e0 di trading entro un mese dal rifornimento del conto.<\/p><p>La Societ\u00e0 ha il diritto, in determinate ragioni oggettive e in caso di necessit\u00e0, di restituire i fondi ricevuti tramite qualsiasi sistema di pagamento, comprese le carte di credito\/debito. Pertanto, il rimborso dei fondi verr\u00e0 eseguito tramite portafogli crittografici o bonifici bancari utilizzati dal cliente.<\/p><p>Nel caso in cui la Societ\u00e0 classifichi l&#8217;attivit\u00e0 del Cliente come inappropriata, indiretta, illegale, ingiusta o contraddica i Termini di utilizzo, la Societ\u00e0 ha il diritto di adottare misure senza informare in anticipo il Cliente.<\/p><p>La societ\u00e0 adotter\u00e0 tutte le misure necessarie per prevenire e bloccare sia l&#8217;immissione che il prelievo di fondi da parte di terzi. L&#8217;immissione e l&#8217;uscita di fondi dal conto possono essere eseguite solo dal titolare del conto stesso.<\/p><p>In base alle norme e ai regolamenti AML generalmente accettabili, il rimborso deve essere eseguito solo tramite lo stesso conto bancario o carta di credito\/debito che il cliente ha utilizzato per depositare i fondi.<\/p><p>Senza derogare a quanto sopra, potremmo eseguire prelievi su una struttura diversa da quella utilizzata per il deposito, in conformit\u00e0 con le normative antiriciclaggio.<\/p><p>Tutta la documentazione di conformit\u00e0 deve essere stata ricevuta e approvata dal responsabile della conformit\u00e0 per procedere al prelievo.<\/p><p>Il nome del beneficiario deve corrispondere al nome del conto di trading. Le richieste di trasferimento di fondi a terzi non saranno elaborate. Il rimborso di qualsiasi fondo tramite bonifico bancario da parte della Societ\u00e0 al Cliente avverr\u00e0 nella stessa valuta e sullo stesso conto\/carta di credito da cui i fondi sono stati originariamente trasferiti, a meno che la Societ\u00e0 non abbia deciso, a sua discrezione, di restituire i fondi a un conto diverso del Cliente.<\/p><p>Il Cliente non avr\u00e0 alcuna pretesa nei confronti della Societ\u00e0 e non riterr\u00e0 la Societ\u00e0 responsabile per eventuali ritardi e\/o differenze derivanti da un calcolo dei tassi e\/o commissioni e\/o qualsiasi altro addebito di una societ\u00e0 di credito, banche o altri istituti finanziari.<\/p><p>Nel caso in cui il Cliente dia istruzioni per prelevare fondi dal Conto di trading, il dipartimento finanziario supervisiona ogni richiesta di prelievo presentata. I documenti di identificazione devono essere presentati per elaborare qualsiasi prelievo.<\/p><p>La societ\u00e0 non si assume alcuna responsabilit\u00e0 per eventuali ritardi nei prelievi dovuti a politiche di terze parti (banche, societ\u00e0 di carte di credito o altri fornitori di servizi), n\u00e9 per eventi di forza maggiore che non siano sotto il controllo della societ\u00e0.<\/p><p>Il tempo necessario affinch\u00e9 il denaro raggiunga la tua carta di credito\/debito o il conto bancario utilizzato per depositare fondi pu\u00f2 variare (solitamente fino a cinque giorni lavorativi). Nota che i prelievi sui conti bancari potrebbero richiedere pi\u00f9 tempo a causa delle procedure di sicurezza aggiuntive in vigore.<\/p><p>I fondi vengono rilasciati sul tuo conto della carta di credito\/debito una volta che il commerciante della tua carta di credito\/debito ha addebitato i fondi sul nostro conto. Questo processo potrebbe richiedere fino a 5 giorni lavorativi o pi\u00f9 per riflettersi sul saldo del tuo conto della carta di credito\/debito. Se non hai accesso online alla tua carta di credito\/debito, dovrebbe apparire sui successivi estratti conto a seconda del ciclo di fatturazione della tua carta.<\/p><p>Se la banca ricevente utilizza una banca intermediaria per inviare\/ricevere fondi, potresti incorrere in commissioni aggiuntive addebitate dalla banca intermediaria. Queste spese vengono solitamente applicate per la trasmissione del bonifico alla tua banca. Non siamo coinvolti e non abbiamo alcun controllo su queste commissioni aggiuntive. Per maggiori informazioni, contatta il tuo istituto finanziario.<\/p><p>L&#8217;importo del prelievo per carta di credito\/debito \u00e8 consentito solo per un importo pari a quello depositato per carta di credito\/debito o inferiore. Importi maggiori devono essere trasferiti tramite bonifico a un conto bancario. Contattaci per qualsiasi domanda, commento o chiarimento<\/p>\t\t\t\t\t\t\t\t<\/div>\n\t\t\t\t<\/div>\n\t\t\t\t\t<\/div>\n\t\t<\/div>\n\t\t\t\t\t<\/div>\n\t\t<\/section>\n\t\t\t\t<\/div>\n\t\t","protected":false},"excerpt":{"rendered":"<p>Politica di rimborso e restituzione Le presenti regole determinano le procedure e le condizioni di restituzione dei fondi che si applicano a qualsiasi transazione in uscita allo scopo di restituire fondi monetari al conto di trading del cliente. Una politica di restituzione e rimborso delinea come, quando e a quali condizioni il Cliente pu\u00f2 restituire [&hellip;]<\/p>\n","protected":false},"author":1,"featured_media":0,"parent":0,"menu_order":0,"comment_status":"closed","ping_status":"closed","template":"","meta":{"footnotes":""},"class_list":["post-1435","page","type-page","status-publish","hentry"],"_links":{"self":[{"href":"https:\/\/globalvrtx.icu\/it\/wp-json\/wp\/v2\/pages\/1435","targetHints":{"allow":["GET"]}}],"collection":[{"href":"https:\/\/globalvrtx.icu\/it\/wp-json\/wp\/v2\/pages"}],"about":[{"href":"https:\/\/globalvrtx.icu\/it\/wp-json\/wp\/v2\/types\/page"}],"author":[{"embeddable":true,"href":"https:\/\/globalvrtx.icu\/it\/wp-json\/wp\/v2\/users\/1"}],"replies":[{"embeddable":true,"href":"https:\/\/globalvrtx.icu\/it\/wp-json\/wp\/v2\/comments?post=1435"}],"version-history":[{"count":4,"href":"https:\/\/globalvrtx.icu\/it\/wp-json\/wp\/v2\/pages\/1435\/revisions"}],"predecessor-version":[{"id":1439,"href":"https:\/\/globalvrtx.icu\/it\/wp-json\/wp\/v2\/pages\/1435\/revisions\/1439"}],"wp:attachment":[{"href":"https:\/\/globalvrtx.icu\/it\/wp-json\/wp\/v2\/media?parent=1435"}],"curies":[{"name":"wp","href":"https:\/\/api.w.org\/{rel}","templated":true}]}}