{"id":1405,"date":"2024-08-06T11:31:20","date_gmt":"2024-08-06T11:31:20","guid":{"rendered":"https:\/\/globalvrtx.icu\/?page_id=1405"},"modified":"2024-08-06T12:09:38","modified_gmt":"2024-08-06T12:09:38","slug":"privacy-policy-it","status":"publish","type":"page","link":"https:\/\/globalvrtx.icu\/it\/privacy-policy-it\/","title":{"rendered":"Privacy Policy it"},"content":{"rendered":"\t\t<div data-elementor-type=\"wp-page\" data-elementor-id=\"1405\" class=\"elementor elementor-1405 elementor-1252\" data-elementor-post-type=\"page\">\n\t\t\t\t\t\t<section class=\"elementor-section elementor-top-section elementor-element elementor-element-aa87ee0 elementor-section-boxed elementor-section-height-default elementor-section-height-default\" data-id=\"aa87ee0\" data-element_type=\"section\">\n\t\t\t\t\t\t<div class=\"elementor-container elementor-column-gap-default\">\n\t\t\t\t\t<div class=\"elementor-column elementor-col-100 elementor-top-column elementor-element elementor-element-9926c8c\" data-id=\"9926c8c\" data-element_type=\"column\" data-settings=\"{&quot;background_background&quot;:&quot;classic&quot;}\">\n\t\t\t<div class=\"elementor-widget-wrap elementor-element-populated\">\n\t\t\t\t\t\t<div class=\"elementor-element elementor-element-95dec94 elementor-widget elementor-widget-heading\" data-id=\"95dec94\" data-element_type=\"widget\" data-widget_type=\"heading.default\">\n\t\t\t\t<div class=\"elementor-widget-container\">\n\t\t\t\t\t<h2 class=\"elementor-heading-title elementor-size-default\">Informativa sulla privacy<\/h2>\t\t\t\t<\/div>\n\t\t\t\t<\/div>\n\t\t\t\t<div class=\"elementor-element elementor-element-ea71f5c elementor-widget elementor-widget-text-editor\" data-id=\"ea71f5c\" data-element_type=\"widget\" data-widget_type=\"text-editor.default\">\n\t\t\t\t<div class=\"elementor-widget-container\">\n\t\t\t\t\t\t\t\t\t<p>Leggere attentamente l&#8217;Informativa sulla privacy. Questo documento \u00e8 parte integrante dell&#8217;accordo tra te (anche denominato &#8220;Utente&#8221;) e la Societ\u00e0.<\/p><p>L&#8217;Informativa sulla privacy descrive le regole per il lavoro della Societ\u00e0 in relazione ai tuoi dati personali. I dati personali includono tutti i dati dell&#8217;Utente che lo identificano come individuo. Questa Informativa spiega anche l&#8217;uso dei dati personali che raccogliamo quando utilizzi i nostri servizi comunicando con noi tramite telefono, e-mail o altri mezzi. Questa Informativa ti informa su quale tipo di informazioni raccogliamo, con chi le condividiamo e per quali scopi, come le proteggiamo e quali diritti hai per preservare la riservatezza delle tue informazioni.<\/p><p>La Societ\u00e0 \u00e8 seria nel proteggere i dati personali dei nostri clienti e nel preservare le informazioni riservate. Per evitare la perdita di informazioni, il loro uso improprio, l&#8217;alterazione e l&#8217;accesso non autorizzato da parte di terzi, rispettiamo tutti i requisiti, sia organizzativi che tecnici.<\/p><p>Accettando l&#8217;Informativa sulla privacy, l&#8217;Utente acconsente alla raccolta, all&#8217;archiviazione, all&#8217;uso e alla divulgazione dei dati personali in conformit\u00e0 con la presente Informativa sulla privacy e la legge applicabile. Puoi revocare il tuo consenso e richiedere la rimozione dei tuoi dati personali contattandoci.<\/p><p>Quali dati personali raccoglie la Societ\u00e0?<\/p><p>Puoi fornirci informazioni identificative, di contatto, finanziarie e di altro tipo quando compili moduli online o ci invii moduli di domanda telefonicamente, nonch\u00e9 tramite e-mail durante l&#8217;autorizzazione nell&#8217;Account personale o in altro modo. Inoltre, tutti i dati personali che fornisci nei casi in cui: utilizzi i nostri prodotti o servizi; registri il tuo account personale sul nostro sito Web; ti iscrivi alle nostre pubblicazioni o a pubblicazioni di terze parti a noi correlate; accetti di ricevere i nostri materiali promozionali e newsletter; partecipi a un concorso, programma fedelt\u00e0, promozioni speciali o sondaggi; lasci recensioni.<\/p><p>Nelle singole pagine del sito, potrebbero essere richiesti dati personali, che puoi fornire se lo desideri (ad esempio, possiamo<\/p><p>richiedere informazioni di contatto per registrare un Account personale, iscriverti a newsletter pubblicitarie e notifiche da parte nostra e\/o in modo che tu possa inviarci domande).<\/p><p>Quando visiti il \u200b\u200bnostro sito, alcune informazioni ci vengono inviate automaticamente dai tuoi dispositivi. In alcune giurisdizioni, tra cui l&#8217;Unione Europea, tali informazioni possono essere considerate personalizzate in conformit\u00e0 con alcune leggi sulla protezione dei dati. Alcune di queste informazioni vengono raccolte tramite cookie. Ulteriori informazioni sui cookie che utilizziamo e sulle finalit\u00e0 per cui vengono utilizzati sono divulgate nella Politica sui cookie.<\/p><p>Le informazioni personali che possono essere raccolte dalla Societ\u00e0 rientrano nelle seguenti categorie: Informazioni fornite volontariamente<\/p><p>\u00c8 possibile fornire alla Societ\u00e0 i propri dati personali, informazioni di contatto e dati finanziari ecc. compilando i moduli online, per telefono, tramite e-mail o con qualsiasi altro metodo disponibile.<\/p><p>Oltre a quanto sopra, alcune parti del sito Web della Societ\u00e0 potrebbero richiedere di fornire volontariamente informazioni personali. Le informazioni personali che ti viene chiesto di fornire, insieme ai motivi per cui ti viene chiesto di fornirle, saranno chiarite dalla tua richiesta. Informazioni che la Societ\u00e0 raccoglie automaticamente<\/p><p>Quando visiti il \u200b\u200bsito Web della Societ\u00e0, alcune informazioni (come il tuo indirizzo IP, il tipo di dispositivo, il tipo di browser ecc.) vengono inviate automaticamente dal tuo dispositivo. La Societ\u00e0 riceve anche informazioni su come il tuo dispositivo ha interagito con il sito Web, inclusi i link seguiti. La raccolta di queste informazioni consente alla Societ\u00e0 di condurre analisi delle richieste degli utenti e dei Clienti allo scopo di migliorare la qualit\u00e0 dei prodotti e dei servizi disponibili.<\/p><p>In che modo la Societ\u00e0 pu\u00f2 utilizzare i tuoi dati personali?<\/p><p>Inviarti newsletter; Fornitura adeguata dei nostri servizi;<\/p><p>Analisi e comprensione del nostro pubblico al fine di migliorare il Servizio;<\/p><p>Indagare sulle violazioni della presente Informativa sulla privacy per garantire la conformit\u00e0, nonch\u00e9 proteggere i nostri interessi e diritti.<\/p><p>Potremmo inviarti lettere di marketing con informazioni sui nostri Servizi che riteniamo interessanti per te.<\/p><p>Gli scopi per cui utilizzeremo i tuoi dati personali: 1. Per fornirti un servizio clienti. Tipologia di dati: informazioni identificative (nome, cognome, paese di residenza, indirizzo e altre informazioni simili), dati di contatto (indirizzo e-mail, numero di telefono, numero di messenger e simili), documenti di identit\u00e0 nazionali (passaporto, documento di identit\u00e0, permesso di soggiorno e altri), informazioni finanziarie (numero di conto bancario, numero di carta bancaria e nome del suo titolare, documenti che mostrano l&#8217;origine dei fondi e altri), rilevanza politica (documenti e rinunce), informazioni documentali (copie di documenti che confermano le informazioni fornite).<\/p><p>2. Gestione del rischio, prevenzione del riciclaggio di denaro, risposta a requisiti normativi e legali. Tipologia di dati: transazionali, finanziari, identit\u00e0.<\/p><p>3. Marketing. Tipologia di dati: contatti, consenso e corrispondenza. Finalit\u00e0: attivit\u00e0 di marketing e presentazione di informazioni e<\/p><p>newssu prodotti e servizi. Basi legali: l&#8217;attuazione del contratto con te.<\/p><p>Quali informazioni pu\u00f2 la societ\u00e0 divulgare a determinate terze parti?<\/p><p>Non trasmettiamo informazioni a societ\u00e0, organizzazioni e individui esterni alla Societ\u00e0, a meno che non si applichi una delle seguenti condizioni. Condivideremo i tuoi dati personali con societ\u00e0, organizzazioni o individui esterni alla Societ\u00e0 se riteniamo in buona fede che l&#8217;accesso, l&#8217;uso, l&#8217;archiviazione o la divulgazione di dati personali siano ragionevolmente necessari per:<\/p><p>Conformit\u00e0 a qualsiasi legge, regolamento, causa legale o richiesta governativa coercitiva applicabile;<\/p><p>L&#8217;applicazione della legislazione vigente, inclusa l&#8217;indagine su possibili violazioni; Identificazione, prevenzione delle frodi, supporto della sicurezza o risoluzione di problemi tecnici;<\/p><p>Proteggere i diritti, la propriet\u00e0 o la sicurezza della Societ\u00e0, dei nostri utenti o del pubblico, se necessario o entro limiti legali.<\/p><p>Societ\u00e0 del gruppo, fornitori di servizi terzi e partner che forniscono alla Societ\u00e0 servizi di elaborazione dati (ad esempio, per fornire funzionalit\u00e0 o contribuire a migliorare la sicurezza del sito Web della Societ\u00e0) o che altrimenti elaborano informazioni personali per gli scopi descritti nella presente Politica;<\/p><p>Qualsiasi organo competente di polizia, agenzia di regolamentazione o governativa, tribunale o altra terza parte, come consentito dalla legge.<\/p><p>Possiamo condividere informazioni identificabili in pubblico e con i nostri partner. Ad esempio, possiamo pubblicare informazioni in pubblico per mostrare le tendenze nell&#8217;uso complessivo del nostro sito web.<\/p><p>Se la Societ\u00e0 partecipa alla fusione, all&#8217;acquisizione o alla vendita di asset, continueremo a garantire la riservatezza di tutti i dati personali e informeremo gli Utenti prima che i dati personali vengano trasferiti o diventino soggetti a un&#8217;altra informativa sulla privacy.<\/p><p>Non condivideremo il tuo nome, indirizzo e-mail o altre informazioni con altri utenti.<\/p><p>In determinate condizioni, potremmo trasferire i tuoi dati personali a una terza parte in un altro paese per un&#8217;ulteriore elaborazione in conformit\u00e0 con gli obiettivi stabiliti nella presente Informativa. In alcuni casi ci\u00f2 potrebbe includere il trasferimento di dati a paesi che non forniscono lo stesso livello di protezione delle leggi del tuo paese di residenza. In tali casi, in conformit\u00e0 con i requisiti legali, garantiremo che i tuoi diritti alla privacy saranno adeguatamente protetti da appropriate misure tecniche, organizzate, contrattuali o altre misure legali.<\/p><p>Quali diritti ha l&#8217;utente?<\/p><p>Per inviare una richiesta di correzione di qualsiasi informazione inesatta e\/o il completamento di qualsiasi informazione personale incompleta. La Societ\u00e0 elaborer\u00e0 successivamente la richiesta e notificher\u00e0 a terze parti a cui tali informazioni personali potrebbero essere state trasmesse in conformit\u00e0 con i termini stabiliti nella presente Politica.<\/p><p>Per richiedere la cessazione del trattamento delle informazioni personali. Il rifiuto del trattamento dei dati personali potrebbe impedirti di accedere a prodotti e servizi specifici per i quali \u00e8 necessario il trattamento delle informazioni personali.<\/p><p>Per richiedere la cancellazione di tutte le tue informazioni personali, a cui la Societ\u00e0 dovrebbe attenersi, a meno che non vi sia una ragione legittima per non farlo. Hai il diritto di ricevere una copia dei dati personali che abbiamo su di te.<\/p><p>Hai il diritto di richiedere che correggiamo qualsiasi informazione inesatta e\/o integriamo qualsiasi dato personale incompleto. Correggeremo i nostri archivi e notificheremo a terze parti a cui tali informazioni personali potrebbero essere trasferite, come descritto sopra.<\/p><p>Hai il diritto di trasferire a un&#8217;altra persona o richiedere una copia di tutti i dati personali che ci hai fornito, dopodich\u00e9 trasferiremo tali dati a un altro titolare del trattamento dei dati di tua scelta.<\/p><p>Puoi esercitare questo diritto cliccando sul link &#8220;annulla iscrizione&#8221; o &#8220;annulla iscrizione&#8221; nelle lettere di marketing che ti inviamo. Per rinunciare a ricevere qualsiasi materiale di marketing inviato dalla Societ\u00e0.<\/p><p>Hai il diritto di richiedere che interrompiamo l&#8217;elaborazione dei tuoi dati personali. Tieni presente che ci\u00f2 potrebbe impedirti di utilizzare determinati servizi per i quali \u00e8 necessario l&#8217;elaborazione dei tuoi dati personali.<\/p><p>Puoi revocare il tuo consenso all&#8217;elaborazione dei tuoi dati personali in qualsiasi momento. Ci\u00f2 non influir\u00e0 sulla legalit\u00e0 dell&#8217;elaborazione dei dati a cui hai precedentemente acconsentito. Tieni presente che se revochi il tuo consenso, ci\u00f2 potrebbe impedirti di utilizzare alcune delle funzionalit\u00e0 del nostro servizio che richiedono l&#8217;elaborazione dei tuoi dati personali.<\/p><p>Hai il diritto di presentare un reclamo al supervisore. Misure di sicurezza aziendali<\/p><p>La Societ\u00e0 applica tutte le misure tecniche e amministrative appropriate per proteggere le informazioni personali che raccoglie ed elabora.<\/p><p>In particolare, la Societ\u00e0: Memorizza i dati personali su server sicuri. Utilizza collegamenti di trasmissione crittografati.<\/p><p>Utilizza altre garanzie: firewall, sistemi di autenticazione (ad esempio password) e meccanismi di controllo degli accessi per impedire l&#8217;accesso non autorizzato a sistemi e dati.<\/p><p>Rivede regolarmente i metodi di raccolta, archiviazione e pratiche di elaborazione delle informazioni, comprese le misure di sicurezza fisica, per impedire l&#8217;accesso non autorizzato ai sistemi.<\/p>\t\t\t\t\t\t\t\t<\/div>\n\t\t\t\t<\/div>\n\t\t\t\t\t<\/div>\n\t\t<\/div>\n\t\t\t\t\t<\/div>\n\t\t<\/section>\n\t\t\t\t<\/div>\n\t\t","protected":false},"excerpt":{"rendered":"<p>Informativa sulla privacy Leggere attentamente l&#8217;Informativa sulla privacy. Questo documento \u00e8 parte integrante dell&#8217;accordo tra te (anche denominato &#8220;Utente&#8221;) e la Societ\u00e0. L&#8217;Informativa sulla privacy descrive le regole per il lavoro della Societ\u00e0 in relazione ai tuoi dati personali. I dati personali includono tutti i dati dell&#8217;Utente che lo identificano come individuo. Questa Informativa spiega [&hellip;]<\/p>\n","protected":false},"author":1,"featured_media":0,"parent":0,"menu_order":0,"comment_status":"closed","ping_status":"closed","template":"","meta":{"footnotes":""},"class_list":["post-1405","page","type-page","status-publish","hentry"],"_links":{"self":[{"href":"https:\/\/globalvrtx.icu\/it\/wp-json\/wp\/v2\/pages\/1405","targetHints":{"allow":["GET"]}}],"collection":[{"href":"https:\/\/globalvrtx.icu\/it\/wp-json\/wp\/v2\/pages"}],"about":[{"href":"https:\/\/globalvrtx.icu\/it\/wp-json\/wp\/v2\/types\/page"}],"author":[{"embeddable":true,"href":"https:\/\/globalvrtx.icu\/it\/wp-json\/wp\/v2\/users\/1"}],"replies":[{"embeddable":true,"href":"https:\/\/globalvrtx.icu\/it\/wp-json\/wp\/v2\/comments?post=1405"}],"version-history":[{"count":4,"href":"https:\/\/globalvrtx.icu\/it\/wp-json\/wp\/v2\/pages\/1405\/revisions"}],"predecessor-version":[{"id":1409,"href":"https:\/\/globalvrtx.icu\/it\/wp-json\/wp\/v2\/pages\/1405\/revisions\/1409"}],"wp:attachment":[{"href":"https:\/\/globalvrtx.icu\/it\/wp-json\/wp\/v2\/media?parent=1405"}],"curies":[{"name":"wp","href":"https:\/\/api.w.org\/{rel}","templated":true}]}}