{"id":1375,"date":"2024-08-06T11:34:38","date_gmt":"2024-08-06T11:34:38","guid":{"rendered":"https:\/\/globalvrtx.icu\/?page_id=1375"},"modified":"2024-08-06T12:03:49","modified_gmt":"2024-08-06T12:03:49","slug":"know-your-customer-policy-it","status":"publish","type":"page","link":"https:\/\/globalvrtx.icu\/it\/know-your-customer-policy-it\/","title":{"rendered":"Know Your Customer Policy it"},"content":{"rendered":"\t\t<div data-elementor-type=\"wp-page\" data-elementor-id=\"1375\" class=\"elementor elementor-1375 elementor-1257\" data-elementor-post-type=\"page\">\n\t\t\t\t\t\t<section class=\"elementor-section elementor-top-section elementor-element elementor-element-5479f81 elementor-section-boxed elementor-section-height-default elementor-section-height-default\" data-id=\"5479f81\" data-element_type=\"section\">\n\t\t\t\t\t\t<div class=\"elementor-container elementor-column-gap-default\">\n\t\t\t\t\t<div class=\"elementor-column elementor-col-100 elementor-top-column elementor-element elementor-element-518d0bc\" data-id=\"518d0bc\" data-element_type=\"column\" data-settings=\"{&quot;background_background&quot;:&quot;classic&quot;}\">\n\t\t\t<div class=\"elementor-widget-wrap elementor-element-populated\">\n\t\t\t\t\t\t<div class=\"elementor-element elementor-element-d21933a elementor-widget elementor-widget-heading\" data-id=\"d21933a\" data-element_type=\"widget\" data-widget_type=\"heading.default\">\n\t\t\t\t<div class=\"elementor-widget-container\">\n\t\t\t\t\t<h2 class=\"elementor-heading-title elementor-size-default\">Politica Know Your Customer<\/h2>\t\t\t\t<\/div>\n\t\t\t\t<\/div>\n\t\t\t\t<div class=\"elementor-element elementor-element-0d95131 elementor-widget elementor-widget-text-editor\" data-id=\"0d95131\" data-element_type=\"widget\" data-widget_type=\"text-editor.default\">\n\t\t\t\t<div class=\"elementor-widget-container\">\n\t\t\t\t\t\t\t\t\t<p>Politica Know Your Customer (abbreviata KYC) &#8211; \u00e8 un termine di regolamentazione bancaria e di cambio per istituti finanziari e altre societ\u00e0 che lavorano con persone fisiche; il che significa che devono identificare la controparte, l&#8217;idoneit\u00e0 e i rischi connessi al mantenimento di una relazione commerciale prima di condurre una transazione finanziaria.<\/p><p>Le politiche KYC sono diventate sempre pi\u00f9 importanti in tutto il mondo ultimamente, soprattutto tra banche e altri istituti finanziari, al fine di prevenire furti di identit\u00e0, riciclaggio di denaro, frodi finanziarie e attivit\u00e0 terroristiche.<\/p><p>L&#8217;obiettivo delle linee guida KYC \u00e8 impedire che le aziende vengano utilizzate da elementi criminali per il riciclaggio di denaro. Ci\u00f2 li aiuta a gestire i propri rischi in modo ponderato.<\/p><p>Per verificare l&#8217;identit\u00e0 del cliente, chiediamo di fornire determinati documenti, in conformit\u00e0 con la politica KYC internazionale.<\/p><p>La procedura di verifica \u00e8 molto semplice e diretta.<\/p><p>Il cliente deve fornire diversi documenti per completare la procedura di verifica dell&#8217;account di trading:<\/p><p>1. Documento di identit\u00e0<\/p><p>\u00c8 possibile fornire un documento di identit\u00e0 rilasciato da un&#8217;autorit\u00e0 statale: a.<\/p><p>passaporto (prima pagina completa);<\/p><p>b. patente di guida (entrambi i lati);<\/p><p>c. permesso di soggiorno temporaneo (entrambi i lati).<\/p><p>Si prega di notare che una patente di guida pu\u00f2 essere presa come prova di identit\u00e0 solo se \u00e8 una carta di plastica e tutte le informazioni in essa contenute contengono solo la traslitterazione latina.<\/p><p>2. Carta di credito\/debito<\/p><p>Una copia della carta di credito o di debito utilizzata per depositare fondi. Le copie della carta vengono fatte fronte e retro. Le prime 12 cifre sul fronte e il codice CVV sul retro della carta devono essere coperti; la striscia della firma, su cui \u00e8 presente la firma del cliente, il nome del titolare della carta e le ultime 4 cifre della carta devono essere chiaramente visibili.<\/p><p>3. Prova di residenza<\/p><p>Un documento che confermi l&#8217;indirizzo della sede effettiva del cliente o l&#8217;indirizzo di fatturazione, come estratti conto bancari o bollette emesse nel paese di residenza permanente, la cui emissione non superi i 3 mesi dalla data del deposito.<\/p><p>a. Bolletta;<\/p><p>b. Bolletta elettrica;<\/p><p>c. Estratto conto della banca; d. Dichiarazione dei redditi;<\/p><p>Se non hai documenti da questo elenco che contengono la traslitterazione latina, puoi fornire quanto segue: conferma del tuo posto di lavoro\/studio con il tuo nome, indirizzo e dettagli di impiego\/studio con firma e timbro ufficiali.<\/p><p>Assicurati che i documenti forniti soddisfino i seguenti requisiti:<\/p><p>a. I documenti devono essere validi, il loro termine di rilascio non deve superare i tre mesi; b. Un documento che conferma il luogo di residenza deve contenere il tuo nome completo e indirizzo;<\/p><p>c. Il documento che conferma il luogo di residenza deve essere fornito sotto forma di fotografia o scansione del documento originale;<\/p><p>d. I documenti devono contenere solo caratteri latini;<\/p><p>e. Il documento che conferma il luogo di residenza deve contenere la data di rilascio.<\/p><p>4. Dichiarazione di deposito<\/p><p>La dichiarazione di deposito conferma che il cliente ha effettuato un deposito di sua spontanea volont\u00e0 e che la carta utilizzata per la transazione appartiene<\/p><p>personalmente al cliente. (Il cliente riceve questo documento immediatamente dopo l&#8217;attivazione del conto di trading).<\/p><p>Si prega di notare che i requisiti normativi variano in alcuni paesi e potremmo dover richiedere ulteriore documentazione.<\/p><p>Assicurati che le tue foto o le copie scansionate dei documenti soddisfino i seguenti requisiti:<\/p><p>a. Le copie scansionate dei documenti devono avere un&#8217;alta risoluzione e devono essere a colori, in bianco e nero, con filigrana, ecc. non sono accettate;<\/p><p>b. Sono consentiti i seguenti formati di immagine: JPG, GIF, PNG, TIFF o PDF;<\/p><p>c. La dimensione del file non deve superare i 10 MB;<\/p><p>d. I documenti devono contenere caratteri latini o avere una traslitterazione latina;<\/p><p>e. Sfondo. I bordi dei documenti devono essere chiaramente visibili su uno sfondo contrastante;<\/p><p>f. In caso di scarsa qualit\u00e0 dei documenti inviati, il Dipartimento di verifica<\/p><p>potrebbe chiederti di inviare nuovamente i documenti.<\/p><p>La procedura di verifica di solito non richiede molto tempo. Tuttavia, in alcuni casi potrebbe richiedere fino a 24 ore. Il nostro Dipartimento di verifica far\u00e0 tutto il possibile per esaminare e accettare le informazioni fornite da te il prima possibile.<\/p><p>Consideriamo la sicurezza della documentazione la nostra massima priorit\u00e0 e trattiamo tutti i documenti che riceviamo con il massimo rispetto e riservatezza. Tutti i file che otteniamo sono completamente protetti utilizzando il pi\u00f9 alto livello possibile di crittografia in ogni fase del processo di revisione.<\/p><p>In caso di difficolt\u00e0, contatta il nostro servizio clienti.<\/p>\t\t\t\t\t\t\t\t<\/div>\n\t\t\t\t<\/div>\n\t\t\t\t\t<\/div>\n\t\t<\/div>\n\t\t\t\t\t<\/div>\n\t\t<\/section>\n\t\t\t\t<\/div>\n\t\t","protected":false},"excerpt":{"rendered":"<p>Politica Know Your Customer Politica Know Your Customer (abbreviata KYC) &#8211; \u00e8 un termine di regolamentazione bancaria e di cambio per istituti finanziari e altre societ\u00e0 che lavorano con persone fisiche; il che significa che devono identificare la controparte, l&#8217;idoneit\u00e0 e i rischi connessi al mantenimento di una relazione commerciale prima di condurre una transazione [&hellip;]<\/p>\n","protected":false},"author":1,"featured_media":0,"parent":0,"menu_order":0,"comment_status":"closed","ping_status":"closed","template":"","meta":{"footnotes":""},"class_list":["post-1375","page","type-page","status-publish","hentry"],"_links":{"self":[{"href":"https:\/\/globalvrtx.icu\/it\/wp-json\/wp\/v2\/pages\/1375","targetHints":{"allow":["GET"]}}],"collection":[{"href":"https:\/\/globalvrtx.icu\/it\/wp-json\/wp\/v2\/pages"}],"about":[{"href":"https:\/\/globalvrtx.icu\/it\/wp-json\/wp\/v2\/types\/page"}],"author":[{"embeddable":true,"href":"https:\/\/globalvrtx.icu\/it\/wp-json\/wp\/v2\/users\/1"}],"replies":[{"embeddable":true,"href":"https:\/\/globalvrtx.icu\/it\/wp-json\/wp\/v2\/comments?post=1375"}],"version-history":[{"count":4,"href":"https:\/\/globalvrtx.icu\/it\/wp-json\/wp\/v2\/pages\/1375\/revisions"}],"predecessor-version":[{"id":1379,"href":"https:\/\/globalvrtx.icu\/it\/wp-json\/wp\/v2\/pages\/1375\/revisions\/1379"}],"wp:attachment":[{"href":"https:\/\/globalvrtx.icu\/it\/wp-json\/wp\/v2\/media?parent=1375"}],"curies":[{"name":"wp","href":"https:\/\/api.w.org\/{rel}","templated":true}]}}