{"id":1342,"date":"2024-08-05T11:50:41","date_gmt":"2024-08-05T11:50:41","guid":{"rendered":"https:\/\/globalvrtx.icu\/?page_id=1342"},"modified":"2024-08-06T11:56:48","modified_gmt":"2024-08-06T11:56:48","slug":"deposit-and-withdrawal-policy-it","status":"publish","type":"page","link":"https:\/\/globalvrtx.icu\/it\/deposit-and-withdrawal-policy-it\/","title":{"rendered":"Deposit and Withdrawal Policy it"},"content":{"rendered":"\t\t<div data-elementor-type=\"wp-page\" data-elementor-id=\"1342\" class=\"elementor elementor-1342 elementor-1219\" data-elementor-post-type=\"page\">\n\t\t\t\t\t\t<section class=\"elementor-section elementor-top-section elementor-element elementor-element-7f87b49 elementor-section-boxed elementor-section-height-default elementor-section-height-default\" data-id=\"7f87b49\" data-element_type=\"section\">\n\t\t\t\t\t\t<div class=\"elementor-container elementor-column-gap-default\">\n\t\t\t\t\t<div class=\"elementor-column elementor-col-100 elementor-top-column elementor-element elementor-element-2546387\" data-id=\"2546387\" data-element_type=\"column\" data-settings=\"{&quot;background_background&quot;:&quot;classic&quot;}\">\n\t\t\t<div class=\"elementor-widget-wrap elementor-element-populated\">\n\t\t\t\t\t\t<div class=\"elementor-element elementor-element-a568ae1 elementor-widget elementor-widget-heading\" data-id=\"a568ae1\" data-element_type=\"widget\" data-widget_type=\"heading.default\">\n\t\t\t\t<div class=\"elementor-widget-container\">\n\t\t\t\t\t<h2 class=\"elementor-heading-title elementor-size-default\">Politica di deposito e prelievo<\/h2>\t\t\t\t<\/div>\n\t\t\t\t<\/div>\n\t\t\t\t<div class=\"elementor-element elementor-element-128bb07 elementor-widget elementor-widget-text-editor\" data-id=\"128bb07\" data-element_type=\"widget\" data-widget_type=\"text-editor.default\">\n\t\t\t\t<div class=\"elementor-widget-container\">\n\t\t\t\t\t\t\t\t\t<p>Politica di deposito e prelievo<\/p><p>Questi termini e condizioni si applicano a tutti i trasferimenti effettuati dai clienti o allo scopo di depositare fondi monetari o prelevare fondi monetari dal conto di trading del cliente, che \u00e8 stato aperto.<\/p><p>Per fare trading in qualsiasi opportunit\u00e0 di investimento che pu\u00f2 generare profitti, i clienti devono depositare denaro sul proprio conto di trading. I profitti possono essere prelevati dal conto online. Depositi e prelievi sono regolati da questa politica nonch\u00e9 dai termini e condizioni generalmente applicabili.<\/p><p>\u00c8 semplice e diretto depositare e prelevare fondi dal tuo conto di trading e viceversa.<\/p><p>Finanziamento del conto<\/p><p>Tu, il Cliente, devi effettuare tutti i depositi da una fonte specifica (ad esempio un singolo conto bancario). Se vuoi iniziare a fare trading, dovresti assicurarti che questo conto sia nel tuo paese di residenza e a tuo nome. Per certificare che una transazione \u00e8 autentica, deve esserci inviata per confermare l&#8217;origine dei fondi che saranno utilizzati per il trading.<\/p><p>Il Cliente pu\u00f2 trasferire fondi alla Societ\u00e0 con diversi metodi di pagamento come consentito dalla Societ\u00e0 di volta in volta e in qualsiasi valuta (accettabile dalla Societ\u00e0), e tali fondi saranno convertiti e gestiti nella Piattaforma di Trading in Dollari USA e\/o Euro e\/o GBP, come determinato dalla Societ\u00e0, secondo un tasso di cambio determinato dalla Societ\u00e0 in base ai tassi di mercato disponibili. Norme di finanziamento del conto<\/p><p>Deposito: i clienti possono depositare i fondi tramite la seguente procedura sul nostro conto bancario (bonifico bancario\/postale), qualsiasi portafoglio crittografico legittimo o carta bancaria (credito\/debito).<\/p><p>Conferma del deposito: dopo aver depositato o trasferito l&#8217;importo sul nostro conto, si prega di conservare la busta paga e di inviarla al nostro reparto di liquidazione.<\/p><p>Ricevi l&#8217;estratto conto giornaliero: confermato il pagamento ricevuto, aggiorneremo la transazione nel tuo estratto conto giornaliero con il giorno e l&#8217;ora corrispondenti. Se non ricevi l&#8217;estratto conto giornaliero o non riesci a trovare la transazione di deposito, ti preghiamo di contattare il tuo responsabile personale o il nostro reparto di assistenza clienti il \u200b\u200bprima possibile.<\/p><p>Si prega di attendere fino a 5 giorni lavorativi affinch\u00e9 i fondi depositati tramite bonifico bancario\/bonifico bancario appaiano sul proprio conto di trading. Si prega di notare che tutte le transazioni devono essere sotto il controllo del proprio responsabile personale per evitare ritardi e problemi. L&#8217;importo minimo del deposito (per carte di credito\/debito) \u00e8 di $ 250 USD \/ L&#8217;importo massimo del deposito \u00e8 illimitato.<\/p><p>Il Cliente non avr\u00e0 alcuna pretesa nei confronti della Societ\u00e0 e non riterr\u00e0 la Societ\u00e0 responsabile per eventuali ritardi e\/o differenze derivanti da calcoli di tassi e\/o commissioni e\/o altri addebiti di una societ\u00e0 di credito, banche o altri istituti finanziari.<\/p><p>Il Cliente dichiara che tutti i fondi che trasferisce alla Societ\u00e0 non derivano da alcuna attivit\u00e0 criminale o illegale e senza alcuna violazione di alcuna legge e normativa antiriciclaggio applicabile.<\/p><p>Se non si rispetta questa politica, potrebbe essere impedito di depositare i fondi.<\/p><p>Prelievo<\/p><p>In base alle norme e normative AML generalmente accettabili, i prelievi devono essere eseguiti solo tramite lo stesso conto bancario o carta di credito\/debito che il cliente ha utilizzato per depositare i fondi.<\/p><p>Salvo diverso accordo, i prelievi dall&#8217;Account possono essere effettuati solo nella stessa valuta FIAT in cui \u00e8 stato effettuato il rispettivo deposito. Inoltre, quando depositi o prelevi denaro per scopi di trading utilizzando metodi di pagamento FIAT alternativi, dovresti essere consapevole che potrebbero essere applicate commissioni e restrizioni aggiuntive. I prelievi sono soggetti a commissioni di elaborazione e gestione dei prelievi. Tali commissioni saranno dedotte dall&#8217;importo prelevato trasferito. Senza derogare a quanto sopra, potremmo eseguire prelievi su una struttura diversa da quella utilizzata per il deposito, in conformit\u00e0 con le normative antiriciclaggio. Inoltre, quando si tratta di prelievi, al Cliente potrebbe essere richiesto di presentare informazioni e documenti aggiuntivi. Norme sui prelievi<\/p><p>Per elaborare la tua richiesta di prelievo, devi: Accedere al tuo account tramite il sito Web. Aprire una richiesta di prelievo dall&#8217;area clienti. Compilare il modulo di prelievo.<\/p><p>Stampare il modulo di prelievo. Firmare il modulo stampato.<\/p><p>Tutta la documentazione di conformit\u00e0 deve essere stata ricevuta e approvata dal responsabile della conformit\u00e0 per procedere al prelievo.<\/p><p>Beneficiario<\/p><p>Il nome deve corrispondere al nome del conto di trading. Le richieste di trasferimento di fondi a terzi non saranno elaborate. Il rimborso di qualsiasi fondo tramite bonifico bancario da parte della Societ\u00e0 al Cliente avverr\u00e0 nella stessa valuta e sullo stesso conto\/carta di credito da cui i fondi sono stati originariamente trasferiti, a meno che la Societ\u00e0 non abbia deciso, a propria discrezione, di restituire i fondi a un conto diverso del Cliente.<\/p><p>Il Cliente non avr\u00e0 alcuna pretesa nei confronti della Societ\u00e0 e non riterr\u00e0 la Societ\u00e0 responsabile per eventuali ritardi e\/o differenze derivanti dal calcolo dei tassi e\/o delle commissioni di una societ\u00e0 di credito, di banche o di altri istituti finanziari e<\/p><p>\/o qualsiasi altro addebito.<\/p><p>Nel caso in cui il Cliente fornisca un&#8217;istruzione per prelevare fondi dal Conto di Trading, il dipartimento finanziario supervisiona ogni richiesta di prelievo inoltrata. Per elaborare qualsiasi prelievo devono essere presentati documenti di identificazione.<\/p><p>La Societ\u00e0 pu\u00f2 annullare l&#8217;ordine di prelievo del Cliente se, a discrezione della Societ\u00e0, i fondi rimanenti (dopo il prelievo) non saranno sufficienti a garantire la\/le Posizione\/i aperta\/e nel Conto di Trading.<\/p><p>La Societ\u00e0 non si assume alcuna responsabilit\u00e0 per eventuali ritardi nei prelievi, dovuti a politiche di terze parti (banche, societ\u00e0 di carte di credito o altri fornitori di servizi), n\u00e9 a eventi di forza maggiore che non siano sotto il controllo della Societ\u00e0.<\/p><p>Tempo di elaborazione del prelievo<\/p><p>Il tempo necessario affinch\u00e9 il denaro raggiunga la tua carta di credito\/debito o il conto bancario utilizzato per depositare i fondi pu\u00f2 variare (solitamente fino a cinque giorni lavorativi). Si noti che i prelievi sui conti bancari potrebbero richiedere pi\u00f9 tempo a causa delle procedure di sicurezza aggiuntive in vigore.<\/p><p>La richiesta verr\u00e0 generalmente elaborata entro 4-7 giorni lavorativi. Per evitare ritardi, si prega di rivedere attentamente le informazioni prima di inviare la richiesta. Non ci assumiamo alcuna responsabilit\u00e0 per errori o inesattezze commesse dal titolare del conto. Non possiamo monitorare e non siamo in alcun modo responsabili per le procedure interne della societ\u00e0 di carte di credito\/debito del cliente o della banca. Il cliente deve contattare la carta di credito o la rispettiva banca in modo indipendente.<\/p><p>I fondi vengono rilasciati sul tuo conto carta di credito\/debito una volta che il commerciante della tua carta di credito\/debito ha addebitato i fondi dal nostro conto. Questo processo potrebbe richiedere fino a 5 giorni lavorativi o pi\u00f9 per riflettersi sul saldo del tuo conto carta di credito\/debito. Se non hai accesso online alla tua carta di credito\/debito, dovrebbe apparire sul\/sui successivo\/i estratto\/i di fatturazione a seconda del ciclo di fatturazione della tua carta.<\/p><p>Si prega di notare chiaramente che non siamo vincolati a nessun lasso di tempo e che eventuali spese aggiuntive imposte da terze parti saranno dedotte dal deposito o dal prelievo, a seconda dei casi.<\/p><p>Commissioni e spese aggiuntive<\/p><p>Se la banca ricevente utilizza una banca intermediaria per inviare\/ricevere fondi, potresti incorrere in commissioni aggiuntive addebitate dalla banca intermediaria. Queste spese vengono solitamente applicate per la trasmissione del bonifico per la tua banca. Non siamo coinvolti e non abbiamo alcun controllo su queste commissioni aggiuntive.<\/p><p>Per maggiori informazioni, contatta il tuo istituto finanziario.<\/p><p>Tutti i depositi alla societ\u00e0 tramite carta di credito o bonifico bancario non sono soggetti a commissioni da parte della societ\u00e0. I \u200b\u200bclienti possono vedere le commissioni addebitate e queste spese saranno dalla banca del cliente.<\/p><p>In conformit\u00e0 con le normative di lavoro, al tuo conto di trading potrebbe essere addebitata una commissione di inattivit\u00e0. Le commissioni saranno dedotte dal saldo del tuo conto mensilmente, fino a quando non riprenderai l&#8217;attivit\u00e0 del tuo conto o fino a quando il saldo non raggiunger\u00e0 lo zero. Contatta il tuo responsabile personale per maggiori dettagli.<\/p><p>Fondi non depositati<\/p><p>I fondi che compaiono sul conto dei clienti possono includere bonus e incentivi concordati o volontari, o qualsiasi altra somma non depositata direttamente dal cliente o ottenuta dal trading a causa di fondi effettivamente depositati<\/p><p>(&#8220;Fondi non depositati&#8221;). Si prega di notare che, salvo diversamente concordato esplicitamente, i Fondi non depositati non sono disponibili per il prelievo. Inoltre, a causa di limitazioni tecniche, i Fondi non depositati possono essere assegnati al conto del Cliente in determinate occasioni (ad esempio, per lo scopo tecnico di consentire la chiusura di posizioni o di un conto indebitato).<\/p><p>Senza derogare a quanto sopra menzionato, i bonus emessi al Cliente dalla Societ\u00e0 possono essere ritirati solo a condizione dell&#8217;esecuzione di un volume di trading minimo pari a 25 volte l&#8217;importo del deposito pi\u00f9 il bonus emesso (&#8220;Volume di trading minimo&#8221;).<\/p><p>Fondi bonus<\/p><p>La Societ\u00e0 pu\u00f2 offrire una serie di interessanti funzionalit\u00e0 di ricompensa, tra cui bonus di benvenuto, concorsi e premi per clienti nuovi o esistenti.<\/p><p>I bonus e i crediti di trading assegnati ai clienti fanno parte dei programmi promozionali della Societ\u00e0. Questi bonus sono offerte a tempo limitato e i termini e le condizioni associati a qualsiasi ricompensa bonus sono soggetti a modifiche di volta in volta.<\/p><p>I bonus e i profitti basati, anche parzialmente, sull&#8217;uso del credito bonus, saranno persi nel caso in cui la Societ\u00e0 sospetti un atto di frode o una violazione dei Termini e condizioni della Societ\u00e0 da parte del Cliente.<\/p><p>I fondi possono essere prelevati solo quando la precedente stipulazione \u00e8 stata pienamente soddisfatta e adempiuta. Tutti i bonus di trading sono definitivi e un bonus di trading non pu\u00f2 essere rimosso una volta che \u00e8 stato accreditato su un conto.<\/p><p>Transazioni con carte di credito\/debito<\/p><p>Per i depositi con carta di credito\/debito, quando si sceglie un conto in una valuta diversa da USD (dollaro statunitense), la carta di credito\/debito verr\u00e0 addebitata correttamente in base all&#8217;importo depositato e ai tassi di cambio applicabili. Oltre alla somma convertita depositata, potrebbero essere applicate commissioni aggiuntive per carte di credito (di conseguenza, in tali casi si potrebbero notare discrepanze tra la somma del deposito e la somma car<\/p>\t\t\t\t\t\t\t\t<\/div>\n\t\t\t\t<\/div>\n\t\t\t\t\t<\/div>\n\t\t<\/div>\n\t\t\t\t\t<\/div>\n\t\t<\/section>\n\t\t\t\t<\/div>\n\t\t","protected":false},"excerpt":{"rendered":"<p>Politica di deposito e prelievo Politica di deposito e prelievo Questi termini e condizioni si applicano a tutti i trasferimenti effettuati dai clienti o allo scopo di depositare fondi monetari o prelevare fondi monetari dal conto di trading del cliente, che \u00e8 stato aperto. Per fare trading in qualsiasi opportunit\u00e0 di investimento che pu\u00f2 generare [&hellip;]<\/p>\n","protected":false},"author":1,"featured_media":0,"parent":0,"menu_order":0,"comment_status":"closed","ping_status":"closed","template":"","meta":{"footnotes":""},"class_list":["post-1342","page","type-page","status-publish","hentry"],"_links":{"self":[{"href":"https:\/\/globalvrtx.icu\/it\/wp-json\/wp\/v2\/pages\/1342","targetHints":{"allow":["GET"]}}],"collection":[{"href":"https:\/\/globalvrtx.icu\/it\/wp-json\/wp\/v2\/pages"}],"about":[{"href":"https:\/\/globalvrtx.icu\/it\/wp-json\/wp\/v2\/types\/page"}],"author":[{"embeddable":true,"href":"https:\/\/globalvrtx.icu\/it\/wp-json\/wp\/v2\/users\/1"}],"replies":[{"embeddable":true,"href":"https:\/\/globalvrtx.icu\/it\/wp-json\/wp\/v2\/comments?post=1342"}],"version-history":[{"count":4,"href":"https:\/\/globalvrtx.icu\/it\/wp-json\/wp\/v2\/pages\/1342\/revisions"}],"predecessor-version":[{"id":1346,"href":"https:\/\/globalvrtx.icu\/it\/wp-json\/wp\/v2\/pages\/1342\/revisions\/1346"}],"wp:attachment":[{"href":"https:\/\/globalvrtx.icu\/it\/wp-json\/wp\/v2\/media?parent=1342"}],"curies":[{"name":"wp","href":"https:\/\/api.w.org\/{rel}","templated":true}]}}