{"id":1455,"date":"2024-08-06T11:28:03","date_gmt":"2024-08-06T11:28:03","guid":{"rendered":"https:\/\/globalvrtx.icu\/?page_id=1455"},"modified":"2025-06-09T11:02:04","modified_gmt":"2025-06-09T11:02:04","slug":"risk-disclosure-statement-fr","status":"publish","type":"page","link":"https:\/\/globalvrtx.icu\/fr\/risk-disclosure-statement-fr\/","title":{"rendered":"D\u00e9claration de divulgation des risques"},"content":{"rendered":"\t\t<div data-elementor-type=\"wp-page\" data-elementor-id=\"1455\" class=\"elementor elementor-1455 elementor-1242\" data-elementor-post-type=\"page\">\n\t\t\t\t\t\t<section class=\"elementor-section elementor-top-section elementor-element elementor-element-66bc60e elementor-section-boxed elementor-section-height-default elementor-section-height-default\" data-id=\"66bc60e\" data-element_type=\"section\">\n\t\t\t\t\t\t<div class=\"elementor-container elementor-column-gap-default\">\n\t\t\t\t\t<div class=\"elementor-column elementor-col-100 elementor-top-column elementor-element elementor-element-edd1ae8\" data-id=\"edd1ae8\" data-element_type=\"column\" data-settings=\"{&quot;background_background&quot;:&quot;classic&quot;}\">\n\t\t\t<div class=\"elementor-widget-wrap elementor-element-populated\">\n\t\t\t\t\t\t<div class=\"elementor-element elementor-element-3c243f6 elementor-widget elementor-widget-heading\" data-id=\"3c243f6\" data-element_type=\"widget\" data-widget_type=\"heading.default\">\n\t\t\t\t<div class=\"elementor-widget-container\">\n\t\t\t\t\t<h2 class=\"elementor-heading-title elementor-size-default\">D\u00e9claration de divulgation des risques<\/h2>\t\t\t\t<\/div>\n\t\t\t\t<\/div>\n\t\t\t\t<div class=\"elementor-element elementor-element-d4618c0 elementor-widget elementor-widget-text-editor\" data-id=\"d4618c0\" data-element_type=\"widget\" data-widget_type=\"text-editor.default\">\n\t\t\t\t<div class=\"elementor-widget-container\">\n\t\t\t\t\t\t\t\t\t<p>L&rsquo;objectif de la d\u00e9claration de divulgation des risques est de fournir au Client des conseils appropri\u00e9s sur la nature et les risques des types sp\u00e9cifiques d&rsquo;instruments financiers propos\u00e9s par la Soci\u00e9t\u00e9.<\/p><p>Le Client reconna\u00eet, comprend et accepte les risques d\u00e9crits ci-dessous.<\/p><p>D\u00e9claration<\/p><p>1. Le trading est tr\u00e8s sp\u00e9culatif et risqu\u00e9. Les contrats de diff\u00e9rence (\u00ab CFD \u00bb) sont des produits financiers complexes, dont la plupart n&rsquo;ont pas de date d&rsquo;\u00e9ch\u00e9ance fixe. Par cons\u00e9quent, une position CFD arrive \u00e0 \u00e9ch\u00e9ance \u00e0 la date \u00e0 laquelle vous choisissez de cl\u00f4turer une position ouverte existante. Les CFD, qui sont des produits \u00e0 effet de levier, comportent un niveau de risque \u00e9lev\u00e9 et peuvent entra\u00eener la perte de la totalit\u00e9 de votre capital investi. Le trading de CFD est hautement sp\u00e9culatif et ne convient donc qu&rsquo;aux clients qui :<\/p><p>a. comprennent et sont pr\u00eats \u00e0 assumer les risques \u00e9conomiques, juridiques et autres impliqu\u00e9s ;<\/p><p>b. sont financi\u00e8rement capables d&rsquo;assumer le risque de pertes \u00e0 hauteur de leur capital investi ; c. comprennent et connaissent les CFD et les actifs sous-jacents.<\/p><p>Le Client d\u00e9clare, garantit et accepte qu&rsquo;il comprend ces risques, qu&rsquo;il est dispos\u00e9 et capable, financi\u00e8rement et autrement, d&rsquo;assumer les risques li\u00e9s \u00e0 la n\u00e9gociation de CFD. Avant de d\u00e9cider de n\u00e9gocier, un client doit s&rsquo;assurer qu&rsquo;il comprend les risques encourus et prendre en compte son niveau d&rsquo;exp\u00e9rience, et si n\u00e9cessaire demander un avis ind\u00e9pendant. Le Client est responsable de toutes les pertes subies sur son compte. Par cons\u00e9quent, le Client doit \u00eatre pr\u00eat \u00e0 perdre tout le capital investi.<\/p><p>2. Lorsque vous n\u00e9gociez des CFD, vous devez prendre en consid\u00e9ration les principaux risques suivants\u00a0:<\/p><p>a. Les CFD3 sont des produits \u00e0 effet de levier\u00a0; par cons\u00e9quent, ils comportent un niveau de risque plus \u00e9lev\u00e9 pour votre capital que d&rsquo;autres produits financiers et peuvent entra\u00eener la perte de la totalit\u00e9 de votre capital investi. Cependant, il convient de noter que la Soci\u00e9t\u00e9 fonctionne sur la base d&rsquo;une \u00ab\u00a0protection contre le solde n\u00e9gatif\u00a0\u00bb, ce qui signifie que vous ne pouvez pas perdre plus que votre investissement initial\u00a0;<\/p><p>b. La valeur des CFD peut augmenter ou diminuer en fonction des conditions du march\u00e9, et le potentiel de profit doit \u00eatre mis en balance avec les pertes importantes qui peuvent \u00eatre g\u00e9n\u00e9r\u00e9es sur une tr\u00e8s courte p\u00e9riode de temps lors de la n\u00e9gociation de CFD\u00a0;<\/p><p>c. Le trading de CFD, contrairement au trading traditionnel, vous permet de n\u00e9gocier sur les march\u00e9s en ne payant qu&rsquo;une petite fraction de la valeur totale de la transaction. Cependant, cela implique qu&rsquo;un mouvement de march\u00e9 relativement faible peut entra\u00eener un mouvement proportionnellement beaucoup plus important de la valeur de votre position\u00a0;<\/p><p>d. Le Client doit s&rsquo;assurer qu&rsquo;il dispose d&rsquo;une marge suffisante sur son compte de trading, \u00e0 tout moment, afin de maintenir une position ouverte. En outre, le Client doit surveiller en permanence toutes les positions ouvertes afin d&rsquo;\u00e9viter que des positions ne soient ferm\u00e9es en raison de l&rsquo;indisponibilit\u00e9 des fonds\u00a0; il convient de noter que la Soci\u00e9t\u00e9 n&rsquo;est pas responsable de vous informer de tels cas.<\/p><p>3. Les prix sont fix\u00e9s par la Soci\u00e9t\u00e9 et peuvent \u00eatre diff\u00e9rents des prix indiqu\u00e9s ailleurs. La Soci\u00e9t\u00e9 fournira les prix \u00e0 utiliser pour la n\u00e9gociation et l&rsquo;\u00e9valuation des positions du Client conform\u00e9ment \u00e0 ses politiques et proc\u00e9dures de n\u00e9gociation. En tant que tels, ils peuvent ne pas correspondre directement aux niveaux de march\u00e9 en temps r\u00e9el au moment o\u00f9 la vente des options a lieu.<\/p><p>4. Ordres et ex\u00e9cution imm\u00e9diate. Les ordres de march\u00e9 sont ex\u00e9cut\u00e9s par t\u00e9l\u00e9phone via la salle des march\u00e9s de la Soci\u00e9t\u00e9 et sont termin\u00e9s lorsque l&rsquo;analyste de la Soci\u00e9t\u00e9 dit \u00ab deal \u00bb ou \u00ab done \u00bb apr\u00e8s que le Client a pass\u00e9 un ordre. Apr\u00e8s cette confirmation du gestionnaire, le Client a achet\u00e9 ou vendu et ne peut pas annuler l&rsquo;ordre. En passant des ordres via la salle des march\u00e9s de la Soci\u00e9t\u00e9, le Client accepte cette ex\u00e9cution imm\u00e9diate et accepte le risque de cette fonction d&rsquo;ex\u00e9cution imm\u00e9diate.<\/p><p>5. La Soci\u00e9t\u00e9 n&rsquo;est pas un conseiller ou un fiduciaire d&rsquo;un client. Lorsque la Soci\u00e9t\u00e9 fournit des recommandations de march\u00e9 g\u00e9n\u00e9riques, ces recommandations g\u00e9n\u00e9riques ne constituent pas une recommandation personnelle ou un conseil d&rsquo;investissement et ne tiennent pas compte des circonstances personnelles ou des objectifs d&rsquo;investissement du Client, ni une offre de n\u00e9gociation, ni la sollicitation d&rsquo;une offre de n\u00e9gociation. Chaque d\u00e9cision prise par le Client de n\u00e9gocier avec la Soci\u00e9t\u00e9 et chaque d\u00e9cision quant \u00e0 savoir si une transaction est appropri\u00e9e pour le Client est une d\u00e9cision ind\u00e9pendante prise par le Client. La Soci\u00e9t\u00e9 n&rsquo;agit pas en tant que conseiller. Le Client accepte que la Soci\u00e9t\u00e9 n&rsquo;a aucune obligation fiduciaire envers le Client et n&rsquo;est pas responsable des responsabilit\u00e9s, r\u00e9clamations, dommages, co\u00fbts et d\u00e9penses, y compris les honoraires d&rsquo;avocat, encourus en relation avec le Client suivant les recommandations commerciales g\u00e9n\u00e9riques de la Soci\u00e9t\u00e9 et prenant ou non toute mesure bas\u00e9e sur toute recommandation g\u00e9n\u00e9rique ou information fournie par la Soci\u00e9t\u00e9.<\/p><p>6. Les recommandations ne sont pas garanties. Les recommandations de march\u00e9 g\u00e9n\u00e9riques fournies par la Soci\u00e9t\u00e9 sont bas\u00e9es uniquement sur le jugement de son personnel et doivent \u00eatre consid\u00e9r\u00e9es comme telles. Le Client reconna\u00eet qu&rsquo;il conclut toute transaction en s&rsquo;appuyant sur son propre jugement. Toutes les recommandations de march\u00e9 fournies sont uniquement g\u00e9n\u00e9riques et peuvent ou non<\/p><p>ne sont pas conformes aux positions de march\u00e9 ou aux intentions de la Soci\u00e9t\u00e9 et\/ou de ses soci\u00e9t\u00e9s affili\u00e9es. Les recommandations de march\u00e9 g\u00e9n\u00e9riques de la Soci\u00e9t\u00e9 sont bas\u00e9es sur des informations consid\u00e9r\u00e9es comme fiables, mais la Soci\u00e9t\u00e9 ne peut pas et ne garantit pas l&rsquo;exactitude ou ne d\u00e9clare pas que le fait de suivre ces recommandations g\u00e9n\u00e9riques r\u00e9duira ou \u00e9liminera le risque inh\u00e9rent au trading.<\/p><p>7. Aucune garantie de profit. Il n&rsquo;y a aucune garantie de profit ni d&rsquo;\u00e9vitement de pertes lors de la n\u00e9gociation. Le Client n&rsquo;a re\u00e7u aucune garantie de ce type de la part de la Soci\u00e9t\u00e9 ou de l&rsquo;un de ses repr\u00e9sentants. Le Client est conscient des risques inh\u00e9rents au trading et est financi\u00e8rement capable de supporter ces risques et de supporter les pertes encourues.<\/p><p>8. Risques<\/p><p>a. Risques techniques &#8211; Trading sur Internet. Lorsque le Client n\u00e9gocie en ligne (via Internet), la Soci\u00e9t\u00e9 ne sera pas responsable des r\u00e9clamations, pertes, dommages, co\u00fbts ou d\u00e9penses caus\u00e9s, directement ou indirectement, par un dysfonctionnement ou une d\u00e9faillance de toute transmission, syst\u00e8me de communication, installation informatique ou logiciel de n\u00e9gociation, qu&rsquo;il appartienne \u00e0 la Soci\u00e9t\u00e9, au Client, \u00e0 une bourse ou \u00e0 tout syst\u00e8me de r\u00e8glement ou de compensation.<\/p><p>b. Conditions du march\u00e9. Le Client reconna\u00eet que dans des conditions de march\u00e9 anormales, la Soci\u00e9t\u00e9 peut \u00eatre incapable d&rsquo;ex\u00e9cuter les instructions du Client et que, par cons\u00e9quent, la p\u00e9riode pendant laquelle les Instructions et les Demandes sont ex\u00e9cut\u00e9es peut \u00eatre prolong\u00e9e.<\/p><p>c. Communication.<\/p><p>&#8211; La Soci\u00e9t\u00e9 n&rsquo;assume aucune responsabilit\u00e9 pour toute perte r\u00e9sultant d&rsquo;une communication retard\u00e9e ou non re\u00e7ue envoy\u00e9e au Client par la Soci\u00e9t\u00e9.<\/p><p>&#8211; La Soci\u00e9t\u00e9 n&rsquo;assume aucune responsabilit\u00e9 pour toute perte r\u00e9sultant d&rsquo;informations crypt\u00e9es envoy\u00e9es au Client par la Soci\u00e9t\u00e9, auxquelles on a acc\u00e9d\u00e9 par des moyens non autoris\u00e9s.<\/p><p>&#8211; La Soci\u00e9t\u00e9 n&rsquo;assume aucune responsabilit\u00e9 pour tout message interne non re\u00e7u ou non lu envoy\u00e9 au Client via la ou les plateformes de trading ; en cas de non-r\u00e9ception ou de non-lecture d&rsquo;un message dans les 3 (trois) jours calendaires, le message est automatiquement supprim\u00e9.<\/p><p>&#8211; Le Client est seul responsable de la confidentialit\u00e9 de toute information contenue dans la communication re\u00e7ue par la Soci\u00e9t\u00e9.<\/p><p>&#8211; La Soci\u00e9t\u00e9 n&rsquo;a aucune responsabilit\u00e9 concernant toute perte r\u00e9sultant d&rsquo;un acc\u00e8s autoris\u00e9\/non autoris\u00e9 \u00e0 toutes les informations entre la Soci\u00e9t\u00e9 et le Client par des tiers.<\/p><p>d. Taxes. Le Client doit s&rsquo;assurer que l&rsquo;investissement dans les CFD n&rsquo;est pas soumis \u00e0 la taxe et\/ou \u00e0 tout autre droit dans la juridiction du Client. Le Client est responsable de toutes les taxes et\/ou de tout autre droit pouvant s&rsquo;accumuler au titre de ses transactions.<\/p><p>9. Co\u00fbts, valeur de swap et autres consid\u00e9rations. Avant d&rsquo;investir dans des CFD, le Client doit \u00eatre conscient de tous les co\u00fbts impliqu\u00e9s, tels que les spreads, les commissions et les swaps. Aux fins de la pr\u00e9sente D\u00e9claration, un swap d\u00e9signe les int\u00e9r\u00eats ajout\u00e9s ou d\u00e9duits pour le maintien d&rsquo;une position ouverte pendant la nuit. Le swap pour une position ouverte le mercredi et maintenue ouverte pendant la nuit est trois fois sup\u00e9rieur \u00e0 celui des autres jours ; la raison en est que la date de valeur d&rsquo;une transaction ouverte pendant la nuit du mercredi serait normalement le samedi, mais comme les banques sont ferm\u00e9es, la date de valeur est le lundi et le client encourt 2 (deux) jours d&rsquo;int\u00e9r\u00eat suppl\u00e9mentaires. Du vendredi au lundi, le swap est factur\u00e9 une fois.<\/p><p>10. Erreurs du syst\u00e8me d&rsquo;expiration. En cas de d\u00e9faillance du syst\u00e8me d&rsquo;expiration pour une raison quelconque, il d\u00e9tectera automatiquement les options non expir\u00e9es et les fera expirer conform\u00e9ment aux taux stock\u00e9s historiquement dans les archives. Si une position n&rsquo;a pas expir\u00e9 \u00e0 temps, le syst\u00e8me enverra une notification au Risk Manager, d\u00e9taillant toutes les informations de position, afin qu&rsquo;elles soient r\u00e9solues manuellement.<\/p><p>En cas de difficult\u00e9s, veuillez contacter notre service client.<\/p>\t\t\t\t\t\t\t\t<\/div>\n\t\t\t\t<\/div>\n\t\t\t\t\t<\/div>\n\t\t<\/div>\n\t\t\t\t\t<\/div>\n\t\t<\/section>\n\t\t\t\t<\/div>\n\t\t","protected":false},"excerpt":{"rendered":"<p>D\u00e9claration de divulgation des risques L&rsquo;objectif de la d\u00e9claration de divulgation des risques est de fournir au Client des conseils appropri\u00e9s sur la nature et les risques des types sp\u00e9cifiques d&rsquo;instruments financiers propos\u00e9s par la Soci\u00e9t\u00e9. Le Client reconna\u00eet, comprend et accepte les risques d\u00e9crits ci-dessous. D\u00e9claration 1. Le trading est tr\u00e8s sp\u00e9culatif et risqu\u00e9. [&hellip;]<\/p>\n","protected":false},"author":1,"featured_media":0,"parent":0,"menu_order":0,"comment_status":"closed","ping_status":"closed","template":"","meta":{"footnotes":""},"class_list":["post-1455","page","type-page","status-publish","hentry"],"_links":{"self":[{"href":"https:\/\/globalvrtx.icu\/fr\/wp-json\/wp\/v2\/pages\/1455","targetHints":{"allow":["GET"]}}],"collection":[{"href":"https:\/\/globalvrtx.icu\/fr\/wp-json\/wp\/v2\/pages"}],"about":[{"href":"https:\/\/globalvrtx.icu\/fr\/wp-json\/wp\/v2\/types\/page"}],"author":[{"embeddable":true,"href":"https:\/\/globalvrtx.icu\/fr\/wp-json\/wp\/v2\/users\/1"}],"replies":[{"embeddable":true,"href":"https:\/\/globalvrtx.icu\/fr\/wp-json\/wp\/v2\/comments?post=1455"}],"version-history":[{"count":5,"href":"https:\/\/globalvrtx.icu\/fr\/wp-json\/wp\/v2\/pages\/1455\/revisions"}],"predecessor-version":[{"id":1878,"href":"https:\/\/globalvrtx.icu\/fr\/wp-json\/wp\/v2\/pages\/1455\/revisions\/1878"}],"wp:attachment":[{"href":"https:\/\/globalvrtx.icu\/fr\/wp-json\/wp\/v2\/media?parent=1455"}],"curies":[{"name":"wp","href":"https:\/\/api.w.org\/{rel}","templated":true}]}}