{"id":1395,"date":"2024-08-06T11:31:20","date_gmt":"2024-08-06T11:31:20","guid":{"rendered":"https:\/\/globalvrtx.icu\/?page_id=1395"},"modified":"2025-06-09T11:01:41","modified_gmt":"2025-06-09T11:01:41","slug":"privacy-policy-fr","status":"publish","type":"page","link":"https:\/\/globalvrtx.icu\/fr\/privacy-policy-fr\/","title":{"rendered":"Politique de confidentialit\u00e9"},"content":{"rendered":"\t\t<div data-elementor-type=\"wp-page\" data-elementor-id=\"1395\" class=\"elementor elementor-1395 elementor-1252\" data-elementor-post-type=\"page\">\n\t\t\t\t\t\t<section class=\"elementor-section elementor-top-section elementor-element elementor-element-aa87ee0 elementor-section-boxed elementor-section-height-default elementor-section-height-default\" data-id=\"aa87ee0\" data-element_type=\"section\">\n\t\t\t\t\t\t<div class=\"elementor-container elementor-column-gap-default\">\n\t\t\t\t\t<div class=\"elementor-column elementor-col-100 elementor-top-column elementor-element elementor-element-9926c8c\" data-id=\"9926c8c\" data-element_type=\"column\" data-settings=\"{&quot;background_background&quot;:&quot;classic&quot;}\">\n\t\t\t<div class=\"elementor-widget-wrap elementor-element-populated\">\n\t\t\t\t\t\t<div class=\"elementor-element elementor-element-95dec94 elementor-widget elementor-widget-heading\" data-id=\"95dec94\" data-element_type=\"widget\" data-widget_type=\"heading.default\">\n\t\t\t\t<div class=\"elementor-widget-container\">\n\t\t\t\t\t<h2 class=\"elementor-heading-title elementor-size-default\">Politique de confidentialit\u00e9<\/h2>\t\t\t\t<\/div>\n\t\t\t\t<\/div>\n\t\t\t\t<div class=\"elementor-element elementor-element-ea71f5c elementor-widget elementor-widget-text-editor\" data-id=\"ea71f5c\" data-element_type=\"widget\" data-widget_type=\"text-editor.default\">\n\t\t\t\t<div class=\"elementor-widget-container\">\n\t\t\t\t\t\t\t\t\t<p>Veuillez lire attentivement la politique de confidentialit\u00e9. Ce document fait partie int\u00e9grante de l&rsquo;accord entre vous (\u00e9galement appel\u00e9 \u00ab Utilisateur \u00bb) et la Soci\u00e9t\u00e9.<\/p><p>La politique de confidentialit\u00e9 d\u00e9crit les r\u00e8gles de travail de la Soci\u00e9t\u00e9 concernant vos donn\u00e9es personnelles. Les donn\u00e9es personnelles incluent toutes les donn\u00e9es de l&rsquo;Utilisateur qui l&rsquo;identifient en tant qu&rsquo;individu. Cette politique explique \u00e9galement l&rsquo;utilisation des donn\u00e9es personnelles que nous collectons lorsque vous utilisez nos services en communiquant avec nous par t\u00e9l\u00e9phone, par e-mail ou par d&rsquo;autres moyens. Cette politique vous informe du type d&rsquo;informations que nous collectons, avec qui nous les partageons et \u00e0 quelles fins, comment nous les prot\u00e9geons et quels sont vos droits pour pr\u00e9server la confidentialit\u00e9 de vos informations.<\/p><p>La soci\u00e9t\u00e9 prend au s\u00e9rieux la protection des donn\u00e9es personnelles de ses clients et la pr\u00e9servation des informations confidentielles. Pour \u00e9viter la perte d&rsquo;informations, leur utilisation abusive, leur alt\u00e9ration et l&rsquo;acc\u00e8s non autoris\u00e9 \u00e0 celles-ci par des tiers, nous nous conformons \u00e0 toutes les exigences, tant organisationnelles que techniques.<\/p><p>En acceptant la politique de confidentialit\u00e9, l&rsquo;utilisateur accepte la collecte, le stockage, l&rsquo;utilisation et la divulgation des donn\u00e9es personnelles conform\u00e9ment \u00e0 la pr\u00e9sente politique de confidentialit\u00e9 et \u00e0 la loi applicable. Vous pouvez retirer votre consentement et demander la suppression de vos donn\u00e9es personnelles en nous contactant.<\/p><p>Quelles donn\u00e9es personnelles la Soci\u00e9t\u00e9 collecte-t-elle\u00a0?<\/p><p>Vous pouvez nous fournir des informations d&rsquo;identification, de contact, financi\u00e8res et autres lorsque vous remplissez des formulaires en ligne ou nous envoyez des formulaires de demande par t\u00e9l\u00e9phone, ainsi que par e-mail lors de l&rsquo;autorisation dans le compte personnel ou d&rsquo;une autre mani\u00e8re. De plus, toutes les donn\u00e9es personnelles que vous fournissez dans les cas o\u00f9\u00a0: utilisez nos produits ou services\u00a0; enregistrez votre compte personnel sur notre site Web\u00a0; abonnez-vous \u00e0 nos publications ou \u00e0 des publications de tiers li\u00e9es \u00e0 nous\u00a0; acceptez de recevoir nos supports promotionnels et nos newsletters\u00a0; participez \u00e0 un concours, un programme de fid\u00e9lit\u00e9, des promotions sp\u00e9ciales ou des enqu\u00eates\u00a0; laissez des avis.<\/p><p>Sur les pages individuelles du site, des donn\u00e9es personnelles peuvent \u00eatre demand\u00e9es, que vous pouvez fournir si vous le souhaitez (par exemple, nous<\/p><p>pouvons demander des informations de contact pour enregistrer un compte personnel, vous inscrire \u00e0 des newsletters publicitaires et des notifications de notre part et\/ou pour que vous puissiez nous soumettre des candidatures).<\/p><p>Lorsque vous visitez notre site, certaines informations nous sont automatiquement envoy\u00e9es \u00e0 partir de vos appareils. Dans certaines juridictions, y compris l&rsquo;Union europ\u00e9enne, ces informations peuvent \u00eatre consid\u00e9r\u00e9es comme personnalis\u00e9es conform\u00e9ment \u00e0 certaines lois sur la protection des donn\u00e9es. Certaines de ces informations sont collect\u00e9es \u00e0 l&rsquo;aide de cookies. De plus amples informations sur les cookies que nous utilisons et les fins pour lesquelles ils sont utilis\u00e9s sont divulgu\u00e9es dans la Politique relative aux cookies.<\/p><p>Les informations personnelles qui peuvent \u00eatre collect\u00e9es par la Soci\u00e9t\u00e9 appartiennent aux cat\u00e9gories suivantes\u00a0: Informations que vous fournissez volontairement<\/p><p>Vous pouvez fournir \u00e0 la Soci\u00e9t\u00e9 vos donn\u00e9es personnelles, vos coordonn\u00e9es et vos donn\u00e9es financi\u00e8res, etc. en remplissant les formulaires en ligne, par t\u00e9l\u00e9phone, par e-mail ou par toute autre m\u00e9thode disponible.<\/p><p>En plus de ce qui pr\u00e9c\u00e8de, certaines parties du site Web de la Soci\u00e9t\u00e9 peuvent vous demander de fournir volontairement des informations personnelles. Les informations personnelles que vous \u00eates invit\u00e9 \u00e0 fournir, ainsi que les raisons pour lesquelles vous \u00eates invit\u00e9 \u00e0 les fournir, seront pr\u00e9cis\u00e9es par votre demande. Informations que la Soci\u00e9t\u00e9 collecte automatiquement<\/p><p>Lorsque vous visitez le site Web de la Soci\u00e9t\u00e9, certaines informations (telles que votre adresse IP, le type d&rsquo;appareil, le type de navigateur, etc.) sont envoy\u00e9es automatiquement depuis votre appareil. La Soci\u00e9t\u00e9 re\u00e7oit \u00e9galement des informations sur la mani\u00e8re dont votre appareil a interagi avec le site Web, y compris les liens suivis. La collecte de ces informations permet \u00e0 la Soci\u00e9t\u00e9 d&rsquo;effectuer des analyses des demandes des utilisateurs et des clients dans le but d&rsquo;am\u00e9liorer la qualit\u00e9 des produits et services disponibles.<\/p><p>Comment la Soci\u00e9t\u00e9 peut-elle utiliser vos donn\u00e9es personnelles\u00a0?<\/p><p>Vous envoyer des newsletters\u00a0; Fourniture appropri\u00e9e de nos services\u00a0;<\/p><p>Analyse et compr\u00e9hension de notre public afin d&rsquo;am\u00e9liorer le Service\u00a0;<\/p><p>Enqu\u00eater sur les violations de la pr\u00e9sente Politique de confidentialit\u00e9 pour garantir le respect, ainsi que pour prot\u00e9ger nos int\u00e9r\u00eats et nos droits.<\/p><p>Nous pouvons vous envoyer des lettres marketing contenant des informations sur nos Services que nous trouvons int\u00e9ressantes pour vous.<\/p><p>Les fins pour lesquelles nous utiliserons vos donn\u00e9es personnelles\u00a0: 1. Pour vous fournir un service client. Type de donn\u00e9es : informations d&rsquo;identification (nom, pr\u00e9nom, pays de r\u00e9sidence, adresse et autres informations similaires), coordonn\u00e9es (adresse e-mail, num\u00e9ro de t\u00e9l\u00e9phone, num\u00e9ro de messagerie, etc.), documents d&rsquo;identification nationaux (passeport, carte d&rsquo;identit\u00e9, permis de s\u00e9jour, etc.), informations financi\u00e8res (num\u00e9ro de compte bancaire, num\u00e9ro de carte bancaire et nom de son titulaire, documents prouvant l&rsquo;origine des fonds, etc.), signification politique (documents et renonciations), informations documentaires (copies de documents confirmant les informations fournies).<\/p><p>2. Gestion des risques, pr\u00e9vention du blanchiment d&rsquo;argent, r\u00e9ponse aux exigences r\u00e9glementaires et l\u00e9gales. Type de donn\u00e9es : transactionnelles, financi\u00e8res, d&rsquo;identit\u00e9.<\/p><p>3. Marketing. Type de donn\u00e9es : contacts, consentement et correspondance. Finalit\u00e9 : activit\u00e9s de marketing et pr\u00e9sentation d&rsquo;informations et<\/p><p>actualit\u00e9s sur les produits et services. Fondements juridiques : l&rsquo;ex\u00e9cution du contrat avec vous.<\/p><p>Quelles informations l&rsquo;entreprise peut-elle divulguer \u00e0 certains tiers ?<\/p><p>Nous ne transmettons pas d&rsquo;informations \u00e0 des entreprises, organisations et personnes ext\u00e9rieures \u00e0 la Soci\u00e9t\u00e9, sauf si l&rsquo;une des conditions suivantes s&rsquo;applique. Nous partagerons vos donn\u00e9es personnelles avec des entreprises, organisations ou personnes ext\u00e9rieures \u00e0 la Soci\u00e9t\u00e9 si nous pensons en toute conscience que l&rsquo;acc\u00e8s, l&rsquo;utilisation, le stockage ou la divulgation de donn\u00e9es personnelles est raisonnablement n\u00e9cessaire pour :<\/p><p>Le respect de toutes les lois, r\u00e9glementations, poursuites judiciaires ou demandes gouvernementales coercitives applicables ;<\/p><p>L&rsquo;application de la l\u00e9gislation en vigueur, y compris l&rsquo;enqu\u00eate sur d&rsquo;\u00e9ventuelles violations ; L&rsquo;identification, la pr\u00e9vention de la fraude, le soutien \u00e0 la s\u00e9curit\u00e9 ou la r\u00e9solution de probl\u00e8mes techniques ;<\/p><p>Prot\u00e9ger les droits, la propri\u00e9t\u00e9 ou la s\u00e9curit\u00e9 de la Soci\u00e9t\u00e9, de nos utilisateurs ou du public si n\u00e9cessaire ou dans les limites l\u00e9gales.<\/p><p>Les soci\u00e9t\u00e9s du groupe, les prestataires de services tiers et les partenaires qui fournissent \u00e0 la Soci\u00e9t\u00e9 des services de traitement de donn\u00e9es (par exemple, pour fournir des fonctionnalit\u00e9s ou aider \u00e0 am\u00e9liorer la s\u00e9curit\u00e9 du site Web de la Soci\u00e9t\u00e9) ou qui traitent autrement des informations personnelles aux fins d\u00e9crites dans la pr\u00e9sente Politique ;<\/p><p>Tout organisme comp\u00e9tent charg\u00e9 de l&rsquo;application de la loi, organisme de r\u00e9glementation ou gouvernemental, tribunal ou autre tiers, tel que permis par la loi.<\/p><p>Nous pouvons partager des informations identifiables en public et avec nos partenaires. Par exemple, nous pouvons publier des informations en public pour montrer les tendances de l&rsquo;utilisation globale de notre site Web.<\/p><p>Si la Soci\u00e9t\u00e9 participe \u00e0 la fusion, \u00e0 l&rsquo;acquisition ou \u00e0 la vente d&rsquo;actifs, nous continuerons \u00e0 garantir la confidentialit\u00e9 de toutes les donn\u00e9es personnelles et \u00e0 informer les utilisateurs avant que les donn\u00e9es personnelles ne soient transf\u00e9r\u00e9es ou ne soient soumises \u00e0 une autre politique de confidentialit\u00e9.<\/p><p>Nous ne partagerons pas votre nom, votre adresse e-mail ou d&rsquo;autres informations avec d&rsquo;autres utilisateurs.<\/p><p>Dans certaines conditions, nous pouvons transf\u00e9rer vos donn\u00e9es personnelles \u00e0 un tiers dans un autre pays pour un traitement ult\u00e9rieur conform\u00e9ment aux objectifs \u00e9nonc\u00e9s dans la pr\u00e9sente politique. Dans certains cas, cela peut inclure le transfert de donn\u00e9es vers des pays qui n&rsquo;offrent pas le m\u00eame niveau de protection que les lois de votre pays de r\u00e9sidence. Dans de tels cas, nous veillerons, conform\u00e9ment aux exigences l\u00e9gales, \u00e0 ce que vos droits \u00e0 la vie priv\u00e9e soient prot\u00e9g\u00e9s de mani\u00e8re ad\u00e9quate par des mesures techniques, organis\u00e9es, contractuelles ou autres mesures juridiques appropri\u00e9es.<\/p><p>De quels droits dispose l&rsquo;utilisateur ?<\/p><p>Pour envoyer une demande de correction de toute information inexacte et\/ou de compl\u00e9tude de toute information personnelle incompl\u00e8te. La Soci\u00e9t\u00e9 traitera ensuite la demande et informera les tiers \u00e0 qui ces informations personnelles pourraient avoir \u00e9t\u00e9 transmises conform\u00e9ment aux conditions \u00e9nonc\u00e9es dans la pr\u00e9sente Politique.<\/p><p>Pour demander l&rsquo;arr\u00eat du traitement des informations personnelles. Le refus du traitement des donn\u00e9es personnelles peut vous emp\u00eacher d&rsquo;acc\u00e9der \u00e0 des produits et services particuliers pour lesquels le traitement des informations personnelles est n\u00e9cessaire.<\/p><p>Pour demander l&rsquo;effacement de toutes vos informations personnelles, ce \u00e0 quoi la Soci\u00e9t\u00e9 doit se conformer, sauf s&rsquo;il existe une raison l\u00e9gale de ne pas le faire. Vous avez le droit de recevoir une copie des donn\u00e9es personnelles que nous avons \u00e0 votre sujet.<\/p><p>Vous avez le droit de demander que nous corrigions toute information inexacte et\/ou que nous compl\u00e9tions toute donn\u00e9e personnelle incompl\u00e8te. Nous corrigerons nos dossiers et informerons les tiers \u00e0 qui ces informations personnelles pourraient \u00eatre transf\u00e9r\u00e9es, comme d\u00e9crit ci-dessus.<\/p><p>Vous avez le droit de transf\u00e9rer \u00e0 une autre personne ou de demander une copie de toutes les donn\u00e9es personnelles que vous nous avez fournies, apr\u00e8s quoi nous transf\u00e9rerons ces donn\u00e9es \u00e0 un autre responsable du traitement de donn\u00e9es de votre choix.<\/p><p>Vous pouvez exercer ce droit en cliquant sur le lien \u00ab se d\u00e9sabonner \u00bb ou \u00ab se d\u00e9sinscrire \u00bb dans les courriers marketing que nous vous envoyons. Pour refuser de recevoir tout mat\u00e9riel marketing envoy\u00e9 par la Soci\u00e9t\u00e9.<\/p><p>Vous avez le droit de demander que nous cessions de traiter vos donn\u00e9es personnelles. Veuillez noter que cela peut vous emp\u00eacher d&rsquo;utiliser certains services pour lesquels le traitement de vos donn\u00e9es personnelles est n\u00e9cessaire.<\/p><p>Vous pouvez retirer votre consentement au traitement de vos donn\u00e9es personnelles \u00e0 tout moment. Cela n&rsquo;affectera pas la l\u00e9galit\u00e9 du traitement des donn\u00e9es auquel vous avez pr\u00e9c\u00e9demment consenti. Veuillez noter que si vous retirez votre consentement, cela peut vous emp\u00eacher d&rsquo;utiliser certaines des fonctionnalit\u00e9s de notre service qui n\u00e9cessitent le traitement de vos donn\u00e9es personnelles.<\/p><p>Vous avez le droit de d\u00e9poser une plainte aupr\u00e8s du superviseur. Mesures de s\u00e9curit\u00e9 de l&rsquo;entreprise<\/p><p>La Soci\u00e9t\u00e9 applique toutes les mesures techniques et administratives appropri\u00e9es afin de prot\u00e9ger les informations personnelles qu&rsquo;elle collecte et traite.<\/p><p>En particulier, la Soci\u00e9t\u00e9 : Stocke les donn\u00e9es personnelles sur des serveurs s\u00e9curis\u00e9s. Utilise des liens de transmission crypt\u00e9s.<\/p><p>Utilise d&rsquo;autres garanties\u00a0: pare-feu, syst\u00e8mes d&rsquo;authentification (par exemple, mots de passe) et m\u00e9canismes de contr\u00f4le d&rsquo;acc\u00e8s pour emp\u00eacher tout acc\u00e8s non autoris\u00e9 aux syst\u00e8mes et aux donn\u00e9es.<\/p><p>Examine r\u00e9guli\u00e8rement les m\u00e9thodes de collecte, de stockage et de traitement des informations, y compris les mesures de s\u00e9curit\u00e9 physique, pour emp\u00eacher tout acc\u00e8s non autoris\u00e9 aux syst\u00e8mes.<\/p>\t\t\t\t\t\t\t\t<\/div>\n\t\t\t\t<\/div>\n\t\t\t\t\t<\/div>\n\t\t<\/div>\n\t\t\t\t\t<\/div>\n\t\t<\/section>\n\t\t\t\t<\/div>\n\t\t","protected":false},"excerpt":{"rendered":"<p>Politique de confidentialit\u00e9 Veuillez lire attentivement la politique de confidentialit\u00e9. Ce document fait partie int\u00e9grante de l&rsquo;accord entre vous (\u00e9galement appel\u00e9 \u00ab Utilisateur \u00bb) et la Soci\u00e9t\u00e9. La politique de confidentialit\u00e9 d\u00e9crit les r\u00e8gles de travail de la Soci\u00e9t\u00e9 concernant vos donn\u00e9es personnelles. Les donn\u00e9es personnelles incluent toutes les donn\u00e9es de l&rsquo;Utilisateur qui l&rsquo;identifient en [&hellip;]<\/p>\n","protected":false},"author":1,"featured_media":0,"parent":0,"menu_order":0,"comment_status":"closed","ping_status":"closed","template":"","meta":{"footnotes":""},"class_list":["post-1395","page","type-page","status-publish","hentry"],"_links":{"self":[{"href":"https:\/\/globalvrtx.icu\/fr\/wp-json\/wp\/v2\/pages\/1395","targetHints":{"allow":["GET"]}}],"collection":[{"href":"https:\/\/globalvrtx.icu\/fr\/wp-json\/wp\/v2\/pages"}],"about":[{"href":"https:\/\/globalvrtx.icu\/fr\/wp-json\/wp\/v2\/types\/page"}],"author":[{"embeddable":true,"href":"https:\/\/globalvrtx.icu\/fr\/wp-json\/wp\/v2\/users\/1"}],"replies":[{"embeddable":true,"href":"https:\/\/globalvrtx.icu\/fr\/wp-json\/wp\/v2\/comments?post=1395"}],"version-history":[{"count":5,"href":"https:\/\/globalvrtx.icu\/fr\/wp-json\/wp\/v2\/pages\/1395\/revisions"}],"predecessor-version":[{"id":1876,"href":"https:\/\/globalvrtx.icu\/fr\/wp-json\/wp\/v2\/pages\/1395\/revisions\/1876"}],"wp:attachment":[{"href":"https:\/\/globalvrtx.icu\/fr\/wp-json\/wp\/v2\/media?parent=1395"}],"curies":[{"name":"wp","href":"https:\/\/api.w.org\/{rel}","templated":true}]}}