{"id":1362,"date":"2024-08-06T11:34:38","date_gmt":"2024-08-06T11:34:38","guid":{"rendered":"https:\/\/globalvrtx.icu\/?page_id=1362"},"modified":"2025-06-09T11:01:06","modified_gmt":"2025-06-09T11:01:06","slug":"know-your-customer-policy-fr","status":"publish","type":"page","link":"https:\/\/globalvrtx.icu\/fr\/know-your-customer-policy-fr\/","title":{"rendered":"Politique \u00abConnaissez votre client\u00bb"},"content":{"rendered":"\t\t<div data-elementor-type=\"wp-page\" data-elementor-id=\"1362\" class=\"elementor elementor-1362 elementor-1257\" data-elementor-post-type=\"page\">\n\t\t\t\t\t\t<section class=\"elementor-section elementor-top-section elementor-element elementor-element-5479f81 elementor-section-boxed elementor-section-height-default elementor-section-height-default\" data-id=\"5479f81\" data-element_type=\"section\">\n\t\t\t\t\t\t<div class=\"elementor-container elementor-column-gap-default\">\n\t\t\t\t\t<div class=\"elementor-column elementor-col-100 elementor-top-column elementor-element elementor-element-518d0bc\" data-id=\"518d0bc\" data-element_type=\"column\" data-settings=\"{&quot;background_background&quot;:&quot;classic&quot;}\">\n\t\t\t<div class=\"elementor-widget-wrap elementor-element-populated\">\n\t\t\t\t\t\t<div class=\"elementor-element elementor-element-d21933a elementor-widget elementor-widget-heading\" data-id=\"d21933a\" data-element_type=\"widget\" data-widget_type=\"heading.default\">\n\t\t\t\t<div class=\"elementor-widget-container\">\n\t\t\t\t\t<h2 class=\"elementor-heading-title elementor-size-default\">Politique de connaissance du client<\/h2>\t\t\t\t<\/div>\n\t\t\t\t<\/div>\n\t\t\t\t<div class=\"elementor-element elementor-element-0d95131 elementor-widget elementor-widget-text-editor\" data-id=\"0d95131\" data-element_type=\"widget\" data-widget_type=\"text-editor.default\">\n\t\t\t\t<div class=\"elementor-widget-container\">\n\t\t\t\t\t\t\t\t\t<p>La politique de connaissance du client (abr\u00e9g\u00e9 KYC) est un terme de r\u00e9glementation bancaire et boursi\u00e8re pour les institutions financi\u00e8res et autres soci\u00e9t\u00e9s travaillant avec des particuliers ; ce qui signifie qu&rsquo;elles doivent identifier la contrepartie, l&rsquo;ad\u00e9quation et les risques impliqu\u00e9s dans le maintien d&rsquo;une relation commerciale avant d&rsquo;effectuer une transaction financi\u00e8re.<\/p><p>Les politiques KYC sont devenues de plus en plus importantes dans le monde entier ces derniers temps, en particulier parmi les banques et autres institutions financi\u00e8res, afin de pr\u00e9venir le vol d&rsquo;identit\u00e9, le blanchiment d&rsquo;argent, la fraude financi\u00e8re et les activit\u00e9s terroristes.<\/p><p>L&rsquo;objectif des directives KYC est d&#8217;emp\u00eacher les entreprises d&rsquo;\u00eatre utilis\u00e9es par des \u00e9l\u00e9ments criminels pour le blanchiment d&rsquo;argent. Cela les aide \u00e0 g\u00e9rer leurs risques de mani\u00e8re judicieuse.<\/p><p>Afin de v\u00e9rifier l&rsquo;identit\u00e9 du client, nous demandons de fournir certains documents, conform\u00e9ment \u00e0 la politique internationale KYC.<\/p><p>La proc\u00e9dure de v\u00e9rification est tr\u00e8s simple et directe.<\/p><p>Le client doit fournir plusieurs documents pour compl\u00e9ter la proc\u00e9dure de v\u00e9rification du compte de trading :<\/p><p>1. Pi\u00e8ce d&rsquo;identit\u00e9<\/p><p>Vous pouvez fournir une pi\u00e8ce d&rsquo;identit\u00e9 d\u00e9livr\u00e9e par une autorit\u00e9 d&rsquo;\u00c9tat : a.<\/p><p>passeport (premi\u00e8re page compl\u00e8te) ;<\/p><p>b. permis de conduire (recto verso)\u00a0;<\/p><p>c. permis de s\u00e9jour temporaire (recto verso).<\/p><p>Veuillez noter qu&rsquo;un permis de conduire ne peut \u00eatre consid\u00e9r\u00e9 comme une preuve d&rsquo;identit\u00e9 que s&rsquo;il s&rsquo;agit d&rsquo;une carte en plastique et que toutes les informations qu&rsquo;il contient ne contiennent qu&rsquo;une translitt\u00e9ration latine.<\/p><p>2. Carte de cr\u00e9dit\/d\u00e9bit<\/p><p>Une copie de la carte de cr\u00e9dit ou de d\u00e9bit utilis\u00e9e pour d\u00e9poser des fonds. Les copies de la carte sont faites du recto verso. Les 12 premiers chiffres du recto et le code CVV au verso de la carte doivent \u00eatre recouverts\u00a0; la bande de signature, sur laquelle figure la signature du client, le nom du titulaire de la carte et les 4 derniers chiffres de la carte doivent \u00eatre clairement visibles.<\/p><p>3. Preuve de r\u00e9sidence<\/p><p>Un document confirmant l&rsquo;adresse du lieu de r\u00e9sidence r\u00e9el du client ou l&rsquo;adresse de facturation, comme des relev\u00e9s bancaires ou des factures de services publics \u00e9mises dans le pays de r\u00e9sidence permanente, dont l&rsquo;\u00e9mission ne d\u00e9passe pas 3 mois \u00e0 compter de la date de d\u00e9p\u00f4t.<\/p><p>a. Facture de services publics\u00a0;<\/p><p>b. Facture d&rsquo;\u00e9lectricit\u00e9\u00a0;<\/p><p>c. Relev\u00e9 bancaire\u00a0; d. D\u00e9claration de revenus\u00a0;<\/p><p>Si vous ne disposez pas de documents de cette liste contenant une translitt\u00e9ration latine, vous pouvez fournir les \u00e9l\u00e9ments suivants\u00a0: une attestation de votre lieu de travail\/d&rsquo;\u00e9tudes avec votre nom, votre adresse et les d\u00e9tails de votre emploi\/\u00e9tudes avec une signature et un cachet officiels.<\/p><p>Veuillez vous assurer que les documents que vous fournissez r\u00e9pondent aux exigences suivantes\u00a0:<\/p><p>a. Les documents doivent \u00eatre valides, leur dur\u00e9e de validit\u00e9 ne doit pas d\u00e9passer trois mois\u00a0; b. Un document confirmant le lieu de r\u00e9sidence doit contenir votre nom complet et votre adresse\u00a0;<\/p><p>c. Le document confirmant le lieu de r\u00e9sidence doit \u00eatre fourni sous la forme d&rsquo;une photographie ou d&rsquo;une copie scann\u00e9e du document original\u00a0;<\/p><p>d. Les documents ne doivent contenir que des caract\u00e8res latins\u00a0;<\/p><p>e. Le document confirmant le lieu de r\u00e9sidence doit contenir la date d&rsquo;\u00e9mission.<\/p><p>4. D\u00e9claration de d\u00e9p\u00f4t<\/p><p>La d\u00e9claration de d\u00e9p\u00f4t confirme que le client a effectu\u00e9 un d\u00e9p\u00f4t de son plein gr\u00e9 et que la carte utilis\u00e9e pour la transaction appartient<\/p><p>personnellement au client. (Le client re\u00e7oit ce document imm\u00e9diatement apr\u00e8s l&rsquo;activation du compte de trading).<\/p><p>Veuillez noter que les exigences r\u00e9glementaires diff\u00e8rent dans certains pays et que nous pouvons avoir besoin de demander des documents suppl\u00e9mentaires.<\/p><p>Assurez-vous que vos photos ou copies num\u00e9ris\u00e9es des documents r\u00e9pondent aux exigences suivantes\u00a0:<\/p><p>a. Les copies num\u00e9ris\u00e9es des documents doivent avoir une haute r\u00e9solution et \u00eatre en couleur, en noir et blanc, filigran\u00e9es, etc. ne sont pas accept\u00e9es\u00a0;<\/p><p>b. Les formats d&rsquo;image suivants sont autoris\u00e9s\u00a0: JPG, GIF, PNG, TIFF ou PDF\u00a0;<\/p><p>c. La taille du fichier ne doit pas d\u00e9passer 10\u00a0Mo\u00a0;<\/p><p>d. Les documents doivent contenir des caract\u00e8res latins ou avoir une translitt\u00e9ration latine\u00a0;<\/p><p>e. Arri\u00e8re-plan. Les bords des documents doivent \u00eatre clairement visibles sur un fond contrast\u00e9\u00a0;<\/p><p>f. En cas de mauvaise qualit\u00e9 des documents soumis, le service de v\u00e9rification<\/p><p>peut vous demander de soumettre \u00e0 nouveau les documents.<\/p><p>La proc\u00e9dure de v\u00e9rification ne prend g\u00e9n\u00e9ralement pas beaucoup de temps. Cependant, dans certains cas, elle peut prendre jusqu&rsquo;\u00e0 24\u00a0heures. Notre service de v\u00e9rification fera tout son possible pour examiner et accepter les informations que vous avez fournies dans les plus brefs d\u00e9lais.<\/p><p>Nous accordons la plus haute priorit\u00e9 \u00e0 la s\u00e9curit\u00e9 de la documentation et traitons tous les documents que nous recevons avec le plus grand respect et la plus grande confidentialit\u00e9. Tous les fichiers que nous obtenons sont enti\u00e8rement prot\u00e9g\u00e9s en utilisant le plus haut niveau de cryptage possible \u00e0 chaque \u00e9tape du processus de r\u00e9vision.<\/p><p>En cas de difficult\u00e9s, veuillez contacter notre service client.<\/p>\t\t\t\t\t\t\t\t<\/div>\n\t\t\t\t<\/div>\n\t\t\t\t\t<\/div>\n\t\t<\/div>\n\t\t\t\t\t<\/div>\n\t\t<\/section>\n\t\t\t\t<\/div>\n\t\t","protected":false},"excerpt":{"rendered":"<p>Politique de connaissance du client La politique de connaissance du client (abr\u00e9g\u00e9 KYC) est un terme de r\u00e9glementation bancaire et boursi\u00e8re pour les institutions financi\u00e8res et autres soci\u00e9t\u00e9s travaillant avec des particuliers ; ce qui signifie qu&rsquo;elles doivent identifier la contrepartie, l&rsquo;ad\u00e9quation et les risques impliqu\u00e9s dans le maintien d&rsquo;une relation commerciale avant d&rsquo;effectuer une [&hellip;]<\/p>\n","protected":false},"author":1,"featured_media":0,"parent":0,"menu_order":0,"comment_status":"closed","ping_status":"closed","template":"","meta":{"footnotes":""},"class_list":["post-1362","page","type-page","status-publish","hentry"],"_links":{"self":[{"href":"https:\/\/globalvrtx.icu\/fr\/wp-json\/wp\/v2\/pages\/1362","targetHints":{"allow":["GET"]}}],"collection":[{"href":"https:\/\/globalvrtx.icu\/fr\/wp-json\/wp\/v2\/pages"}],"about":[{"href":"https:\/\/globalvrtx.icu\/fr\/wp-json\/wp\/v2\/types\/page"}],"author":[{"embeddable":true,"href":"https:\/\/globalvrtx.icu\/fr\/wp-json\/wp\/v2\/users\/1"}],"replies":[{"embeddable":true,"href":"https:\/\/globalvrtx.icu\/fr\/wp-json\/wp\/v2\/comments?post=1362"}],"version-history":[{"count":5,"href":"https:\/\/globalvrtx.icu\/fr\/wp-json\/wp\/v2\/pages\/1362\/revisions"}],"predecessor-version":[{"id":1873,"href":"https:\/\/globalvrtx.icu\/fr\/wp-json\/wp\/v2\/pages\/1362\/revisions\/1873"}],"wp:attachment":[{"href":"https:\/\/globalvrtx.icu\/fr\/wp-json\/wp\/v2\/media?parent=1362"}],"curies":[{"name":"wp","href":"https:\/\/api.w.org\/{rel}","templated":true}]}}