{"id":1332,"date":"2024-08-05T11:50:41","date_gmt":"2024-08-05T11:50:41","guid":{"rendered":"https:\/\/globalvrtx.icu\/?page_id=1332"},"modified":"2025-06-09T11:00:40","modified_gmt":"2025-06-09T11:00:40","slug":"deposit-and-withdrawal-policy-fr","status":"publish","type":"page","link":"https:\/\/globalvrtx.icu\/fr\/deposit-and-withdrawal-policy-fr\/","title":{"rendered":"Politique de d\u00e9p\u00f4t et de retrait"},"content":{"rendered":"\t\t<div data-elementor-type=\"wp-page\" data-elementor-id=\"1332\" class=\"elementor elementor-1332 elementor-1219\" data-elementor-post-type=\"page\">\n\t\t\t\t\t\t<section class=\"elementor-section elementor-top-section elementor-element elementor-element-7f87b49 elementor-section-boxed elementor-section-height-default elementor-section-height-default\" data-id=\"7f87b49\" data-element_type=\"section\">\n\t\t\t\t\t\t<div class=\"elementor-container elementor-column-gap-default\">\n\t\t\t\t\t<div class=\"elementor-column elementor-col-100 elementor-top-column elementor-element elementor-element-2546387\" data-id=\"2546387\" data-element_type=\"column\" data-settings=\"{&quot;background_background&quot;:&quot;classic&quot;}\">\n\t\t\t<div class=\"elementor-widget-wrap elementor-element-populated\">\n\t\t\t\t\t\t<div class=\"elementor-element elementor-element-a568ae1 elementor-widget elementor-widget-heading\" data-id=\"a568ae1\" data-element_type=\"widget\" data-widget_type=\"heading.default\">\n\t\t\t\t<div class=\"elementor-widget-container\">\n\t\t\t\t\t<h2 class=\"elementor-heading-title elementor-size-default\">Politique de d\u00e9p\u00f4t et de retrait<\/h2>\t\t\t\t<\/div>\n\t\t\t\t<\/div>\n\t\t\t\t<div class=\"elementor-element elementor-element-128bb07 elementor-widget elementor-widget-text-editor\" data-id=\"128bb07\" data-element_type=\"widget\" data-widget_type=\"text-editor.default\">\n\t\t\t\t<div class=\"elementor-widget-container\">\n\t\t\t\t\t\t\t\t\t<p>Politique de d\u00e9p\u00f4t et de retrait<\/p><p>Ces conditions g\u00e9n\u00e9rales s&rsquo;appliquent \u00e0 tous les transferts effectu\u00e9s par les clients ou \u00e0 tout d\u00e9p\u00f4t ou retrait de fonds mon\u00e9taires sur le compte de trading du client qui a \u00e9t\u00e9 ouvert.<\/p><p>La n\u00e9gociation de toute opportunit\u00e9 d&rsquo;investissement susceptible de g\u00e9n\u00e9rer des b\u00e9n\u00e9fices n\u00e9cessite que les clients d\u00e9posent de l&rsquo;argent sur leur compte de trading. Les b\u00e9n\u00e9fices peuvent \u00eatre retir\u00e9s du compte en ligne. Les d\u00e9p\u00f4ts et les retraits sont r\u00e9gis par cette politique ainsi que par les conditions g\u00e9n\u00e9rales applicables.<\/p><p>Il est simple et direct de d\u00e9poser et de retirer des fonds sur et depuis votre compte de trading.<\/p><p>Approvisionnement du compte<\/p><p>Vous, le client, devez effectuer tous les d\u00e9p\u00f4ts \u00e0 partir d&rsquo;une source particuli\u00e8re (par exemple, un compte bancaire unique). Si vous souhaitez commencer \u00e0 trader, vous devez vous assurer que ce compte est dans votre pays de r\u00e9sidence et \u00e0 votre nom. Afin de certifier qu&rsquo;une transaction est authentique, elle doit nous \u00eatre envoy\u00e9e pour confirmer l&rsquo;origine des fonds qui seront utilis\u00e9s pour le trading.<\/p><p>Le Client peut transf\u00e9rer des fonds \u00e0 la Soci\u00e9t\u00e9 avec diff\u00e9rentes m\u00e9thodes de paiement autoris\u00e9es par la Soci\u00e9t\u00e9 de temps \u00e0 autre et dans n&rsquo;importe quelle devise (accept\u00e9e par la Soci\u00e9t\u00e9), et ces fonds seront convertis et g\u00e9r\u00e9s sur la Plateforme de Trading en dollars am\u00e9ricains et\/ou en euros et\/ou en GBP, comme d\u00e9termin\u00e9<\/p><p>par la Soci\u00e9t\u00e9, selon un taux de change d\u00e9termin\u00e9 par la<\/p><p>Soci\u00e9t\u00e9 selon les taux du march\u00e9 disponibles. R\u00e8glements sur le financement des comptes<\/p><p>D\u00e9p\u00f4t : Les clients peuvent d\u00e9poser les fonds via la proc\u00e9dure ci-dessous sur notre compte bancaire (virement bancaire\/virement bancaire), tout portefeuille crypto l\u00e9gitime ou carte bancaire (cr\u00e9dit\/d\u00e9bit).<\/p><p>Confirmer le d\u00e9p\u00f4t : Apr\u00e8s avoir d\u00e9pos\u00e9 ou transf\u00e9r\u00e9 le montant sur notre compte, veuillez conserver le bulletin de paie et l&rsquo;envoyer \u00e0 notre service de r\u00e8glement.<\/p><p>Recevoir le relev\u00e9 quotidien : Une fois le paiement re\u00e7u confirm\u00e9, nous mettrons \u00e0 jour la transaction dans votre relev\u00e9 quotidien avec le jour et l&rsquo;heure correspondants. Si vous ne recevez pas le relev\u00e9 quotidien ou ne trouvez pas la transaction de d\u00e9p\u00f4t, veuillez contacter votre responsable personnel ou notre service d&rsquo;assistance client\u00e8le d\u00e8s que possible.<\/p><p>Veuillez pr\u00e9voir jusqu&rsquo;\u00e0 5 jours ouvrables pour que les fonds d\u00e9pos\u00e9s par virement bancaire\/virement apparaissent sur votre compte de trading. Veuillez noter que toutes les transactions doivent \u00eatre sous le contr\u00f4le de votre gestionnaire personnel afin d&rsquo;\u00e9viter tout retard et tout probl\u00e8me. Le montant minimum du d\u00e9p\u00f4t (pour les cartes de cr\u00e9dit\/d\u00e9bit) est de 250 USD\/le montant maximum du d\u00e9p\u00f4t est illimit\u00e9.<\/p><p>Le Client n&rsquo;aura aucune r\u00e9clamation contre la Soci\u00e9t\u00e9 et ne tiendra pas la Soci\u00e9t\u00e9 responsable de tout retard et\/ou diff\u00e9rence provenant du calcul des taux et\/ou de la commission d&rsquo;une soci\u00e9t\u00e9 de cr\u00e9dit, d&rsquo;une banque ou d&rsquo;autres institutions financi\u00e8res et\/ou de tout autre d\u00e9bit.<\/p><p>Le Client d\u00e9clare que tous les fonds qu&rsquo;il transf\u00e8re \u00e0 la Soci\u00e9t\u00e9 ne proviennent d&rsquo;aucune activit\u00e9 criminelle ou autre activit\u00e9 ill\u00e9gale et sans aucune violation des lois et r\u00e9glementations applicables en mati\u00e8re de lutte contre le blanchiment d&rsquo;argent.<\/p><p>Si vous ne respectez pas cette politique, vous risquez de ne pas pouvoir d\u00e9poser les fonds.<\/p><p>Retrait<\/p><p>Conform\u00e9ment aux r\u00e8gles et r\u00e9glementations AML g\u00e9n\u00e9ralement acceptables, les retraits doivent \u00eatre effectu\u00e9s uniquement via le m\u00eame compte bancaire ou la m\u00eame carte de cr\u00e9dit\/d\u00e9bit que celle utilis\u00e9e par le client pour d\u00e9poser les fonds.<\/p><p>Sauf accord contraire de notre part, les retraits du compte ne peuvent \u00eatre effectu\u00e9s que dans la m\u00eame devise FIAT dans laquelle le d\u00e9p\u00f4t respectif a \u00e9t\u00e9 effectu\u00e9. De plus, lorsque vous d\u00e9posez ou retirez de l&rsquo;argent \u00e0 des fins de trading en utilisant d&rsquo;autres m\u00e9thodes de paiement FIAT, vous devez savoir que des frais et restrictions suppl\u00e9mentaires peuvent s&rsquo;appliquer. Les retraits sont soumis \u00e0 des frais de traitement et de gestion des retraits. Ces frais seront d\u00e9duits du montant retir\u00e9 transf\u00e9r\u00e9. Sans d\u00e9roger \u00e0 ce qui pr\u00e9c\u00e8de, nous pouvons effectuer des retraits vers une installation diff\u00e9rente de celle utilis\u00e9e pour le d\u00e9p\u00f4t, conform\u00e9ment \u00e0 la r\u00e9glementation anti-blanchiment d&rsquo;argent. De plus, en ce qui concerne les retraits, le client peut \u00eatre tenu de pr\u00e9senter des informations et des documents suppl\u00e9mentaires. R\u00e8glement sur les retraits<\/p><p>Afin de traiter votre demande de retrait, vous devez : Vous connecter \u00e0 votre compte via le site Web. Ouvrir une demande de retrait depuis l&rsquo;espace client. Remplir le formulaire de retrait.<\/p><p>Imprimer le formulaire de retrait. Signer le formulaire imprim\u00e9.<\/p><p>Tous les documents de conformit\u00e9 doivent avoir \u00e9t\u00e9 re\u00e7us et approuv\u00e9s par le responsable de la conformit\u00e9 afin de proc\u00e9der au retrait.<\/p><p>B\u00e9n\u00e9ficiaire<\/p><p>Le nom doit correspondre au nom du compte de trading. Les demandes de transfert de fonds \u00e0 des tiers ne seront pas trait\u00e9es. Le remboursement de tout fonds par virement bancaire par la Soci\u00e9t\u00e9 au Client sera<\/p><p>dans la m\u00eame devise et sur le m\u00eame compte\/carte de cr\u00e9dit \u00e0 partir duquel les fonds ont \u00e9t\u00e9 initialement transf\u00e9r\u00e9s, \u00e0 moins que la Soci\u00e9t\u00e9 n&rsquo;ait d\u00e9cid\u00e9, de sa propre initiative, de restituer les fonds sur un autre compte du Client.<\/p><p>Le Client n&rsquo;aura aucune r\u00e9clamation \u00e0 faire \u00e0 la Soci\u00e9t\u00e9 et ne tiendra pas la Soci\u00e9t\u00e9 responsable de tout retard et\/ou diff\u00e9rence provenant du calcul des taux et\/ou des commissions d&rsquo;une soci\u00e9t\u00e9 de cr\u00e9dit, d&rsquo;une banque ou d&rsquo;autres institutions financi\u00e8res<\/p><p>\/ou tout autre d\u00e9bit.<\/p><p>Si le Client donne l&rsquo;ordre de retirer des fonds du Compte de Trading, le service financier supervise chaque demande de retrait soumise. Des documents d&rsquo;identification doivent \u00eatre soumis pour traiter tout retrait.<\/p><p>La Soci\u00e9t\u00e9 peut annuler l&rsquo;ordre de retrait du Client si, selon la discr\u00e9tion de la Soci\u00e9t\u00e9, les fonds restants (apr\u00e8s le retrait) ne sont pas suffisants pour garantir la ou les Positions ouvertes sur le Compte de Trading.<\/p><p>La soci\u00e9t\u00e9 n&rsquo;assume aucune responsabilit\u00e9 pour les retards de retrait dus aux politiques de tiers (banques, soci\u00e9t\u00e9s de cartes de cr\u00e9dit ou autres prestataires de services), ni \u00e0 des \u00e9v\u00e9nements de force majeure qui ne sont pas sous le contr\u00f4le de la soci\u00e9t\u00e9.<\/p><p>D\u00e9lai de traitement des retraits<\/p><p>Le temps n\u00e9cessaire pour que l&rsquo;argent atteigne votre carte de cr\u00e9dit\/d\u00e9bit ou le compte bancaire qui a \u00e9t\u00e9 utilis\u00e9 pour d\u00e9poser des fonds peut varier (g\u00e9n\u00e9ralement jusqu&rsquo;\u00e0 cinq jours ouvrables). Notez que les retraits sur les comptes bancaires peuvent prendre plus de temps en raison des proc\u00e9dures de s\u00e9curit\u00e9 suppl\u00e9mentaires en vigueur.<\/p><p>La demande sera g\u00e9n\u00e9ralement trait\u00e9e dans un d\u00e9lai de 4 \u00e0 7 jours ouvrables. Afin d&rsquo;\u00e9viter tout retard, veuillez v\u00e9rifier attentivement vos informations avant de soumettre la demande. Nous n&rsquo;assumons aucune responsabilit\u00e9 pour les erreurs ou inexactitudes commises par le titulaire du compte. Nous ne pouvons pas surveiller et ne sommes en aucun cas responsables des proc\u00e9dures internes de la soci\u00e9t\u00e9 de carte de cr\u00e9dit\/d\u00e9bit du client ou de la banque. Le client doit effectuer un suivi aupr\u00e8s de la carte de cr\u00e9dit ou de la banque concern\u00e9e de mani\u00e8re ind\u00e9pendante.<\/p><p>Les fonds sont d\u00e9bloqu\u00e9s sur votre compte de carte de cr\u00e9dit\/d\u00e9bit une fois que votre commer\u00e7ant de carte de cr\u00e9dit\/d\u00e9bit a d\u00e9bit\u00e9 les fonds de notre compte. Ce processus peut prendre jusqu&rsquo;\u00e0 5 jours ouvrables ou plus pour se refl\u00e9ter sur le solde de votre compte de carte de cr\u00e9dit\/d\u00e9bit. Si vous n&rsquo;avez pas acc\u00e8s en ligne \u00e0 votre carte de cr\u00e9dit\/d\u00e9bit, elle devrait appara\u00eetre sur le(s) prochain(s) relev\u00e9(s) de facturation en fonction du cycle de facturation de votre carte.<\/p><p>Veuillez noter clairement que nous ne nous engageons \u00e0 aucun d\u00e9lai et que tous les frais suppl\u00e9mentaires impos\u00e9s par des tiers seront d\u00e9duits du d\u00e9p\u00f4t ou du retrait, selon le cas.<\/p><p>Frais et charges suppl\u00e9mentaires<\/p><p>Si la banque r\u00e9ceptrice utilise une banque interm\u00e9diaire pour envoyer\/recevoir des fonds, vous pouvez encourir des frais suppl\u00e9mentaires factur\u00e9s par la banque interm\u00e9diaire. Ces frais sont g\u00e9n\u00e9ralement factur\u00e9s pour la transmission du virement pour votre banque. Nous ne sommes pas impliqu\u00e9s dans ces frais suppl\u00e9mentaires et n&rsquo;avons aucun contr\u00f4le sur eux.<\/p><p>Veuillez contacter votre institution financi\u00e8re pour plus d&rsquo;informations.<\/p><p>Tous les d\u00e9p\u00f4ts effectu\u00e9s aupr\u00e8s de la soci\u00e9t\u00e9 par carte de cr\u00e9dit ou virement bancaire ne sont pas soumis \u00e0 des frais de la part de la soci\u00e9t\u00e9. Les clients peuvent voir des frais leur \u00eatre factur\u00e9s et ces frais seront pr\u00e9lev\u00e9s par la banque du client.<\/p><p>Conform\u00e9ment aux r\u00e9glementations en vigueur, des frais d&rsquo;inactivit\u00e9 peuvent \u00eatre factur\u00e9s sur votre compte de trading. Des commissions seront d\u00e9duites du solde de votre compte chaque mois, jusqu&rsquo;\u00e0 ce que vous repreniez l&rsquo;activit\u00e9 de votre compte ou jusqu&rsquo;\u00e0 ce que le solde atteigne z\u00e9ro. Veuillez contacter votre responsable personnel pour plus de d\u00e9tails.<\/p><p>Fonds non d\u00e9pos\u00e9s<\/p><p>Les fonds apparaissant sur le compte des clients peuvent inclure des bonus et des incitations convenus ou volontaires, ou toute autre somme non directement d\u00e9pos\u00e9e par le client ou gagn\u00e9e gr\u00e2ce au trading sur le compte de fonds r\u00e9ellement d\u00e9pos\u00e9s<\/p><p>(\u00ab Fonds non d\u00e9pos\u00e9s \u00bb). Veuillez noter que, sauf accord explicite contraire, les fonds non d\u00e9pos\u00e9s ne sont pas disponibles pour retrait. En outre, en raison de limitations techniques, des fonds non d\u00e9pos\u00e9s peuvent \u00eatre affect\u00e9s au compte du client dans certaines circonstances (par exemple, dans le but technique de permettre la cl\u00f4ture de positions ou d&rsquo;un compte endett\u00e9).<\/p><p>Sans d\u00e9roger \u00e0 ce qui pr\u00e9c\u00e8de, les bonus \u00e9mis au client par la soci\u00e9t\u00e9 ne peuvent \u00eatre retir\u00e9s que sous r\u00e9serve de l&rsquo;ex\u00e9cution d&rsquo;un volume de n\u00e9gociation minimum de 25 fois le montant du d\u00e9p\u00f4t plus le bonus \u00e9mis (\u00ab Volume de n\u00e9gociation minimum \u00bb).<\/p><p>Fonds bonus<\/p><p>La soci\u00e9t\u00e9 peut offrir un certain nombre de fonctionnalit\u00e9s de r\u00e9compense attrayantes, notamment des bonus de bienvenue, des concours et des r\u00e9compenses aux clients nouveaux ou existants.<\/p><p>Les bonus et les cr\u00e9dits de trading offerts aux clients font partie des programmes de promotion de la soci\u00e9t\u00e9. Ces bonus sont des offres \u00e0 dur\u00e9e limit\u00e9e et les conditions g\u00e9n\u00e9rales associ\u00e9es \u00e0 toute r\u00e9compense bonus sont susceptibles d&rsquo;\u00eatre modifi\u00e9es de temps \u00e0 autre.<\/p><p>Les bonus et les b\u00e9n\u00e9fices bas\u00e9s, m\u00eame partiellement, sur l&rsquo;utilisation du cr\u00e9dit bonus seront perdus si la soci\u00e9t\u00e9 soup\u00e7onne un acte de fraude ou une violation des conditions g\u00e9n\u00e9rales de la soci\u00e9t\u00e9 par le client.<\/p><p>Les fonds ne peuvent \u00eatre retir\u00e9s que lorsque la stipulation pr\u00e9c\u00e9dente a \u00e9t\u00e9 enti\u00e8rement respect\u00e9e et r\u00e9alis\u00e9e. Tous les bonus de trading sont d\u00e9finitifs et un bonus de trading ne peut pas \u00eatre supprim\u00e9 une fois qu&rsquo;il a \u00e9t\u00e9 cr\u00e9dit\u00e9 sur un compte.<\/p><p>Transactions par carte de cr\u00e9dit\/d\u00e9bit<\/p><p>Pour les d\u00e9p\u00f4ts par carte de cr\u00e9dit\/d\u00e9bit, lorsque vous choisissez un compte dans une devise autre que l&rsquo;USD (dollar des \u00c9tats-Unis), votre carte de cr\u00e9dit\/d\u00e9bit sera d\u00e9bit\u00e9e correctement en fonction du montant d\u00e9pos\u00e9 et des taux de change applicables. En plus de la somme d\u00e9pos\u00e9e \u00e9chang\u00e9e, des frais de carte de cr\u00e9dit suppl\u00e9mentaires peuvent s&rsquo;appliquer (par cons\u00e9quent, dans de tels cas, vous pouvez remarquer des \u00e9carts entre la somme du d\u00e9p\u00f4t et la somme<\/p>\t\t\t\t\t\t\t\t<\/div>\n\t\t\t\t<\/div>\n\t\t\t\t\t<\/div>\n\t\t<\/div>\n\t\t\t\t\t<\/div>\n\t\t<\/section>\n\t\t\t\t<\/div>\n\t\t","protected":false},"excerpt":{"rendered":"<p>Politique de d\u00e9p\u00f4t et de retrait Politique de d\u00e9p\u00f4t et de retrait Ces conditions g\u00e9n\u00e9rales s&rsquo;appliquent \u00e0 tous les transferts effectu\u00e9s par les clients ou \u00e0 tout d\u00e9p\u00f4t ou retrait de fonds mon\u00e9taires sur le compte de trading du client qui a \u00e9t\u00e9 ouvert. La n\u00e9gociation de toute opportunit\u00e9 d&rsquo;investissement susceptible de g\u00e9n\u00e9rer des b\u00e9n\u00e9fices [&hellip;]<\/p>\n","protected":false},"author":1,"featured_media":0,"parent":0,"menu_order":0,"comment_status":"closed","ping_status":"closed","template":"","meta":{"footnotes":""},"class_list":["post-1332","page","type-page","status-publish","hentry"],"_links":{"self":[{"href":"https:\/\/globalvrtx.icu\/fr\/wp-json\/wp\/v2\/pages\/1332","targetHints":{"allow":["GET"]}}],"collection":[{"href":"https:\/\/globalvrtx.icu\/fr\/wp-json\/wp\/v2\/pages"}],"about":[{"href":"https:\/\/globalvrtx.icu\/fr\/wp-json\/wp\/v2\/types\/page"}],"author":[{"embeddable":true,"href":"https:\/\/globalvrtx.icu\/fr\/wp-json\/wp\/v2\/users\/1"}],"replies":[{"embeddable":true,"href":"https:\/\/globalvrtx.icu\/fr\/wp-json\/wp\/v2\/comments?post=1332"}],"version-history":[{"count":5,"href":"https:\/\/globalvrtx.icu\/fr\/wp-json\/wp\/v2\/pages\/1332\/revisions"}],"predecessor-version":[{"id":1871,"href":"https:\/\/globalvrtx.icu\/fr\/wp-json\/wp\/v2\/pages\/1332\/revisions\/1871"}],"wp:attachment":[{"href":"https:\/\/globalvrtx.icu\/fr\/wp-json\/wp\/v2\/media?parent=1332"}],"curies":[{"name":"wp","href":"https:\/\/api.w.org\/{rel}","templated":true}]}}