{"id":1302,"date":"2024-08-06T11:21:38","date_gmt":"2024-08-06T11:21:38","guid":{"rendered":"https:\/\/globalvrtx.icu\/?page_id=1302"},"modified":"2025-06-09T11:00:29","modified_gmt":"2025-06-09T11:00:29","slug":"cookies-policy-fr","status":"publish","type":"page","link":"https:\/\/globalvrtx.icu\/fr\/cookies-policy-fr\/","title":{"rendered":"Politique relative aux cookies"},"content":{"rendered":"\t\t<div data-elementor-type=\"wp-page\" data-elementor-id=\"1302\" class=\"elementor elementor-1302 elementor-1232\" data-elementor-post-type=\"page\">\n\t\t\t\t\t\t<section class=\"elementor-section elementor-top-section elementor-element elementor-element-ee9e514 elementor-section-boxed elementor-section-height-default elementor-section-height-default\" data-id=\"ee9e514\" data-element_type=\"section\">\n\t\t\t\t\t\t<div class=\"elementor-container elementor-column-gap-default\">\n\t\t\t\t\t<div class=\"elementor-column elementor-col-100 elementor-top-column elementor-element elementor-element-aae0398\" data-id=\"aae0398\" data-element_type=\"column\" data-settings=\"{&quot;background_background&quot;:&quot;classic&quot;}\">\n\t\t\t<div class=\"elementor-widget-wrap elementor-element-populated\">\n\t\t\t\t\t\t<div class=\"elementor-element elementor-element-75021e6 elementor-widget elementor-widget-heading\" data-id=\"75021e6\" data-element_type=\"widget\" data-widget_type=\"heading.default\">\n\t\t\t\t<div class=\"elementor-widget-container\">\n\t\t\t\t\t<h2 class=\"elementor-heading-title elementor-size-default\">Politique de cookies<\/h2>\t\t\t\t<\/div>\n\t\t\t\t<\/div>\n\t\t\t\t<div class=\"elementor-element elementor-element-da083e0 elementor-widget elementor-widget-text-editor\" data-id=\"da083e0\" data-element_type=\"widget\" data-widget_type=\"text-editor.default\">\n\t\t\t\t<div class=\"elementor-widget-container\">\n\t\t\t\t\t\t\t\t\t<p>Qu&rsquo;est-ce qu&rsquo;une politique de cookies ?<\/p><p>Une politique de cookies est la politique dans laquelle les utilisateurs peuvent trouver des informations d\u00e9taill\u00e9es sur les types de cookies qu&rsquo;un site Web utilise, comment ces cookies sont utilis\u00e9s et comment les utilisateurs peuvent contr\u00f4ler le placement des cookies en limitant ou en interdisant \u00e0 un site Web de placer des cookies sur son appareil \u00e9lectronique.<\/p><p>Que sont les cookies ?<\/p><p>Les cookies sont de petits fichiers texte plac\u00e9s sur votre ordinateur par les sites Web que vous visitez. Ils sont largement utilis\u00e9s pour permettre aux sites Web de fonctionner en g\u00e9n\u00e9ral ou de fonctionner plus efficacement, ainsi que pour fournir les informations n\u00e9cessaires aux propri\u00e9taires de sites Web. L&rsquo;utilisation de cookies est actuellement la pratique standard pour la plupart des sites Web.<\/p><p>G\u00e9rer les cookies sur votre appareil ?<\/p><p>Nous utilisons des cookies pour personnaliser le contenu et am\u00e9liorer l&rsquo;exp\u00e9rience utilisateur. En naviguant sur ce site Web, vous consentez \u00e0 l&rsquo;utilisation de cookies. Vous pouvez contr\u00f4ler et g\u00e9rer les cookies via votre navigateur.<\/p><p>VEUILLEZ NOTER QUE LA SUPPRESSION OU LE BLOCAGE DES COOKIES PEUT AFFECTER L&rsquo;INTERFACE UTILISATEUR DU SITE WEB ET RENDRE CERTAINS DES COMPOSANTS DU SITE WEB INACCESSIBLES.<\/p><p>Comment d\u00e9sactiver les cookies\u00a0?<\/p><p>La plupart des navigateurs vous permettent d&rsquo;afficher, de supprimer et de bloquer les cookies des sites Web. Veuillez noter que si tous les cookies sont supprim\u00e9s, tous vos param\u00e8tres seront r\u00e9initialis\u00e9s, y compris la possibilit\u00e9 de refuser les cookies, car cette fonction elle-m\u00eame n\u00e9cessite le placement d&rsquo;un cookie correspondant sur votre appareil qui pr\u00e9voit un tel \u00e9chec.<\/p><p>Nous utilisons les types de cookies suivants\u00a0: Obligatoire. Ces cookies sont n\u00e9cessaires au fonctionnement du<\/p><p>site. Il s&rsquo;agit par exemple de cookies qui vous permettent de vous connecter \u00e0 des parties s\u00e9curis\u00e9es du site et d&rsquo;utiliser les fonctionnalit\u00e9s de base du site.<\/p><p>Analytique\/service. Ces cookies fournissent des informations sur la mani\u00e8re et la fr\u00e9quence d&rsquo;utilisation du site Web, les groupes d&rsquo;utilisateurs qui existent, les outils de recherche utilis\u00e9s. Les statistiques sur les cookies peuvent \u00e9galement \u00eatre obtenues aupr\u00e8s d&rsquo;un tiers.<\/p><p>Cible. Ces cookies m\u00e9morisent vos visites sur notre site Web, les pages que vous avez visit\u00e9es, les liens sur lesquels vous avez cliqu\u00e9. Nous utilisons ces informations pour rendre notre site et nos informations plus pertinents par rapport \u00e0 vos int\u00e9r\u00eats.<\/p><p>Veuillez nous contacter pour toute question, commentaire ou clarification<\/p>\t\t\t\t\t\t\t\t<\/div>\n\t\t\t\t<\/div>\n\t\t\t\t\t<\/div>\n\t\t<\/div>\n\t\t\t\t\t<\/div>\n\t\t<\/section>\n\t\t\t\t<\/div>\n\t\t","protected":false},"excerpt":{"rendered":"<p>Politique de cookies Qu&rsquo;est-ce qu&rsquo;une politique de cookies ? Une politique de cookies est la politique dans laquelle les utilisateurs peuvent trouver des informations d\u00e9taill\u00e9es sur les types de cookies qu&rsquo;un site Web utilise, comment ces cookies sont utilis\u00e9s et comment les utilisateurs peuvent contr\u00f4ler le placement des cookies en limitant ou en interdisant \u00e0 [&hellip;]<\/p>\n","protected":false},"author":1,"featured_media":0,"parent":0,"menu_order":0,"comment_status":"closed","ping_status":"closed","template":"","meta":{"footnotes":""},"class_list":["post-1302","page","type-page","status-publish","hentry"],"_links":{"self":[{"href":"https:\/\/globalvrtx.icu\/fr\/wp-json\/wp\/v2\/pages\/1302","targetHints":{"allow":["GET"]}}],"collection":[{"href":"https:\/\/globalvrtx.icu\/fr\/wp-json\/wp\/v2\/pages"}],"about":[{"href":"https:\/\/globalvrtx.icu\/fr\/wp-json\/wp\/v2\/types\/page"}],"author":[{"embeddable":true,"href":"https:\/\/globalvrtx.icu\/fr\/wp-json\/wp\/v2\/users\/1"}],"replies":[{"embeddable":true,"href":"https:\/\/globalvrtx.icu\/fr\/wp-json\/wp\/v2\/comments?post=1302"}],"version-history":[{"count":5,"href":"https:\/\/globalvrtx.icu\/fr\/wp-json\/wp\/v2\/pages\/1302\/revisions"}],"predecessor-version":[{"id":1870,"href":"https:\/\/globalvrtx.icu\/fr\/wp-json\/wp\/v2\/pages\/1302\/revisions\/1870"}],"wp:attachment":[{"href":"https:\/\/globalvrtx.icu\/fr\/wp-json\/wp\/v2\/media?parent=1302"}],"curies":[{"name":"wp","href":"https:\/\/api.w.org\/{rel}","templated":true}]}}