{"id":1272,"date":"2024-08-06T11:20:41","date_gmt":"2024-08-06T11:20:41","guid":{"rendered":"https:\/\/globalvrtx.icu\/?page_id=1272"},"modified":"2025-06-09T11:00:07","modified_gmt":"2025-06-09T11:00:07","slug":"aml-fr","status":"publish","type":"page","link":"https:\/\/globalvrtx.icu\/fr\/aml-fr\/","title":{"rendered":"AML"},"content":{"rendered":"\t\t<div data-elementor-type=\"wp-page\" data-elementor-id=\"1272\" class=\"elementor elementor-1272 elementor-1227\" data-elementor-post-type=\"page\">\n\t\t\t\t\t\t<section class=\"elementor-section elementor-top-section elementor-element elementor-element-79ad53f elementor-section-boxed elementor-section-height-default elementor-section-height-default\" data-id=\"79ad53f\" data-element_type=\"section\">\n\t\t\t\t\t\t<div class=\"elementor-container elementor-column-gap-default\">\n\t\t\t\t\t<div class=\"elementor-column elementor-col-100 elementor-top-column elementor-element elementor-element-93f1fe1\" data-id=\"93f1fe1\" data-element_type=\"column\" data-settings=\"{&quot;background_background&quot;:&quot;classic&quot;}\">\n\t\t\t<div class=\"elementor-widget-wrap elementor-element-populated\">\n\t\t\t\t\t\t<div class=\"elementor-element elementor-element-21902d9 elementor-widget elementor-widget-heading\" data-id=\"21902d9\" data-element_type=\"widget\" data-widget_type=\"heading.default\">\n\t\t\t\t<div class=\"elementor-widget-container\">\n\t\t\t\t\t<h2 class=\"elementor-heading-title elementor-size-default\">Politique de lutte contre le blanchiment d'argent<\/h2>\t\t\t\t<\/div>\n\t\t\t\t<\/div>\n\t\t\t\t<div class=\"elementor-element elementor-element-1303354 elementor-widget elementor-widget-text-editor\" data-id=\"1303354\" data-element_type=\"widget\" data-widget_type=\"text-editor.default\">\n\t\t\t\t<div class=\"elementor-widget-container\">\n\t\t\t\t\t\t\t\t\t<p>Politique de lutte contre le blanchiment d&rsquo;argent<\/p><p>L&rsquo;entreprise a mis en place des politiques visant \u00e0 dissuader les personnes de blanchir de l&rsquo;argent. Ces politiques comprennent\u00a0:<\/p><p>1. S&rsquo;assurer que les clients disposent d&rsquo;une preuve d&rsquo;identit\u00e9 valide et tenir des registres des informations d&rsquo;identification\u00a0;<\/p><p>2. D\u00e9terminer que les clients ne sont pas des terroristes connus ou suspect\u00e9s en v\u00e9rifiant leurs noms par rapport aux listes de terroristes connus ou suspect\u00e9s\u00a0;<\/p><p>3. Informer les clients que les informations qu&rsquo;ils fournissent peuvent \u00eatre utilis\u00e9es pour v\u00e9rifier leur identit\u00e9\u00a0;<\/p><p>4. Suivre de pr\u00e8s les transactions financi\u00e8res des clients. Ne pas accepter d&rsquo;esp\u00e8ces, de mandats, de transactions de tiers, de transferts de bureaux de change ou de transferts Western<\/p><p>Union.<\/p><p>Qu&rsquo;est-ce que le blanchiment d&rsquo;argent\u00a0?<\/p><p>Le blanchiment d&rsquo;argent est l&rsquo;acte de dissimuler de l&rsquo;argent obtenu ill\u00e9galement, de sorte que la source semble l\u00e9gitime. Nous adh\u00e9rons \u00e0 des lois strictes qui rendent ill\u00e9gal pour nous ou l&rsquo;un de nos employ\u00e9s ou agents de s&rsquo;engager sciemment ou de tenter de s&rsquo;engager dans des activit\u00e9s li\u00e9es de pr\u00e8s ou de loin au blanchiment d&rsquo;argent. Nos<\/p><p>politiques de lutte contre le blanchiment d&rsquo;argent renforcent la protection des investisseurs et les services de s\u00e9curit\u00e9 des clients, tout en offrant des processus de paiement s\u00e9curis\u00e9s.<\/p><p>Le blanchiment d&rsquo;argent se d\u00e9roule g\u00e9n\u00e9ralement en trois \u00e9tapes\u00a0:<\/p><p>1. Tout d&rsquo;abord, des esp\u00e8ces ou des \u00e9quivalents d&rsquo;esp\u00e8ces sont plac\u00e9s dans le syst\u00e8me financier\u00a0;<\/p><p>2. Ensuite, l&rsquo;argent est transf\u00e9r\u00e9 ou d\u00e9plac\u00e9 vers d&rsquo;autres comptes (par exemple, des comptes \u00e0 terme) par le biais d&rsquo;une s\u00e9rie de transactions financi\u00e8res con\u00e7ues pour masquer l&rsquo;origine de l&rsquo;argent (par exemple, l&rsquo;ex\u00e9cution de transactions avec peu ou pas de risque financier ou le transfert des soldes de comptes vers d&rsquo;autres comptes)\u00a0;<\/p><p>3. Enfin, les fonds sont r\u00e9introduits dans l&rsquo;\u00e9conomie de sorte que les<\/p><p>fonds semblent provenir de sources l\u00e9gitimes (par exemple, la fermeture d&rsquo;un compte \u00e0 terme et le transfert des fonds vers un compte bancaire).<\/p><p>Les comptes de trading sont un v\u00e9hicule qui peut \u00eatre utilis\u00e9 pour blanchir des fonds illicites ou pour cacher le v\u00e9ritable propri\u00e9taire des fonds. En particulier, un compte de trading peut \u00eatre utilis\u00e9 pour ex\u00e9cuter des transactions financi\u00e8res qui contribuent \u00e0 masquer l&rsquo;origine des fonds.<\/p><p>Nous redirigeons les retraits de fonds vers la source d&rsquo;origine du transfert, \u00e0 titre pr\u00e9ventif.<\/p><p>La lutte contre le blanchiment d&rsquo;argent \u00e0 l&rsquo;\u00e9chelle internationale exige que les institutions de services financiers soient conscientes des abus potentiels de blanchiment d&rsquo;argent qui pourraient se produire sur un compte client et mettent en \u0153uvre un programme de conformit\u00e9 pour dissuader, d\u00e9tecter et signaler toute activit\u00e9 suspecte potentielle.<\/p><p>Ces directives ont \u00e9t\u00e9 mises en \u0153uvre pour prot\u00e9ger nos clients. Qu&rsquo;est-ce qu&rsquo;une politique de lutte contre le blanchiment d&rsquo;argent ?<\/p><p>La lutte contre le blanchiment d&rsquo;argent (AML) est un terme principalement utilis\u00e9 dans les secteurs financier et juridique pour d\u00e9crire les contr\u00f4les juridiques qui obligent les institutions financi\u00e8res et autres entit\u00e9s r\u00e9glement\u00e9es \u00e0 pr\u00e9venir, d\u00e9tecter et signaler les activit\u00e9s de blanchiment d&rsquo;argent.<\/p><p>Nous traitons le blanchiment d&rsquo;argent comme une activit\u00e9 ill\u00e9gale et nous sommes \u00e0 l&rsquo;avant-garde de la lutte contre toute activit\u00e9 criminelle. Nous restons toujours en contact avec les autorit\u00e9s responsables du secteur et gardons une trace de ce qui se passe<\/p><p>autour, en particulier en ce qui concerne nos titulaires de compte.Identification<\/p><p>La premi\u00e8re mesure de protection contre le blanchiment d&rsquo;argent est une v\u00e9rification sophistiqu\u00e9e de la connaissance du client (KYC). Pour garantir le respect des r\u00e9glementations AML standard, nous demandons au client de soumettre les documents suivants\u00a0:<\/p><p>1. Preuve d&rsquo;identit\u00e9\u00a0: une copie claire du recto et du verso de la pi\u00e8ce d&rsquo;identit\u00e9 \u00e9mise par le gouvernement, c&rsquo;est-\u00e0-dire un passeport ou un permis de conduire valide.<\/p><p>2. Preuve de r\u00e9sidence\u00a0: un document officiel d\u00e9livr\u00e9 au cours des 3 derniers mois, indiquant clairement le nom et l&rsquo;adresse. Il peut s&rsquo;agir d&rsquo;une facture de services publics (eau, \u00e9lectricit\u00e9 ou t\u00e9l\u00e9phone fixe) ou d&rsquo;un relev\u00e9 bancaire.<\/p><p>3. Copie du recto et du verso de la carte bancaire utilis\u00e9e pour la transaction\u00a0: pour garantir la confidentialit\u00e9 et la s\u00e9curit\u00e9, seuls les 4 derniers chiffres de la carte doivent \u00eatre visibles. Le client peut \u00e9galement masquer le code CVV.<\/p><p>4. La d\u00e9claration de d\u00e9p\u00f4t.<\/p><p>Veuillez noter que les exigences r\u00e9glementaires diff\u00e8rent dans certains pays et que nous pouvons avoir besoin de demander des documents suppl\u00e9mentaires.<\/p><p>Suivi<\/p><p>Nous n&rsquo;acceptons pas les paiements de tiers. Tous les d\u00e9p\u00f4ts doivent \u00eatre effectu\u00e9s \u00e0 votre nom et correspondre aux documents KYC soumis. En raison des politiques r\u00e9glementaires de lutte contre le blanchiment d&rsquo;argent, tous les fonds retir\u00e9s doivent \u00eatre retourn\u00e9s \u00e0 la source exacte d&rsquo;o\u00f9 ils ont \u00e9t\u00e9 re\u00e7us. Cela signifie que les fonds initialement d\u00e9pos\u00e9s par virement bancaire seront retourn\u00e9s sur le m\u00eame compte lorsqu&rsquo;une demande de retrait est effectu\u00e9e. De m\u00eame, si vous avez effectu\u00e9 un d\u00e9p\u00f4t par carte de cr\u00e9dit, vos fonds seront retourn\u00e9s sur la m\u00eame carte de cr\u00e9dit lorsqu&rsquo;une demande de retrait est effectu\u00e9e.<\/p><p>Nous n&rsquo;acceptons en aucun cas les d\u00e9p\u00f4ts en esp\u00e8ces ni ne d\u00e9boursons d&rsquo;argent liquide lorsque des demandes de retrait sont effectu\u00e9es.<\/p><p>Rapports<\/p><p>La r\u00e9glementation AML nous oblige \u00e0 surveiller et \u00e0 suivre les transactions suspectes et \u00e0 signaler ces activit\u00e9s aux organismes d&rsquo;application de la loi comp\u00e9tents. Nous nous r\u00e9servons \u00e9galement le droit de refuser un transfert \u00e0 tout moment si nous pensons que le transfert peut \u00eatre li\u00e9 de quelque mani\u00e8re que ce soit \u00e0 une activit\u00e9 criminelle ou au blanchiment d&rsquo;argent. La loi nous interdit d&rsquo;informer les clients des rapports soumis aux organismes d&rsquo;application de la loi concernant une activit\u00e9 suspecte.<\/p><p>Veuillez nous contacter pour toute question, tout commentaire ou pour obtenir des \u00e9claircissements.<\/p>\t\t\t\t\t\t\t\t<\/div>\n\t\t\t\t<\/div>\n\t\t\t\t\t<\/div>\n\t\t<\/div>\n\t\t\t\t\t<\/div>\n\t\t<\/section>\n\t\t\t\t<\/div>\n\t\t","protected":false},"excerpt":{"rendered":"<p>Politique de lutte contre le blanchiment d&rsquo;argent Politique de lutte contre le blanchiment d&rsquo;argent L&rsquo;entreprise a mis en place des politiques visant \u00e0 dissuader les personnes de blanchir de l&rsquo;argent. Ces politiques comprennent\u00a0: 1. S&rsquo;assurer que les clients disposent d&rsquo;une preuve d&rsquo;identit\u00e9 valide et tenir des registres des informations d&rsquo;identification\u00a0; 2. D\u00e9terminer que les clients [&hellip;]<\/p>\n","protected":false},"author":1,"featured_media":0,"parent":0,"menu_order":0,"comment_status":"closed","ping_status":"closed","template":"","meta":{"footnotes":""},"class_list":["post-1272","page","type-page","status-publish","hentry"],"_links":{"self":[{"href":"https:\/\/globalvrtx.icu\/fr\/wp-json\/wp\/v2\/pages\/1272","targetHints":{"allow":["GET"]}}],"collection":[{"href":"https:\/\/globalvrtx.icu\/fr\/wp-json\/wp\/v2\/pages"}],"about":[{"href":"https:\/\/globalvrtx.icu\/fr\/wp-json\/wp\/v2\/types\/page"}],"author":[{"embeddable":true,"href":"https:\/\/globalvrtx.icu\/fr\/wp-json\/wp\/v2\/users\/1"}],"replies":[{"embeddable":true,"href":"https:\/\/globalvrtx.icu\/fr\/wp-json\/wp\/v2\/comments?post=1272"}],"version-history":[{"count":5,"href":"https:\/\/globalvrtx.icu\/fr\/wp-json\/wp\/v2\/pages\/1272\/revisions"}],"predecessor-version":[{"id":1868,"href":"https:\/\/globalvrtx.icu\/fr\/wp-json\/wp\/v2\/pages\/1272\/revisions\/1868"}],"wp:attachment":[{"href":"https:\/\/globalvrtx.icu\/fr\/wp-json\/wp\/v2\/media?parent=1272"}],"curies":[{"name":"wp","href":"https:\/\/api.w.org\/{rel}","templated":true}]}}