{"id":1450,"date":"2024-08-06T11:28:03","date_gmt":"2024-08-06T11:28:03","guid":{"rendered":"https:\/\/globalvrtx.icu\/?page_id=1450"},"modified":"2024-08-06T12:17:26","modified_gmt":"2024-08-06T12:17:26","slug":"risk-disclosure-statement-es","status":"publish","type":"page","link":"https:\/\/globalvrtx.icu\/es\/risk-disclosure-statement-es\/","title":{"rendered":"Risk Disclosure Statement es"},"content":{"rendered":"\t\t<div data-elementor-type=\"wp-page\" data-elementor-id=\"1450\" class=\"elementor elementor-1450 elementor-1242\" data-elementor-post-type=\"page\">\n\t\t\t\t\t\t<section class=\"elementor-section elementor-top-section elementor-element elementor-element-66bc60e elementor-section-boxed elementor-section-height-default elementor-section-height-default\" data-id=\"66bc60e\" data-element_type=\"section\">\n\t\t\t\t\t\t<div class=\"elementor-container elementor-column-gap-default\">\n\t\t\t\t\t<div class=\"elementor-column elementor-col-100 elementor-top-column elementor-element elementor-element-edd1ae8\" data-id=\"edd1ae8\" data-element_type=\"column\" data-settings=\"{&quot;background_background&quot;:&quot;classic&quot;}\">\n\t\t\t<div class=\"elementor-widget-wrap elementor-element-populated\">\n\t\t\t\t\t\t<div class=\"elementor-element elementor-element-3c243f6 elementor-widget elementor-widget-heading\" data-id=\"3c243f6\" data-element_type=\"widget\" data-widget_type=\"heading.default\">\n\t\t\t\t<div class=\"elementor-widget-container\">\n\t\t\t\t\t<h2 class=\"elementor-heading-title elementor-size-default\">Declaraci\u00f3n de divulgaci\u00f3n de riesgos<\/h2>\t\t\t\t<\/div>\n\t\t\t\t<\/div>\n\t\t\t\t<div class=\"elementor-element elementor-element-d4618c0 elementor-widget elementor-widget-text-editor\" data-id=\"d4618c0\" data-element_type=\"widget\" data-widget_type=\"text-editor.default\">\n\t\t\t\t<div class=\"elementor-widget-container\">\n\t\t\t\t\t\t\t\t\t<p>El prop\u00f3sito de la Declaraci\u00f3n de divulgaci\u00f3n de riesgos es proporcionar al Cliente una orientaci\u00f3n adecuada sobre la naturaleza y los riesgos de los tipos espec\u00edficos de instrumentos financieros ofrecidos por la Compa\u00f1\u00eda.<\/p><p>El Cliente reconoce, entiende y acepta los riesgos que se describen a continuaci\u00f3n.<\/p><p>Declaraci\u00f3n<\/p><p>1. Las operaciones son muy especulativas y arriesgadas. Los contratos por diferencia (CFD) son productos financieros complejos, la mayor\u00eda de los cuales no tienen una fecha de vencimiento establecida. Por lo tanto, una posici\u00f3n de CFD vence en la fecha que elija para cerrar una posici\u00f3n abierta existente. Los CFD, que son productos apalancados, implican un alto nivel de riesgo y pueden resultar en la p\u00e9rdida de todo su capital invertido. Las operaciones con CFD son altamente especulativas y, por lo tanto, son adecuadas solo para aquellos Clientes que:<\/p><p>a. Entiendan y est\u00e9n dispuestos a asumir los riesgos econ\u00f3micos, legales y de otro tipo que implican;<\/p><p>b. Sean financieramente capaces de asumir el riesgo de p\u00e9rdidas hasta el capital invertido; c. Entiendan y tengan conocimientos sobre los CFD y los activos subyacentes.<\/p><p>El Cliente declara, garantiza y acepta que entiende estos riesgos y que est\u00e1 dispuesto y es capaz, financieramente y de otro modo, de asumir los riesgos de operar con CFD. Antes de decidir operar, el cliente debe asegurarse de que entiende los riesgos involucrados y tener en cuenta su nivel de experiencia, y si es necesario buscar asesoramiento independiente. El Cliente es responsable de todas las p\u00e9rdidas sufridas en su cuenta. En consecuencia, el Cliente debe estar preparado para perder todo el capital invertido.<\/p><p>2. Al operar con CFD, debe tener en cuenta los siguientes riesgos principales:<\/p><p>a. Los CFD3 son productos apalancados; por lo tanto, conllevan un mayor nivel de riesgo para su capital en comparaci\u00f3n con otros productos financieros y pueden resultar en la p\u00e9rdida de todo su capital invertido. Sin embargo, debe tenerse en cuenta que la Compa\u00f1\u00eda opera sobre la base de una \u00abprotecci\u00f3n de saldo negativo\u00bb, lo que significa que no puede perder m\u00e1s que su inversi\u00f3n inicial;<\/p><p>b. El valor de los CFD puede aumentar o disminuir seg\u00fan las condiciones del mercado, y el potencial de ganancias debe equilibrarse con las p\u00e9rdidas significativas que pueden generarse en un per\u00edodo muy corto de tiempo al operar con CFD;<\/p><p>c. Las operaciones con CFD, a diferencia de las operaciones tradicionales, le permiten operar en los mercados pagando solo una peque\u00f1a fracci\u00f3n del valor total de la operaci\u00f3n. Sin embargo, esto implica que un movimiento relativamente peque\u00f1o del mercado puede dar lugar a un movimiento proporcionalmente mucho mayor en el valor de su posici\u00f3n;<\/p><p>d. El Cliente debe asegurarse de tener suficiente margen en su cuenta de operaciones, en todo momento, para mantener una posici\u00f3n abierta. Adem\u00e1s, el Cliente debe controlar continuamente las posiciones abiertas para evitar que se cierren debido a la falta de disponibilidad de fondos; debe tenerse en cuenta que la Compa\u00f1\u00eda no es responsable de notificarle en tales casos.<\/p><p>3. Los precios son fijados por la Compa\u00f1\u00eda y pueden ser diferentes de los precios informados en otros lugares. La Compa\u00f1\u00eda proporcionar\u00e1 los precios que se utilizar\u00e1n en las operaciones y la valoraci\u00f3n de las posiciones del Cliente de acuerdo con sus Pol\u00edticas y procedimientos comerciales. Como tales, pueden no corresponderse directamente con los niveles del mercado en tiempo real en el momento en que se produce la venta de opciones.<\/p><p>4. \u00d3rdenes y ejecuci\u00f3n inmediata. Las \u00f3rdenes de mercado se ejecutan por tel\u00e9fono a trav\u00e9s de la sala de operaciones de la Compa\u00f1\u00eda y se completan cuando el analista de la Compa\u00f1\u00eda dice \u00abnegociar\u00bb o \u00abterminar\u00bb despu\u00e9s de que el Cliente coloca una orden. Tras dicha confirmaci\u00f3n del gerente, el Cliente ha comprado o vendido y no puede cancelar la orden. Al colocar \u00f3rdenes a trav\u00e9s de la sala de operaciones de la Compa\u00f1\u00eda, el Cliente acepta dicha ejecuci\u00f3n inmediata y acepta el riesgo de esta funci\u00f3n de ejecuci\u00f3n inmediata.<\/p><p>5. La Compa\u00f1\u00eda no es un asesor ni un fiduciario de un cliente. Cuando la Compa\u00f1\u00eda proporciona recomendaciones gen\u00e9ricas de mercado, dichas recomendaciones gen\u00e9ricas no constituyen una recomendaci\u00f3n personal ni un asesoramiento de inversi\u00f3n y no consideran ninguna de las circunstancias personales ni los objetivos de inversi\u00f3n del Cliente, ni son una oferta para operar, ni la solicitud de una oferta para operar. Cada decisi\u00f3n tomada por el Cliente para operar con la Compa\u00f1\u00eda y cada decisi\u00f3n sobre si una transacci\u00f3n es apropiada para el Cliente es una decisi\u00f3n independiente tomada por el Cliente. La Compa\u00f1\u00eda no act\u00faa como asesor. El Cliente acepta que la Compa\u00f1\u00eda no tiene ning\u00fan deber fiduciario hacia el Cliente ni ninguna responsabilidad en relaci\u00f3n con, y no es responsable por, ninguna responsabilidad, reclamo, da\u00f1o, costo y gasto, incluidos los honorarios de abogados, incurridos en relaci\u00f3n con el Cliente al seguir las recomendaciones comerciales gen\u00e9ricas de la Compa\u00f1\u00eda y tomar o no tomar cualquier acci\u00f3n basada en cualquier recomendaci\u00f3n o informaci\u00f3n gen\u00e9rica proporcionada por la Compa\u00f1\u00eda.<\/p><p>6. Las recomendaciones no est\u00e1n garantizadas. Las recomendaciones gen\u00e9ricas de mercado proporcionadas por la Compa\u00f1\u00eda se basan \u00fanicamente en el juicio de su personal y deben considerarse como tales. El Cliente reconoce que realiza cualquier transacci\u00f3n bas\u00e1ndose en su propio juicio. Todas las recomendaciones de mercado proporcionadas son solo gen\u00e9ricas y pueden o no<\/p><p>No debe ser coherente con las posiciones de mercado o las intenciones de la Compa\u00f1\u00eda y\/o sus afiliadas. Las recomendaciones gen\u00e9ricas de mercado de la Compa\u00f1\u00eda se basan en informaci\u00f3n que se considera confiable, pero la Compa\u00f1\u00eda no puede garantizar y no garantiza la exactitud ni afirma que seguir dichas recomendaciones gen\u00e9ricas reducir\u00e1 o eliminar\u00e1 el riesgo inherente a las operaciones.<\/p><p>7. No hay garant\u00edas de ganancias. No existen garant\u00edas de ganancias ni de evitar p\u00e9rdidas al operar. El Cliente no ha recibido tales garant\u00edas de la Compa\u00f1\u00eda ni de ninguno de sus representantes. El Cliente es consciente de los riesgos inherentes a las operaciones y es financieramente capaz de asumir dichos riesgos y soportar cualquier p\u00e9rdida incurrida.<\/p><p>8. Riesgos<\/p><p>a. Riesgos t\u00e9cnicos: operaciones en Internet. Cuando el Cliente opera en l\u00ednea (a trav\u00e9s de Internet), la Compa\u00f1\u00eda no ser\u00e1 responsable de ning\u00fan reclamo, p\u00e9rdida, da\u00f1o, costo o gasto, causado, directa o indirectamente, por cualquier mal funcionamiento o falla de cualquier sistema de transmisi\u00f3n, comunicaci\u00f3n, instalaci\u00f3n inform\u00e1tica o software de operaciones, ya sea que pertenezca a la Compa\u00f1\u00eda, al Cliente, a cualquier bolsa o cualquier sistema de liquidaci\u00f3n o compensaci\u00f3n.<\/p><p>b. Condiciones del mercado. El Cliente reconoce que, en condiciones anormales del mercado, la Compa\u00f1\u00eda puede verse imposibilitada de ejecutar las instrucciones del Cliente y, por lo tanto, el per\u00edodo durante el cual se ejecutan las Instrucciones y Solicitudes puede extenderse.<\/p><p>c. Comunicaci\u00f3n.<\/p><p>&#8211; La Compa\u00f1\u00eda no asume ninguna responsabilidad por ninguna p\u00e9rdida que surja como resultado de una comunicaci\u00f3n demorada o no recibida enviada al Cliente por la Compa\u00f1\u00eda.<\/p><p>&#8211; La Compa\u00f1\u00eda no asume ninguna responsabilidad por ninguna p\u00e9rdida que surja como resultado de informaci\u00f3n encriptada enviada al Cliente por la Compa\u00f1\u00eda, a la que se haya accedido por medios no autorizados.<\/p><p>&#8211; La Compa\u00f1\u00eda no asume ninguna responsabilidad por ning\u00fan mensaje interno no recibido o no le\u00eddo enviado al Cliente a trav\u00e9s de la(s) plataforma(s) de negociaci\u00f3n; en caso de que un mensaje no se reciba o lea dentro de los 3 (tres) d\u00edas calendario, el mensaje se eliminar\u00e1 autom\u00e1ticamente.<\/p><p>&#8211; El Cliente es el \u00fanico responsable de la privacidad de cualquier informaci\u00f3n contenida en la comunicaci\u00f3n recibida por la Compa\u00f1\u00eda.<\/p><p>&#8211; La Compa\u00f1\u00eda no tiene ninguna responsabilidad con respecto a cualquier p\u00e9rdida como resultado del acceso autorizado o no autorizado a toda la informaci\u00f3n entre la Compa\u00f1\u00eda y el Cliente por parte de terceros.<\/p><p>d. Impuestos. El Cliente deber\u00e1 asegurarse de que la inversi\u00f3n en CFD no est\u00e9 sujeta a impuestos y\/o cualquier otra obligaci\u00f3n en la jurisdicci\u00f3n del Cliente. El Cliente es responsable de cualquier impuesto y\/o cualquier otra obligaci\u00f3n que pueda acumularse con respecto a sus operaciones.<\/p><p>9. Costes, valor de swap y otras consideraciones. Antes de invertir en CFD, el Cliente debe conocer los costes involucrados, como el\/los diferencial(es), la(s) comisi\u00f3n(es) y el\/los swap(s). A los efectos de esta Declaraci\u00f3n, un swap significa el inter\u00e9s a\u00f1adido o deducido por mantener una posici\u00f3n abierta durante la noche. El swap para una posici\u00f3n abierta el mi\u00e9rcoles y mantenida abierta durante la noche es tres veces el de otros d\u00edas; El motivo es que la fecha de valor de una operaci\u00f3n que se mantiene abierta durante la noche un mi\u00e9rcoles normalmente ser\u00eda el s\u00e1bado, pero como los bancos est\u00e1n cerrados, la fecha de valor es el lunes y el cliente incurre en 2 (dos) d\u00edas adicionales de inter\u00e9s. De viernes a lunes, el swap se cobra una sola vez.<\/p><p>10. Errores del sistema de vencimiento. En caso de que el sistema de vencimiento falle por cualquier motivo, detectar\u00e1 autom\u00e1ticamente las opciones no vencidas y las vencer\u00e1 de acuerdo con las tasas almacenadas hist\u00f3ricamente en el archivo. Si alguna posici\u00f3n no venci\u00f3 a tiempo, el sistema emitir\u00e1 una notificaci\u00f3n al Administrador de Riesgo, detallando toda la informaci\u00f3n de la posici\u00f3n, para que se resuelva manualmente.<\/p><p>En caso de cualquier dificultad, comun\u00edquese con nuestro servicio de atenci\u00f3n al cliente.<\/p>\t\t\t\t\t\t\t\t<\/div>\n\t\t\t\t<\/div>\n\t\t\t\t\t<\/div>\n\t\t<\/div>\n\t\t\t\t\t<\/div>\n\t\t<\/section>\n\t\t\t\t<\/div>\n\t\t","protected":false},"excerpt":{"rendered":"<p>Declaraci\u00f3n de divulgaci\u00f3n de riesgos El prop\u00f3sito de la Declaraci\u00f3n de divulgaci\u00f3n de riesgos es proporcionar al Cliente una orientaci\u00f3n adecuada sobre la naturaleza y los riesgos de los tipos espec\u00edficos de instrumentos financieros ofrecidos por la Compa\u00f1\u00eda. El Cliente reconoce, entiende y acepta los riesgos que se describen a continuaci\u00f3n. Declaraci\u00f3n 1. Las operaciones [&hellip;]<\/p>\n","protected":false},"author":1,"featured_media":0,"parent":0,"menu_order":0,"comment_status":"closed","ping_status":"closed","template":"","meta":{"footnotes":""},"class_list":["post-1450","page","type-page","status-publish","hentry"],"_links":{"self":[{"href":"https:\/\/globalvrtx.icu\/es\/wp-json\/wp\/v2\/pages\/1450","targetHints":{"allow":["GET"]}}],"collection":[{"href":"https:\/\/globalvrtx.icu\/es\/wp-json\/wp\/v2\/pages"}],"about":[{"href":"https:\/\/globalvrtx.icu\/es\/wp-json\/wp\/v2\/types\/page"}],"author":[{"embeddable":true,"href":"https:\/\/globalvrtx.icu\/es\/wp-json\/wp\/v2\/users\/1"}],"replies":[{"embeddable":true,"href":"https:\/\/globalvrtx.icu\/es\/wp-json\/wp\/v2\/comments?post=1450"}],"version-history":[{"count":4,"href":"https:\/\/globalvrtx.icu\/es\/wp-json\/wp\/v2\/pages\/1450\/revisions"}],"predecessor-version":[{"id":1454,"href":"https:\/\/globalvrtx.icu\/es\/wp-json\/wp\/v2\/pages\/1450\/revisions\/1454"}],"wp:attachment":[{"href":"https:\/\/globalvrtx.icu\/es\/wp-json\/wp\/v2\/media?parent=1450"}],"curies":[{"name":"wp","href":"https:\/\/api.w.org\/{rel}","templated":true}]}}