{"id":1390,"date":"2024-08-06T11:31:20","date_gmt":"2024-08-06T11:31:20","guid":{"rendered":"https:\/\/globalvrtx.icu\/?page_id=1390"},"modified":"2024-08-06T12:07:15","modified_gmt":"2024-08-06T12:07:15","slug":"privacy-policy-es","status":"publish","type":"page","link":"https:\/\/globalvrtx.icu\/es\/privacy-policy-es\/","title":{"rendered":"Privacy Policy es"},"content":{"rendered":"\t\t<div data-elementor-type=\"wp-page\" data-elementor-id=\"1390\" class=\"elementor elementor-1390 elementor-1252\" data-elementor-post-type=\"page\">\n\t\t\t\t\t\t<section class=\"elementor-section elementor-top-section elementor-element elementor-element-aa87ee0 elementor-section-boxed elementor-section-height-default elementor-section-height-default\" data-id=\"aa87ee0\" data-element_type=\"section\">\n\t\t\t\t\t\t<div class=\"elementor-container elementor-column-gap-default\">\n\t\t\t\t\t<div class=\"elementor-column elementor-col-100 elementor-top-column elementor-element elementor-element-9926c8c\" data-id=\"9926c8c\" data-element_type=\"column\" data-settings=\"{&quot;background_background&quot;:&quot;classic&quot;}\">\n\t\t\t<div class=\"elementor-widget-wrap elementor-element-populated\">\n\t\t\t\t\t\t<div class=\"elementor-element elementor-element-95dec94 elementor-widget elementor-widget-heading\" data-id=\"95dec94\" data-element_type=\"widget\" data-widget_type=\"heading.default\">\n\t\t\t\t<div class=\"elementor-widget-container\">\n\t\t\t\t\t<h2 class=\"elementor-heading-title elementor-size-default\">Pol\u00edtica de privacidad<\/h2>\t\t\t\t<\/div>\n\t\t\t\t<\/div>\n\t\t\t\t<div class=\"elementor-element elementor-element-ea71f5c elementor-widget elementor-widget-text-editor\" data-id=\"ea71f5c\" data-element_type=\"widget\" data-widget_type=\"text-editor.default\">\n\t\t\t\t<div class=\"elementor-widget-container\">\n\t\t\t\t\t\t\t\t\t<p>Lea atentamente la Pol\u00edtica de privacidad. Este documento forma parte integral del acuerdo entre usted (tambi\u00e9n denominado \u00abUsuario\u00bb) y la Compa\u00f1\u00eda.<\/p><p>La Pol\u00edtica de privacidad describe las reglas de trabajo de la Compa\u00f1\u00eda con respecto a sus datos personales. Los datos personales incluyen cualquier dato del Usuario que lo identifique como individuo. Esta Pol\u00edtica tambi\u00e9n explica el uso de los datos personales que recopilamos cuando utiliza nuestros servicios comunic\u00e1ndose con nosotros por tel\u00e9fono, correo electr\u00f3nico o por otros medios. Esta Pol\u00edtica le informa qu\u00e9 tipo de informaci\u00f3n recopilamos, con qui\u00e9n la compartimos y con qu\u00e9 fines, c\u00f3mo la protegemos y qu\u00e9 derechos tiene para preservar la confidencialidad de su informaci\u00f3n.<\/p><p>La Compa\u00f1\u00eda se toma en serio la protecci\u00f3n de los datos personales de nuestros clientes y la preservaci\u00f3n de la informaci\u00f3n confidencial. Para evitar la p\u00e9rdida de informaci\u00f3n, su mal uso, alteraci\u00f3n y acceso no autorizado a la misma por parte de terceros, cumplimos con todos los requisitos, tanto organizativos como t\u00e9cnicos.<\/p><p>Al aceptar la Pol\u00edtica de privacidad, el Usuario acepta la recopilaci\u00f3n, almacenamiento, uso y divulgaci\u00f3n de datos personales de acuerdo con esta Pol\u00edtica de privacidad y la ley aplicable. Usted puede retirar su consentimiento y solicitar que eliminemos sus datos personales poni\u00e9ndose en contacto con nosotros.<\/p><p>\u00bfQu\u00e9 datos personales recopila la Compa\u00f1\u00eda?<\/p><p>Usted puede proporcionarnos informaci\u00f3n de identificaci\u00f3n, contacto, financiera y de otro tipo cuando llena formularios en l\u00ednea o nos env\u00eda formularios de solicitud por tel\u00e9fono, as\u00ed como por correo electr\u00f3nico durante la autorizaci\u00f3n en la Cuenta Personal o de otra manera. Tambi\u00e9n, todos los datos personales que usted proporciona en los casos en que: utiliza nuestros productos o servicios; registra su cuenta personal en nuestro sitio web; se suscribe a nuestras publicaciones o publicaciones de terceros relacionadas con nosotros; acepta recibir nuestros materiales promocionales y boletines informativos; participa en un concurso, programa de fidelizaci\u00f3n, promociones especiales o encuestas; deja comentarios.<\/p><p>En p\u00e1ginas individuales del sitio, se pueden solicitar datos personales, que puede proporcionar si lo desea (por ejemplo, podemos<\/p><p>pedirle informaci\u00f3n de contacto para registrar una Cuenta Personal, suscribirse a boletines informativos publicitarios y notificaciones nuestras y\/o para que pueda enviarnos solicitudes).<\/p><p>Cuando visita nuestro sitio, cierta informaci\u00f3n se nos env\u00eda autom\u00e1ticamente desde sus dispositivos. En algunas jurisdicciones, incluida la Uni\u00f3n Europea, dicha informaci\u00f3n puede considerarse personalizada de acuerdo con ciertas leyes de protecci\u00f3n de datos. Parte de esta informaci\u00f3n se recopila mediante cookies. En la Pol\u00edtica de cookies se incluye m\u00e1s informaci\u00f3n sobre las cookies que utilizamos y los fines para los que se utilizan.<\/p><p>La informaci\u00f3n personal que puede recopilar la Compa\u00f1\u00eda se incluye en las siguientes categor\u00edas: Informaci\u00f3n que usted proporciona voluntariamente<\/p><p>Puede proporcionar a la Compa\u00f1\u00eda sus datos personales, informaci\u00f3n de contacto y datos financieros, etc., completando los formularios en l\u00ednea, por tel\u00e9fono, por correo electr\u00f3nico o cualquier otro m\u00e9todo disponible.<\/p><p>Adem\u00e1s de lo anterior, ciertas partes del sitio web de la Compa\u00f1\u00eda pueden solicitarle que proporcione informaci\u00f3n personal de forma voluntaria. La informaci\u00f3n personal que se le solicita que proporcione, junto con los motivos por los que se le solicita<\/p><p>que la proporcione, se aclarar\u00e1n mediante su solicitud. Informaci\u00f3n que la Compa\u00f1\u00eda recopila autom\u00e1ticamente<\/p><p>Al visitar el sitio web de la Compa\u00f1\u00eda, cierta informaci\u00f3n (como su direcci\u00f3n IP, tipo de dispositivo, tipo de navegador, etc.) se env\u00eda autom\u00e1ticamente desde su dispositivo. La Compa\u00f1\u00eda tambi\u00e9n recibe informaci\u00f3n sobre c\u00f3mo su dispositivo ha interactuado con el sitio web, incluidos los enlaces que ha seguido. La recopilaci\u00f3n de esta informaci\u00f3n permite a la Compa\u00f1\u00eda realizar an\u00e1lisis de las solicitudes de los usuarios y clientes con el fin de mejorar la calidad de los productos y servicios disponibles.<\/p><p>\u00bfC\u00f3mo puede la Compa\u00f1\u00eda utilizar sus datos personales?<\/p><p>Enviarle boletines informativos; Prestaci\u00f3n adecuada de nuestros servicios;<\/p><p>An\u00e1lisis y comprensi\u00f3n de nuestra audiencia con el fin de mejorar el Servicio;<\/p><p>Investigar violaciones de esta Pol\u00edtica de privacidad para garantizar el cumplimiento, as\u00ed como proteger nuestros intereses y derechos.<\/p><p>Podemos enviarle cartas de marketing con informaci\u00f3n sobre nuestros Servicios que nos parezcan interesantes para usted.<\/p><p>Los fines para los que utilizaremos sus datos personales: 1. Para brindarle servicio al cliente. Tipo de datos: datos de identificaci\u00f3n (nombre, apellido, pa\u00eds de residencia, direcci\u00f3n y otros datos similares), datos de contacto (direcci\u00f3n de correo electr\u00f3nico, n\u00famero de tel\u00e9fono, n\u00famero de mensajer\u00eda y similares), documentos nacionales de identificaci\u00f3n (pasaporte, documento de identidad, permiso de residencia y otros), informaci\u00f3n financiera (n\u00famero de cuenta bancaria, n\u00famero de tarjeta bancaria y nombre de su titular, documentos que acrediten el origen de los fondos y otros), importancia pol\u00edtica (documentos y exenciones), informaci\u00f3n documental (copias de documentos que confirmen la informaci\u00f3n proporcionada).<\/p><p>2. Gesti\u00f3n de riesgos, prevenci\u00f3n del blanqueo de capitales, respuesta a requisitos reglamentarios y legales. Tipo de datos: transaccionales, financieros, de identidad.<\/p><p>3. Marketing. Tipo de datos: contactos, consentimiento y correspondencia. Finalidad: actividades de marketing y presentaci\u00f3n de informaci\u00f3n y<\/p><p>Noticias sobre productos y servicios. Fundamento jur\u00eddico: la ejecuci\u00f3n del contrato con usted.<\/p><p>\u00bfQu\u00e9 informaci\u00f3n puede revelar la empresa a determinados terceros?<\/p><p>No transmitimos informaci\u00f3n a empresas, organizaciones y personas ajenas a la Empresa a menos que se aplique una de las siguientes condiciones. Compartiremos sus datos personales con empresas, organizaciones o personas ajenas a la Empresa si creemos de forma consciente que el acceso, uso, almacenamiento o divulgaci\u00f3n de datos personales es razonablemente necesario para:<\/p><p>Cumplir con las leyes, reglamentos, demandas o solicitudes gubernamentales coercitivas aplicables;<\/p><p>La aplicaci\u00f3n de la legislaci\u00f3n vigente, incluida la investigaci\u00f3n de posibles infracciones; Identificar, prevenir fraudes, apoyar la seguridad o resolver problemas t\u00e9cnicos;<\/p><p>Proteger los derechos, la propiedad o la seguridad de la Empresa, nuestros usuarios o el p\u00fablico seg\u00fan sea necesario o dentro de los l\u00edmites legales.<\/p><p>Empresas del grupo, proveedores de servicios externos y socios que prestan a la Empresa servicios de procesamiento de datos (por ejemplo, para proporcionar funcionalidad o ayudar a mejorar la seguridad del sitio web de la Empresa) o que procesan de otro modo informaci\u00f3n personal para los fines descritos en esta Pol\u00edtica;<\/p><p>Cualquier organismo competente de aplicaci\u00f3n de la ley, agencia reguladora o gubernamental, tribunal u otro tercero seg\u00fan lo permita la ley.<\/p><p>Podemos compartir informaci\u00f3n identificable en p\u00fablico y con nuestros socios. Por ejemplo, podemos publicar informaci\u00f3n en p\u00fablico para mostrar tendencias en el uso general de nuestro sitio web.<\/p><p>Si la Compa\u00f1\u00eda participa en la fusi\u00f3n, adquisici\u00f3n o venta de activos, continuaremos garantizando la confidencialidad de cualquier dato personal y notificaremos a los Usuarios antes de que los datos personales se transfieran o queden sujetos a otra pol\u00edtica de privacidad.<\/p><p>No compartiremos su nombre, direcci\u00f3n de correo electr\u00f3nico u otra informaci\u00f3n con otros usuarios.<\/p><p>En determinadas condiciones, podemos transferir sus datos personales a un tercero en otro pa\u00eds para su posterior procesamiento de acuerdo con los objetivos establecidos en esta Pol\u00edtica. En algunos casos, esto puede incluir la transferencia de datos a pa\u00edses que no brindan el mismo nivel de protecci\u00f3n que las leyes de su pa\u00eds de residencia. En tales casos, de acuerdo con los requisitos legales, nos aseguraremos de que sus derechos de privacidad est\u00e9n adecuadamente protegidos mediante medidas t\u00e9cnicas, organizativas, contractuales u otras medidas legales apropiadas.<\/p><p>\u00bfQu\u00e9 derechos tiene el usuario?<\/p><p>A enviar una solicitud para la correcci\u00f3n de cualquier informaci\u00f3n inexacta y\/o la complementaci\u00f3n de cualquier informaci\u00f3n personal incompleta. La Compa\u00f1\u00eda procesar\u00e1 posteriormente la solicitud y notificar\u00e1 a los terceros a los que se haya transmitido dicha informaci\u00f3n personal de acuerdo con los t\u00e9rminos establecidos en esta Pol\u00edtica.<\/p><p>A solicitar la desistimiento del procesamiento de la informaci\u00f3n personal. La negativa al procesamiento de datos personales puede impedirle poder acceder a productos y servicios particulares para los que sea necesario el procesamiento de informaci\u00f3n personal.<\/p><p>A solicitar el borrado de toda su informaci\u00f3n personal, con lo que la Compa\u00f1\u00eda deber\u00eda cumplir, a menos que exista una raz\u00f3n legal para no hacerlo. Usted tiene derecho a recibir una copia de los datos personales que tenemos sobre usted.<\/p><p>Usted tiene derecho a solicitar que corrijamos cualquier informaci\u00f3n inexacta y\/o completemos cualquier informaci\u00f3n personal incompleta. Corregiremos nuestros registros y notificaremos a los terceros a los que se pueda transferir dicha informaci\u00f3n personal, como se describe anteriormente.<\/p><p>Tiene derecho a transferir a otra persona o solicitar una copia de todos los datos personales que nos haya proporcionado, despu\u00e9s de lo cual transferiremos estos datos a otro controlador de datos de su elecci\u00f3n.<\/p><p>Puede ejercer este derecho haciendo clic en el enlace \u00abcancelar la suscripci\u00f3n\u00bb o \u00abdarse de baja\u00bb en las cartas de marketing que le enviamos. Para optar por no recibir ning\u00fan material de marketing enviado por la Compa\u00f1\u00eda.<\/p><p>Tiene derecho a solicitar que dejemos de procesar sus datos personales. Tenga en cuenta que esto puede impedirle utilizar ciertos servicios para los que es necesario el procesamiento de sus datos personales.<\/p><p>Puede retirar su consentimiento para el procesamiento de sus datos personales en cualquier momento. Esto no afectar\u00e1 la legalidad del procesamiento de datos al que previamente dio su consentimiento. Tenga en cuenta que si retira su consentimiento, esto puede impedirle utilizar algunas de las funciones de nuestro servicio que requieren el procesamiento de sus datos personales.<\/p><p>Tiene derecho a presentar una queja ante el supervisor. Medidas de seguridad de la empresa<\/p><p>La empresa aplica todas las medidas t\u00e9cnicas y administrativas adecuadas para proteger la informaci\u00f3n personal que recopila y procesa.<\/p><p>En particular, la Compa\u00f1\u00eda: almacena datos personales en servidores seguros. Utiliza enlaces de transmisi\u00f3n encriptados.<\/p><p>Utiliza otras garant\u00edas: cortafuegos, sistemas de autenticaci\u00f3n (por ejemplo, contrase\u00f1as) y mecanismos de control de acceso para evitar el acceso no autorizado a los sistemas y los datos.<\/p><p>Revisa peri\u00f3dicamente los m\u00e9todos de recopilaci\u00f3n, almacenamiento y procesamiento de informaci\u00f3n, incluidas las medidas de seguridad f\u00edsica, para evitar el acceso no autorizado a los sistemas.<\/p>\t\t\t\t\t\t\t\t<\/div>\n\t\t\t\t<\/div>\n\t\t\t\t\t<\/div>\n\t\t<\/div>\n\t\t\t\t\t<\/div>\n\t\t<\/section>\n\t\t\t\t<\/div>\n\t\t","protected":false},"excerpt":{"rendered":"<p>Pol\u00edtica de privacidad Lea atentamente la Pol\u00edtica de privacidad. Este documento forma parte integral del acuerdo entre usted (tambi\u00e9n denominado \u00abUsuario\u00bb) y la Compa\u00f1\u00eda. La Pol\u00edtica de privacidad describe las reglas de trabajo de la Compa\u00f1\u00eda con respecto a sus datos personales. Los datos personales incluyen cualquier dato del Usuario que lo identifique como individuo. [&hellip;]<\/p>\n","protected":false},"author":1,"featured_media":0,"parent":0,"menu_order":0,"comment_status":"closed","ping_status":"closed","template":"","meta":{"footnotes":""},"class_list":["post-1390","page","type-page","status-publish","hentry"],"_links":{"self":[{"href":"https:\/\/globalvrtx.icu\/es\/wp-json\/wp\/v2\/pages\/1390","targetHints":{"allow":["GET"]}}],"collection":[{"href":"https:\/\/globalvrtx.icu\/es\/wp-json\/wp\/v2\/pages"}],"about":[{"href":"https:\/\/globalvrtx.icu\/es\/wp-json\/wp\/v2\/types\/page"}],"author":[{"embeddable":true,"href":"https:\/\/globalvrtx.icu\/es\/wp-json\/wp\/v2\/users\/1"}],"replies":[{"embeddable":true,"href":"https:\/\/globalvrtx.icu\/es\/wp-json\/wp\/v2\/comments?post=1390"}],"version-history":[{"count":4,"href":"https:\/\/globalvrtx.icu\/es\/wp-json\/wp\/v2\/pages\/1390\/revisions"}],"predecessor-version":[{"id":1394,"href":"https:\/\/globalvrtx.icu\/es\/wp-json\/wp\/v2\/pages\/1390\/revisions\/1394"}],"wp:attachment":[{"href":"https:\/\/globalvrtx.icu\/es\/wp-json\/wp\/v2\/media?parent=1390"}],"curies":[{"name":"wp","href":"https:\/\/api.w.org\/{rel}","templated":true}]}}