{"id":1327,"date":"2024-08-05T11:50:41","date_gmt":"2024-08-05T11:50:41","guid":{"rendered":"https:\/\/globalvrtx.icu\/?page_id=1327"},"modified":"2024-08-06T11:54:30","modified_gmt":"2024-08-06T11:54:30","slug":"deposit-and-withdrawal-policy-es","status":"publish","type":"page","link":"https:\/\/globalvrtx.icu\/es\/deposit-and-withdrawal-policy-es\/","title":{"rendered":"Deposit and Withdrawal Policy es"},"content":{"rendered":"\t\t<div data-elementor-type=\"wp-page\" data-elementor-id=\"1327\" class=\"elementor elementor-1327 elementor-1219\" data-elementor-post-type=\"page\">\n\t\t\t\t\t\t<section class=\"elementor-section elementor-top-section elementor-element elementor-element-7f87b49 elementor-section-boxed elementor-section-height-default elementor-section-height-default\" data-id=\"7f87b49\" data-element_type=\"section\">\n\t\t\t\t\t\t<div class=\"elementor-container elementor-column-gap-default\">\n\t\t\t\t\t<div class=\"elementor-column elementor-col-100 elementor-top-column elementor-element elementor-element-2546387\" data-id=\"2546387\" data-element_type=\"column\" data-settings=\"{&quot;background_background&quot;:&quot;classic&quot;}\">\n\t\t\t<div class=\"elementor-widget-wrap elementor-element-populated\">\n\t\t\t\t\t\t<div class=\"elementor-element elementor-element-a568ae1 elementor-widget elementor-widget-heading\" data-id=\"a568ae1\" data-element_type=\"widget\" data-widget_type=\"heading.default\">\n\t\t\t\t<div class=\"elementor-widget-container\">\n\t\t\t\t\t<h2 class=\"elementor-heading-title elementor-size-default\">Pol\u00edtica de dep\u00f3sitos y retiros<\/h2>\t\t\t\t<\/div>\n\t\t\t\t<\/div>\n\t\t\t\t<div class=\"elementor-element elementor-element-128bb07 elementor-widget elementor-widget-text-editor\" data-id=\"128bb07\" data-element_type=\"widget\" data-widget_type=\"text-editor.default\">\n\t\t\t\t<div class=\"elementor-widget-container\">\n\t\t\t\t\t\t\t\t\t<p>Pol\u00edtica de dep\u00f3sitos y retiros<\/p><p>Estos t\u00e9rminos y condiciones se aplican a cualquier transferencia realizada por clientes o con el prop\u00f3sito de depositar fondos monetarios o retirar fondos monetarios de la cuenta de operaciones del cliente que se haya abierto.<\/p><p>Para operar en cualquier oportunidad de inversi\u00f3n que pueda generar ganancias, los clientes deben depositar dinero en su cuenta de operaciones. Las ganancias se pueden retirar de la cuenta en l\u00ednea. Los dep\u00f3sitos y retiros est\u00e1n regulados por esta pol\u00edtica, as\u00ed como por los t\u00e9rminos y condiciones generalmente aplicables.<\/p><p>Depositar y retirar fondos en y desde su cuenta de operaciones es simple y directo.<\/p><p>Financiamiento de la cuenta<\/p><p>Usted, el cliente, debe realizar todos los dep\u00f3sitos desde una fuente particular (por ejemplo, una cuenta bancaria \u00fanica). Si desea comenzar a operar, debe asegurarse de que esta cuenta est\u00e9 en su pa\u00eds de residencia y a su nombre. Para certificar que una transacci\u00f3n es aut\u00e9ntica, debe envi\u00e1rnosla para confirmar el origen de los fondos que se utilizar\u00e1n para operar.<\/p><p>El Cliente puede transferir fondos a la Compa\u00f1\u00eda con diferentes m\u00e9todos de pago seg\u00fan lo permita la Compa\u00f1\u00eda en cada momento y en cualquier moneda (aceptable por la Compa\u00f1\u00eda), y dichos fondos se convertir\u00e1n y gestionar\u00e1n en la Plataforma de Negociaci\u00f3n en d\u00f3lares estadounidenses y\/o euros y\/o libras esterlinas, seg\u00fan lo determine<\/p><p>la Compa\u00f1\u00eda, de acuerdo con un tipo de cambio determinado por la<\/p><p>Compa\u00f1\u00eda de acuerdo con las tasas de mercado disponibles. Normas de Financiamiento de Cuentas<\/p><p>Dep\u00f3sito: Los clientes pueden depositar los fondos a trav\u00e9s del siguiente procedimiento en nuestra cuenta bancaria (Transferencia Bancaria\/Telef\u00f3nica), cualquier billetera criptogr\u00e1fica leg\u00edtima o tarjeta bancaria (Cr\u00e9dito\/D\u00e9bito).<\/p><p>Confirmar el dep\u00f3sito: Despu\u00e9s de depositar o transferir el monto a nuestra cuenta, conserve el recibo de pago y env\u00edelo a nuestro departamento de liquidaciones.<\/p><p>Recibir el estado de cuenta diario: Confirmado el pago recibido, actualizaremos la transacci\u00f3n en su estado de cuenta diario con el d\u00eda y la hora correspondientes. Si no recibe el estado de cuenta diario o no puede encontrar la transacci\u00f3n de dep\u00f3sito, comun\u00edquese con su gerente personal o con nuestro departamento de atenci\u00f3n al cliente lo antes posible.<\/p><p>Por favor, espere hasta 5 d\u00edas h\u00e1biles para que los fondos depositados a trav\u00e9s de transferencia bancaria\/telegr\u00e1fica aparezcan en su cuenta de operaciones. Tenga en cuenta que todas las transacciones deben estar bajo el control de su administrador personal para evitar demoras y problemas. El monto m\u00ednimo de dep\u00f3sito (para tarjetas de cr\u00e9dito\/d\u00e9bito) es de $250 USD \/ El monto m\u00e1ximo de dep\u00f3sito es ilimitado.<\/p><p>El Cliente no tendr\u00e1 ning\u00fan reclamo contra la Compa\u00f1\u00eda y no responsabilizar\u00e1 a la Compa\u00f1\u00eda por demoras y\/o diferencias originadas por el c\u00e1lculo de tasas y\/o comisiones y\/o cualquier otro d\u00e9bito de una compa\u00f1\u00eda de cr\u00e9dito, bancos u otras instituciones financieras.<\/p><p>El Cliente declara que todos los fondos que transfiere a la Compa\u00f1\u00eda no provienen de ninguna actividad delictiva o ilegal y sin ninguna violaci\u00f3n de las leyes y regulaciones aplicables contra el lavado de dinero.<\/p><p>Si no cumple con esta pol\u00edtica, se le puede impedir depositar los fondos.<\/p><p>Retiro<\/p><p>De acuerdo con las normas y regulaciones AML generalmente aceptables, los retiros deben realizarse solo a trav\u00e9s de la misma cuenta bancaria o tarjeta de cr\u00e9dito\/d\u00e9bito que el cliente utiliz\u00f3 para depositar los fondos.<\/p><p>A menos que acordemos lo contrario, los retiros de la Cuenta solo se pueden realizar en la misma moneda FIAT en la que se realiz\u00f3 el dep\u00f3sito respectivo. Adem\u00e1s, cuando deposita o retira dinero para fines comerciales utilizando m\u00e9todos de pago FIAT alternativos, debe tener en cuenta que pueden aplicarse tarifas y restricciones adicionales. Los retiros est\u00e1n sujetos a tarifas de procesamiento y manejo de retiros. Esas tarifas se deducir\u00e1n del monto retirado transferido. Sin perjuicio de lo anterior, podemos ejecutar retiros en una instalaci\u00f3n diferente a la utilizada para el dep\u00f3sito, de acuerdo con las regulaciones contra el lavado de dinero. Adem\u00e1s, cuando se trata de retiros, es posible que se le solicite al Cliente que presente informaci\u00f3n y documentos adicionales. Regulaciones de retiro<\/p><p>Para procesar su solicitud de retiro, debe: Iniciar sesi\u00f3n en su cuenta a trav\u00e9s del sitio web. Abrir una solicitud de retiro desde el \u00e1rea de clientes. Completar el formulario de retiro.<\/p><p>Imprimir el formulario de retiro. Firmar el formulario impreso.<\/p><p>Toda la documentaci\u00f3n de cumplimiento debe haber sido recibida y aprobada por el oficial de cumplimiento para poder proceder con el retiro.<\/p><p>Beneficiario<\/p><p>El nombre debe coincidir con el nombre de la cuenta comercial. No se procesar\u00e1n las solicitudes de transferencia de fondos a terceros. El reembolso de cualquier fondo mediante transferencia bancaria por parte de la Compa\u00f1\u00eda al Cliente<\/p><p>se realizar\u00e1 en la misma moneda y a la misma cuenta\/tarjeta de cr\u00e9dito desde la que se transfirieron originalmente los fondos, a menos que la Compa\u00f1\u00eda haya decidido, a su propia discreci\u00f3n, devolver los fondos a una cuenta diferente del Cliente.<\/p><p>El Cliente no tendr\u00e1 ning\u00fan reclamo contra la Compa\u00f1\u00eda y no la responsabilizar\u00e1 por cualquier demora y\/o diferencia que se origine en el c\u00e1lculo de las tasas y\/o comisiones de una compa\u00f1\u00eda de cr\u00e9dito, bancos u otras instituciones financieras<\/p><p>\/o cualquier otro d\u00e9bito.<\/p><p>En caso de que el Cliente d\u00e9 una instrucci\u00f3n para retirar fondos de la Cuenta de Operaciones, el departamento financiero supervisa cada solicitud de retiro enviada. Se deben presentar documentos de identificaci\u00f3n para procesar cualquier retiro.<\/p><p>La Compa\u00f1\u00eda puede cancelar la orden de retiro del Cliente, si, seg\u00fan el criterio de la Compa\u00f1\u00eda, los fondos restantes (despu\u00e9s del retiro) no son suficientes para asegurar la(s) Posici\u00f3n(es) abierta(s) en la Cuenta de Operaciones.<\/p><p>La compa\u00f1\u00eda no asume ninguna responsabilidad por demoras en los retiros, debido a pol\u00edticas de terceros (bancos, compa\u00f1\u00edas de tarjetas de cr\u00e9dito u otros proveedores de servicios), ni por eventos de fuerza mayor que no est\u00e9n bajo el control de la compa\u00f1\u00eda.<\/p><p>Tiempo de procesamiento de retiro<\/p><p>El tiempo que demora el dinero en llegar a su tarjeta de cr\u00e9dito\/d\u00e9bito o cuenta bancaria que se haya utilizado para depositar fondos puede variar (generalmente hasta cinco d\u00edas h\u00e1biles). Tenga en cuenta que los retiros a cuentas bancarias pueden demorar m\u00e1s debido a los procedimientos de seguridad adicionales vigentes.<\/p><p>La solicitud generalmente se procesar\u00e1 dentro de los 4 a 7 d\u00edas h\u00e1biles. Para evitar demoras, revise su informaci\u00f3n cuidadosamente antes de enviar la solicitud. No asumimos ninguna responsabilidad por errores o inexactitudes cometidos por el titular de la cuenta. No podemos controlar y no somos responsables de ninguna manera de los procedimientos internos de la Compa\u00f1\u00eda de Tarjeta de Cr\u00e9dito\/D\u00e9bito del Cliente o del banco. El Cliente debe hacer un seguimiento con la tarjeta de cr\u00e9dito o el banco respectivo de forma independiente.<\/p><p>Los fondos se liberan a su cuenta de tarjeta de cr\u00e9dito\/d\u00e9bito una vez que el comerciante de su tarjeta de cr\u00e9dito\/d\u00e9bito haya debitado los fondos de nuestra cuenta. Este proceso puede tardar hasta 5 d\u00edas h\u00e1biles o m\u00e1s para reflejarse en el saldo de su cuenta de tarjeta de cr\u00e9dito\/d\u00e9bito. Si no tiene acceso en l\u00ednea a su tarjeta de cr\u00e9dito\/d\u00e9bito, deber\u00eda aparecer en el pr\u00f3ximo estado de cuenta (s) de facturaci\u00f3n seg\u00fan el ciclo de facturaci\u00f3n de su tarjeta.<\/p><p>Tenga en cuenta claramente que no estamos comprometidos con ning\u00fan plazo y que cualquier cargo adicional impuesto por terceros se deducir\u00e1 del dep\u00f3sito o del retiro, seg\u00fan corresponda.<\/p><p>Tarifas y cargos adicionales<\/p><p>Si el banco receptor utiliza un banco intermediario para enviar\/recibir fondos, puede incurrir en tarifas adicionales cobradas por el banco intermediario. Estos cargos generalmente se aplican por la transmisi\u00f3n de la transferencia bancaria para su banco. No estamos involucrados en estos cargos adicionales ni tenemos control sobre ellos.<\/p><p>P\u00f3ngase en contacto con su instituci\u00f3n financiera para obtener m\u00e1s informaci\u00f3n.<\/p><p>Todos los dep\u00f3sitos a la empresa, ya sea con tarjeta de cr\u00e9dito o transferencia bancaria, no est\u00e1n sujetos a cargos de la empresa. Los clientes pueden ver cargos que se les cobran y estos cargos ser\u00e1n del banco del cliente.<\/p><p>De acuerdo con las normas laborales, su cuenta de operaciones podr\u00eda estar sujeta a un cargo por inactividad. Las comisiones se deducir\u00e1n del saldo de su cuenta mensualmente, hasta que reanude la actividad de su cuenta o hasta que el saldo llegue a cero. P\u00f3ngase en contacto con su gerente personal para obtener m\u00e1s detalles.<\/p><p>Fondos no depositados<\/p><p>Los fondos que aparecen en la cuenta de los clientes pueden incluir bonos e incentivos acordados o voluntarios, o cualquier otra suma no depositada directamente por el cliente o obtenida de las operaciones a cuenta de los fondos realmente depositados<\/p><p>(\u201cFondos no depositados\u201d). Tenga en cuenta que, a menos que se acuerde expl\u00edcitamente lo contrario, los fondos no depositados no est\u00e1n disponibles para retiro. Adem\u00e1s, debido a limitaciones t\u00e9cnicas, los Fondos no depositados pueden asignarse a la cuenta del Cliente en ciertas ocasiones (por ejemplo, con el prop\u00f3sito t\u00e9cnico de permitir el cierre de posiciones o una cuenta endeudada).<\/p><p>Sin perjuicio de lo mencionado anteriormente, los bonos emitidos al Cliente por la Compa\u00f1\u00eda solo pueden retirarse sujetos a la ejecuci\u00f3n de un volumen de negociaci\u00f3n m\u00ednimo de 25 veces el monto del dep\u00f3sito m\u00e1s el bono emitido (\u00abVolumen de negociaci\u00f3n m\u00ednimo\u00bb).<\/p><p>Fondos de bonificaci\u00f3n<\/p><p>La Compa\u00f1\u00eda puede ofrecer una serie de caracter\u00edsticas de recompensa atractivas, incluyendo bonos de bienvenida, concursos y premios a clientes nuevos o existentes.<\/p><p>Los bonos y cr\u00e9ditos comerciales otorgados a los clientes son parte de los programas de promociones de la Compa\u00f1\u00eda. Estos bonos son ofertas por tiempo limitado y los t\u00e9rminos y condiciones asociados con cualquier recompensa de bonificaci\u00f3n est\u00e1n sujetos a cambios de vez en cuando.<\/p><p>Los bonos y las ganancias que se basan, incluso parcialmente, en el uso de cr\u00e9dito de bonificaci\u00f3n, se perder\u00e1n en caso de que la Compa\u00f1\u00eda sospeche cualquier acto de fraude o incumplimiento de los T\u00e9rminos y condiciones de la Compa\u00f1\u00eda por parte del Cliente.<\/p><p>Los fondos solo se pueden retirar cuando se haya cumplido y cumplido por completo la estipulaci\u00f3n anterior. Todos los bonos comerciales son definitivos y un bono comercial no se puede eliminar una vez que se haya acreditado en una cuenta.<\/p><p>Transacciones con tarjetas de cr\u00e9dito\/d\u00e9bito<\/p><p>Para dep\u00f3sitos con tarjeta de cr\u00e9dito\/d\u00e9bito, cuando elija una cuenta en una moneda diferente a USD (d\u00f3lar estadounidense), su tarjeta de cr\u00e9dito\/d\u00e9bito se debitar\u00e1 correctamente de acuerdo con el monto depositado y los tipos de cambio aplicables. Adem\u00e1s de la suma intercambiada depositada, pueden aplicarse tarifas adicionales de tarjetas de cr\u00e9dito (como resultado, en tales casos puede notar discrepancias entre la suma del dep\u00f3sito y la suma cobrada).<\/p>\t\t\t\t\t\t\t\t<\/div>\n\t\t\t\t<\/div>\n\t\t\t\t\t<\/div>\n\t\t<\/div>\n\t\t\t\t\t<\/div>\n\t\t<\/section>\n\t\t\t\t<\/div>\n\t\t","protected":false},"excerpt":{"rendered":"<p>Pol\u00edtica de dep\u00f3sitos y retiros Pol\u00edtica de dep\u00f3sitos y retiros Estos t\u00e9rminos y condiciones se aplican a cualquier transferencia realizada por clientes o con el prop\u00f3sito de depositar fondos monetarios o retirar fondos monetarios de la cuenta de operaciones del cliente que se haya abierto. Para operar en cualquier oportunidad de inversi\u00f3n que pueda generar [&hellip;]<\/p>\n","protected":false},"author":1,"featured_media":0,"parent":0,"menu_order":0,"comment_status":"closed","ping_status":"closed","template":"","meta":{"footnotes":""},"class_list":["post-1327","page","type-page","status-publish","hentry"],"_links":{"self":[{"href":"https:\/\/globalvrtx.icu\/es\/wp-json\/wp\/v2\/pages\/1327","targetHints":{"allow":["GET"]}}],"collection":[{"href":"https:\/\/globalvrtx.icu\/es\/wp-json\/wp\/v2\/pages"}],"about":[{"href":"https:\/\/globalvrtx.icu\/es\/wp-json\/wp\/v2\/types\/page"}],"author":[{"embeddable":true,"href":"https:\/\/globalvrtx.icu\/es\/wp-json\/wp\/v2\/users\/1"}],"replies":[{"embeddable":true,"href":"https:\/\/globalvrtx.icu\/es\/wp-json\/wp\/v2\/comments?post=1327"}],"version-history":[{"count":4,"href":"https:\/\/globalvrtx.icu\/es\/wp-json\/wp\/v2\/pages\/1327\/revisions"}],"predecessor-version":[{"id":1331,"href":"https:\/\/globalvrtx.icu\/es\/wp-json\/wp\/v2\/pages\/1327\/revisions\/1331"}],"wp:attachment":[{"href":"https:\/\/globalvrtx.icu\/es\/wp-json\/wp\/v2\/media?parent=1327"}],"curies":[{"name":"wp","href":"https:\/\/api.w.org\/{rel}","templated":true}]}}