{"id":1297,"date":"2024-08-06T11:21:38","date_gmt":"2024-08-06T11:21:38","guid":{"rendered":"https:\/\/globalvrtx.icu\/?page_id=1297"},"modified":"2024-08-06T11:50:45","modified_gmt":"2024-08-06T11:50:45","slug":"cookies-policy-es","status":"publish","type":"page","link":"https:\/\/globalvrtx.icu\/es\/cookies-policy-es\/","title":{"rendered":"Cookies Policy es"},"content":{"rendered":"\t\t<div data-elementor-type=\"wp-page\" data-elementor-id=\"1297\" class=\"elementor elementor-1297 elementor-1232\" data-elementor-post-type=\"page\">\n\t\t\t\t\t\t<section class=\"elementor-section elementor-top-section elementor-element elementor-element-ee9e514 elementor-section-boxed elementor-section-height-default elementor-section-height-default\" data-id=\"ee9e514\" data-element_type=\"section\">\n\t\t\t\t\t\t<div class=\"elementor-container elementor-column-gap-default\">\n\t\t\t\t\t<div class=\"elementor-column elementor-col-100 elementor-top-column elementor-element elementor-element-aae0398\" data-id=\"aae0398\" data-element_type=\"column\" data-settings=\"{&quot;background_background&quot;:&quot;classic&quot;}\">\n\t\t\t<div class=\"elementor-widget-wrap elementor-element-populated\">\n\t\t\t\t\t\t<div class=\"elementor-element elementor-element-75021e6 elementor-widget elementor-widget-heading\" data-id=\"75021e6\" data-element_type=\"widget\" data-widget_type=\"heading.default\">\n\t\t\t\t<div class=\"elementor-widget-container\">\n\t\t\t\t\t<h2 class=\"elementor-heading-title elementor-size-default\">Pol\u00edtica de Cookies<\/h2>\t\t\t\t<\/div>\n\t\t\t\t<\/div>\n\t\t\t\t<div class=\"elementor-element elementor-element-da083e0 elementor-widget elementor-widget-text-editor\" data-id=\"da083e0\" data-element_type=\"widget\" data-widget_type=\"text-editor.default\">\n\t\t\t\t<div class=\"elementor-widget-container\">\n\t\t\t\t\t\t\t\t\t<p>\u00bfQu\u00e9 es una Pol\u00edtica de Cookies?<\/p><p>Una Pol\u00edtica de Cookies es la pol\u00edtica en la que los usuarios pueden encontrar informaci\u00f3n detallada sobre los tipos de cookies que utiliza un sitio web, c\u00f3mo se utilizan estas cookies y c\u00f3mo los usuarios pueden controlar la colocaci\u00f3n de cookies mediante la limitaci\u00f3n o prohibici\u00f3n de que un sitio web coloque cookies en su dispositivo electr\u00f3nico.<\/p><p>\u00bfQu\u00e9 son las cookies?<\/p><p>Las cookies son peque\u00f1os archivos de texto que los sitios web que visita colocan en su computadora. Se utilizan ampliamente para permitir que los sitios web funcionen en general o funcionen de manera m\u00e1s eficiente, as\u00ed como para proporcionar la informaci\u00f3n necesaria a los propietarios de sitios web. El uso de cookies es actualmente la pr\u00e1ctica est\u00e1ndar para la mayor\u00eda de los sitios web.<\/p><p>\u00bfGestionar cookies en su dispositivo?<\/p><p>Utilizamos cookies para personalizar el contenido y mejorar la experiencia del usuario. Al navegar por este sitio web, acepta el uso de cookies. Puede controlar y administrar las cookies a trav\u00e9s de su navegador.<\/p><p>TENGA EN CUENTA QUE ELIMINAR O BLOQUEAR LAS COOKIES PUEDE AFECTAR LA INTERFAZ DE USUARIO DEL SITIO WEB Y HACER QUE ALGUNOS DE LOS COMPONENTES DEL SITIO WEB SEAN INACCESIBLES.<\/p><p>\u00bfC\u00f3mo deshabilitar las cookies?<\/p><p>La mayor\u00eda de los navegadores le permiten ver, eliminar y bloquear las cookies de los sitios web. Tenga en cuenta que si se eliminan todas las cookies, se restablecer\u00e1n todos sus ajustes, incluida la capacidad de rechazar las cookies, ya que esta funci\u00f3n requiere la colocaci\u00f3n de una cookie correspondiente en su dispositivo que prevea dicho fallo.<\/p><p>Utilizamos los siguientes tipos de cookies: Obligatorias. Estas cookies son necesarias para el funcionamiento del<\/p><p>sitio. Entre ellas se incluyen, por ejemplo, las cookies que le permiten iniciar sesi\u00f3n en partes seguras del sitio y utilizar la funcionalidad b\u00e1sica del mismo.<\/p><p>Anal\u00edticas\/de servicio. Estas cookies proporcionan informaci\u00f3n sobre c\u00f3mo y con qu\u00e9 frecuencia se utiliza el sitio web, qu\u00e9 grupos de usuarios existen, qu\u00e9 herramientas de b\u00fasqueda se utilizan. Las estad\u00edsticas de cookies tambi\u00e9n se pueden obtener de un tercero.<\/p><p>Objetivo. Estas cookies recuerdan sus visitas a nuestro sitio web, qu\u00e9 p\u00e1ginas visit\u00f3, en qu\u00e9 enlaces hizo clic. Utilizamos esta informaci\u00f3n para hacer que nuestro sitio y nuestra informaci\u00f3n sean m\u00e1s relevantes para sus intereses.<\/p><p>P\u00f3ngase en contacto con nosotros si tiene alguna pregunta, comentario o para obtener una aclaraci\u00f3n.<\/p>\t\t\t\t\t\t\t\t<\/div>\n\t\t\t\t<\/div>\n\t\t\t\t\t<\/div>\n\t\t<\/div>\n\t\t\t\t\t<\/div>\n\t\t<\/section>\n\t\t\t\t<\/div>\n\t\t","protected":false},"excerpt":{"rendered":"<p>Pol\u00edtica de Cookies \u00bfQu\u00e9 es una Pol\u00edtica de Cookies? Una Pol\u00edtica de Cookies es la pol\u00edtica en la que los usuarios pueden encontrar informaci\u00f3n detallada sobre los tipos de cookies que utiliza un sitio web, c\u00f3mo se utilizan estas cookies y c\u00f3mo los usuarios pueden controlar la colocaci\u00f3n de cookies mediante la limitaci\u00f3n o prohibici\u00f3n [&hellip;]<\/p>\n","protected":false},"author":1,"featured_media":0,"parent":0,"menu_order":0,"comment_status":"closed","ping_status":"closed","template":"","meta":{"footnotes":""},"class_list":["post-1297","page","type-page","status-publish","hentry"],"_links":{"self":[{"href":"https:\/\/globalvrtx.icu\/es\/wp-json\/wp\/v2\/pages\/1297","targetHints":{"allow":["GET"]}}],"collection":[{"href":"https:\/\/globalvrtx.icu\/es\/wp-json\/wp\/v2\/pages"}],"about":[{"href":"https:\/\/globalvrtx.icu\/es\/wp-json\/wp\/v2\/types\/page"}],"author":[{"embeddable":true,"href":"https:\/\/globalvrtx.icu\/es\/wp-json\/wp\/v2\/users\/1"}],"replies":[{"embeddable":true,"href":"https:\/\/globalvrtx.icu\/es\/wp-json\/wp\/v2\/comments?post=1297"}],"version-history":[{"count":4,"href":"https:\/\/globalvrtx.icu\/es\/wp-json\/wp\/v2\/pages\/1297\/revisions"}],"predecessor-version":[{"id":1301,"href":"https:\/\/globalvrtx.icu\/es\/wp-json\/wp\/v2\/pages\/1297\/revisions\/1301"}],"wp:attachment":[{"href":"https:\/\/globalvrtx.icu\/es\/wp-json\/wp\/v2\/media?parent=1297"}],"curies":[{"name":"wp","href":"https:\/\/api.w.org\/{rel}","templated":true}]}}