{"id":1267,"date":"2024-08-06T11:20:41","date_gmt":"2024-08-06T11:20:41","guid":{"rendered":"https:\/\/globalvrtx.icu\/?page_id=1267"},"modified":"2024-08-06T11:36:57","modified_gmt":"2024-08-06T11:36:57","slug":"aml-es","status":"publish","type":"page","link":"https:\/\/globalvrtx.icu\/es\/aml-es\/","title":{"rendered":"AML es"},"content":{"rendered":"\t\t<div data-elementor-type=\"wp-page\" data-elementor-id=\"1267\" class=\"elementor elementor-1267 elementor-1227\" data-elementor-post-type=\"page\">\n\t\t\t\t\t\t<section class=\"elementor-section elementor-top-section elementor-element elementor-element-79ad53f elementor-section-boxed elementor-section-height-default elementor-section-height-default\" data-id=\"79ad53f\" data-element_type=\"section\">\n\t\t\t\t\t\t<div class=\"elementor-container elementor-column-gap-default\">\n\t\t\t\t\t<div class=\"elementor-column elementor-col-100 elementor-top-column elementor-element elementor-element-93f1fe1\" data-id=\"93f1fe1\" data-element_type=\"column\" data-settings=\"{&quot;background_background&quot;:&quot;classic&quot;}\">\n\t\t\t<div class=\"elementor-widget-wrap elementor-element-populated\">\n\t\t\t\t\t\t<div class=\"elementor-element elementor-element-21902d9 elementor-widget elementor-widget-heading\" data-id=\"21902d9\" data-element_type=\"widget\" data-widget_type=\"heading.default\">\n\t\t\t\t<div class=\"elementor-widget-container\">\n\t\t\t\t\t<h2 class=\"elementor-heading-title elementor-size-default\">Pol\u00edtica contra el lavado de dinero<\/h2>\t\t\t\t<\/div>\n\t\t\t\t<\/div>\n\t\t\t\t<div class=\"elementor-element elementor-element-1303354 elementor-widget elementor-widget-text-editor\" data-id=\"1303354\" data-element_type=\"widget\" data-widget_type=\"text-editor.default\">\n\t\t\t\t<div class=\"elementor-widget-container\">\n\t\t\t\t\t\t\t\t\t<p>Pol\u00edtica contra el lavado de dinero<\/p><p>La empresa cuenta con pol\u00edticas para evitar que las personas laven dinero. Estas pautas incluyen:<\/p><p>1. Garantizar que los clientes tengan una prueba de identidad v\u00e1lida y mantener registros de informaci\u00f3n de identificaci\u00f3n;<\/p><p>2. Determinar que los clientes no son terroristas conocidos o sospechosos comparando sus nombres con listas de terroristas conocidos o sospechosos;<\/p><p>3. Informar a los clientes que la informaci\u00f3n que proporcionen podr\u00e1 utilizarse para verificar su identidad;<\/p><p>4. Realice un seguimiento preciso de las transacciones monetarias de los clientes. Sin efectivo, sin giros postales, sin transacciones con terceros, sin transferencias de casas de cambio u Western<\/p><p>Acepta transferencias sindicales.<\/p><p>\u00bfQu\u00e9 es el lavado de dinero?<\/p><p>El lavado de dinero es el acto de ocultar dinero obtenido ilegalmente para que la fuente parezca leg\u00edtima. Cumplimos con leyes estrictas que nos proh\u00edben a nosotros o a nuestros empleados o agentes participar o intentar participar a sabiendas en cualquier actividad, incluso remotamente relacionada con el lavado de dinero. Nuestro<\/p><p>Las pol\u00edticas contra el lavado de dinero aumentan la protecci\u00f3n de los inversores y los servicios de seguridad del cliente y proporcionan procesos de pago seguros.<\/p><p>El blanqueo de capitales suele darse en tres fases:<\/p><p>1. En primer lugar, se introduce efectivo o equivalentes al efectivo en el sistema financiero;<\/p><p>2. En segundo lugar, el dinero se transfiere a otras cuentas (por ejemplo, a trav\u00e9s de una serie de transacciones financieras destinadas a ocultar el origen del dinero (por ejemplo, ejecutando transacciones con poco o ning\u00fan riesgo financiero o transfiriendo saldos de cuentas a otras cuentas). B. cuentas a plazo ) transferido o trasladado;<\/p><p>3. Y finalmente, los fondos se reintroducen en la econom\u00eda de manera que parezcan provenir de fuentes leg\u00edtimas (por ejemplo, cerrar una cuenta a plazo y transferir los fondos a una cuenta bancaria).<\/p><p>Las cuentas comerciales son un medio que puede utilizarse para blanquear fondos ilegales u ocultar al verdadero propietario de los fondos. En particular, una cuenta comercial se puede utilizar para realizar transacciones financieras que ayuden a ocultar el origen de los fondos.<\/p><p>Redirigimos los retiros de fondos a la fuente de transferencia original como medida preventiva.<\/p><p>La lucha internacional contra el lavado de dinero requiere que las instituciones de servicios financieros sean conscientes de los posibles abusos de lavado de dinero que pueden ocurrir en la cuenta de un cliente e implementen un programa de cumplimiento para disuadir, detectar y reportar actividades potencialmente sospechosas.<\/p><p>Estas pol\u00edticas se han implementado para proteger a nuestros clientes. \u00bfQu\u00e9 es una pol\u00edtica contra el blanqueo de capitales?<\/p><p>Antilavado de dinero (AML) es un t\u00e9rmino utilizado principalmente en las industrias financiera y legal para describir los controles legales que requieren que las instituciones financieras y otras entidades reguladas prevengan, detecten y reporten actividades de lavado de dinero.<\/p><p>Tratamos el lavado de dinero como una actividad ilegal y estamos a la vanguardia de la lucha contra cualquier actividad criminal. Siempre nos mantenemos en contacto con las autoridades pertinentes de la industria y seguimos lo que sucede a nuestro alrededor, especialmente cuando se trata de nuestros titulares de cuentas. identificaci\u00f3n<\/p><p>La primera l\u00ednea de defensa contra el lavado de dinero es la sofisticada verificaci\u00f3n de conocimiento del cliente (KYC). Para garantizar el cumplimiento de las regulaciones est\u00e1ndar ALD, requerimos que el cliente presente la siguiente documentaci\u00f3n:<\/p><p>1. Prueba de identidad: una copia clara del anverso y reverso de la tarjeta de identificaci\u00f3n emitida por el gobierno, es decir, h. un pasaporte o permiso de conducir v\u00e1lido.<\/p><p>2. Comprobante de Residencia: documento oficial emitido dentro de los \u00faltimos 3 meses que indique claramente nombre y direcci\u00f3n. Puede ser una factura de servicios p\u00fablicos (por ejemplo, agua, electricidad o tel\u00e9fono fijo) o un extracto bancario.<\/p><p>3. Copia del anverso y reverso de la tarjeta bancaria utilizada para la transacci\u00f3n: Para garantizar la privacidad y seguridad, solo deben ser visibles los \u00faltimos 4 d\u00edgitos de la tarjeta. El cliente tambi\u00e9n puede cubrir el c\u00f3digo CVV.<\/p><p>4. La declaraci\u00f3n de dep\u00f3sito.<\/p><p>Tenga en cuenta que los requisitos legales var\u00edan en ciertos pa\u00edses y es posible que necesitemos solicitar documentaci\u00f3n adicional.<\/p><p>vigilancia<\/p><p>No aceptamos pagos de terceros. Todos los dep\u00f3sitos deben realizarse a su propio nombre y deben coincidir con los documentos KYC presentados. Debido a las regulaciones contra el lavado de dinero, todos los fondos retirados deben devolverse a la fuente exacta de donde fueron recibidos. Esto significa que los fondos depositados originalmente mediante transferencia bancaria se devolver\u00e1n a la misma cuenta cuando se solicite un retiro. Si deposit\u00f3 con tarjeta de cr\u00e9dito, sus fondos tambi\u00e9n se transferir\u00e1n cuando se realice una solicitud de retiro.<\/p>\t\t\t\t\t\t\t\t<\/div>\n\t\t\t\t<\/div>\n\t\t\t\t\t<\/div>\n\t\t<\/div>\n\t\t\t\t\t<\/div>\n\t\t<\/section>\n\t\t\t\t<\/div>\n\t\t","protected":false},"excerpt":{"rendered":"<p>Pol\u00edtica contra el lavado de dinero Pol\u00edtica contra el lavado de dinero La empresa cuenta con pol\u00edticas para evitar que las personas laven dinero. Estas pautas incluyen: 1. Garantizar que los clientes tengan una prueba de identidad v\u00e1lida y mantener registros de informaci\u00f3n de identificaci\u00f3n; 2. Determinar que los clientes no son terroristas conocidos o [&hellip;]<\/p>\n","protected":false},"author":1,"featured_media":0,"parent":0,"menu_order":0,"comment_status":"closed","ping_status":"closed","template":"","meta":{"footnotes":""},"class_list":["post-1267","page","type-page","status-publish","hentry"],"_links":{"self":[{"href":"https:\/\/globalvrtx.icu\/es\/wp-json\/wp\/v2\/pages\/1267","targetHints":{"allow":["GET"]}}],"collection":[{"href":"https:\/\/globalvrtx.icu\/es\/wp-json\/wp\/v2\/pages"}],"about":[{"href":"https:\/\/globalvrtx.icu\/es\/wp-json\/wp\/v2\/types\/page"}],"author":[{"embeddable":true,"href":"https:\/\/globalvrtx.icu\/es\/wp-json\/wp\/v2\/users\/1"}],"replies":[{"embeddable":true,"href":"https:\/\/globalvrtx.icu\/es\/wp-json\/wp\/v2\/comments?post=1267"}],"version-history":[{"count":4,"href":"https:\/\/globalvrtx.icu\/es\/wp-json\/wp\/v2\/pages\/1267\/revisions"}],"predecessor-version":[{"id":1271,"href":"https:\/\/globalvrtx.icu\/es\/wp-json\/wp\/v2\/pages\/1267\/revisions\/1271"}],"wp:attachment":[{"href":"https:\/\/globalvrtx.icu\/es\/wp-json\/wp\/v2\/media?parent=1267"}],"curies":[{"name":"wp","href":"https:\/\/api.w.org\/{rel}","templated":true}]}}