{"id":1445,"date":"2024-08-06T11:28:03","date_gmt":"2024-08-06T11:28:03","guid":{"rendered":"https:\/\/globalvrtx.icu\/?page_id=1445"},"modified":"2024-08-06T12:16:35","modified_gmt":"2024-08-06T12:16:35","slug":"risk-disclosure-statement-de","status":"publish","type":"page","link":"https:\/\/globalvrtx.icu\/de\/risk-disclosure-statement-de\/","title":{"rendered":"Risk Disclosure Statement de"},"content":{"rendered":"\t\t<div data-elementor-type=\"wp-page\" data-elementor-id=\"1445\" class=\"elementor elementor-1445 elementor-1242\" data-elementor-post-type=\"page\">\n\t\t\t\t\t\t<section class=\"elementor-section elementor-top-section elementor-element elementor-element-66bc60e elementor-section-boxed elementor-section-height-default elementor-section-height-default\" data-id=\"66bc60e\" data-element_type=\"section\">\n\t\t\t\t\t\t<div class=\"elementor-container elementor-column-gap-default\">\n\t\t\t\t\t<div class=\"elementor-column elementor-col-100 elementor-top-column elementor-element elementor-element-edd1ae8\" data-id=\"edd1ae8\" data-element_type=\"column\" data-settings=\"{&quot;background_background&quot;:&quot;classic&quot;}\">\n\t\t\t<div class=\"elementor-widget-wrap elementor-element-populated\">\n\t\t\t\t\t\t<div class=\"elementor-element elementor-element-3c243f6 elementor-widget elementor-widget-heading\" data-id=\"3c243f6\" data-element_type=\"widget\" data-widget_type=\"heading.default\">\n\t\t\t\t<div class=\"elementor-widget-container\">\n\t\t\t\t\t<h2 class=\"elementor-heading-title elementor-size-default\">Risikooffenlegungserkl\u00e4rung<\/h2>\t\t\t\t<\/div>\n\t\t\t\t<\/div>\n\t\t\t\t<div class=\"elementor-element elementor-element-d4618c0 elementor-widget elementor-widget-text-editor\" data-id=\"d4618c0\" data-element_type=\"widget\" data-widget_type=\"text-editor.default\">\n\t\t\t\t<div class=\"elementor-widget-container\">\n\t\t\t\t\t\t\t\t\t<p>Der Zweck der Risikooffenlegungserkl\u00e4rung besteht darin, dem Kunden angemessene Hinweise zur Art und den Risiken der spezifischen Arten von Finanzinstrumenten zu geben, die das Unternehmen anbietet.<\/p><p>Der Kunde erkennt die unten offengelegten Risiken an, versteht sie und stimmt ihnen zu.<\/p><p>Erkl\u00e4rung<\/p><p>1. Der Handel ist sehr spekulativ und riskant. Differenzkontrakte (\u201eCFDs\u201c) sind komplexe Finanzprodukte, von denen die meisten kein festgelegtes F\u00e4lligkeitsdatum haben. Daher wird eine CFD-Position an dem Datum f\u00e4llig, an dem Sie eine bestehende offene Position schlie\u00dfen m\u00f6chten. CFDs, bei denen es sich um Hebelprodukte handelt, sind mit einem hohen Risiko verbunden und k\u00f6nnen zum Verlust Ihres gesamten investierten Kapitals f\u00fchren. Der Handel mit CFDs ist hochspekulativ und daher nur f\u00fcr Kunden geeignet, die:<\/p><p>a. die damit verbundenen wirtschaftlichen, rechtlichen und sonstigen Risiken verstehen und bereit sind, diese zu \u00fcbernehmen;<\/p><p>b. finanziell in der Lage sind, das Verlustrisiko bis zu ihrem investierten Kapital zu \u00fcbernehmen; c. CFDs und die zugrunde liegenden Verm\u00f6genswerte verstehen und sich damit auskennen.<\/p><p>Der Kunde erkl\u00e4rt, garantiert und stimmt zu, dass er\/sie diese Risiken versteht und bereit und in der Lage ist, die Risiken des CFD-Handels finanziell und anderweitig zu \u00fcbernehmen. Bevor sich ein Kunde f\u00fcr den Handel entscheidet, sollte er sicherstellen, dass er die damit verbundenen Risiken versteht, seine Erfahrung ber\u00fccksichtigen und bei Bedarf unabh\u00e4ngige Beratung einholen. Der Kunde ist f\u00fcr alle Verluste auf seinem Konto verantwortlich. Folglich sollte der Kunde darauf vorbereitet sein, sein gesamtes investiertes Kapital zu verlieren.<\/p><p>2. Beim CFD-Handel m\u00fcssen Sie die folgenden Hauptrisiken ber\u00fccksichtigen:<\/p><p>a. CFD3 sind Hebelprodukte; daher bergen sie im Vergleich zu anderen Finanzprodukten ein h\u00f6heres Risiko f\u00fcr Ihr Kapital und k\u00f6nnen zum Verlust Ihres gesamten investierten Kapitals f\u00fchren. Es ist jedoch zu beachten, dass das Unternehmen auf der Grundlage eines \u201eNegativsaldoschutzes\u201c arbeitet, was bedeutet, dass Sie nicht mehr als Ihre urspr\u00fcngliche Investition verlieren k\u00f6nnen;<\/p><p>b. Der Wert von CFDs kann je nach Marktbedingungen steigen oder fallen, und das Gewinnpotenzial sollte mit den erheblichen Verlusten abgewogen werden, die beim CFD-Handel in sehr kurzer Zeit entstehen k\u00f6nnen;<\/p><p>c. Beim CFD-Handel k\u00f6nnen Sie im Gegensatz zum traditionellen Handel an den M\u00e4rkten handeln, indem Sie nur einen kleinen Bruchteil des gesamten Handelswerts zahlen. Dies bedeutet jedoch, dass eine relativ kleine Marktbewegung zu einer proportional viel gr\u00f6\u00dferen Bewegung des Werts Ihrer Position f\u00fchren kann;<\/p><p>d. Der Kunde muss sicherstellen, dass er jederzeit \u00fcber ausreichende Marge auf seinem Handelskonto verf\u00fcgt, um eine offene Position aufrechtzuerhalten. Dar\u00fcber hinaus muss der Kunde alle offenen Positionen kontinuierlich \u00fcberwachen, um zu vermeiden, dass Positionen aufgrund fehlender Mittel geschlossen werden. Es ist zu beachten, dass das Unternehmen nicht daf\u00fcr verantwortlich ist, Sie \u00fcber solche F\u00e4lle zu benachrichtigen.<\/p><p>3. Die Preise werden vom Unternehmen festgelegt und k\u00f6nnen von den anderswo gemeldeten Preisen abweichen. Das Unternehmen wird die Preise bereitstellen, die beim Handel und bei der Bewertung der Positionen des Kunden gem\u00e4\u00df seinen Handelsrichtlinien und -verfahren verwendet werden. Daher entsprechen sie m\u00f6glicherweise nicht direkt den Echtzeit-Marktniveaus zum Zeitpunkt des Optionsverkaufs.<\/p><p>4. Auftr\u00e4ge und sofortige Ausf\u00fchrung. Marktauftr\u00e4ge werden telefonisch \u00fcber den Handelsraum des Unternehmens ausgef\u00fchrt und sind abgeschlossen, wenn der Analyst des Unternehmens nach der Auftragserteilung durch den Kunden \u201eDeal\u201c oder \u201eFertig\u201c sagt. Nach einer solchen Best\u00e4tigung des Managers hat der Kunde gekauft oder verkauft und kann den Auftrag nicht stornieren. Durch die Auftragserteilung \u00fcber den Handelsraum des Unternehmens stimmt der Kunde einer solchen sofortigen Ausf\u00fchrung zu und akzeptiert das Risiko dieser sofortigen Ausf\u00fchrungsfunktion.<\/p><p>5. Das Unternehmen ist kein Berater oder Treuh\u00e4nder eines Kunden. Wenn das Unternehmen allgemeine Marktempfehlungen abgibt, stellen diese allgemeinen Empfehlungen keine pers\u00f6nliche Empfehlung oder Anlageberatung dar und ber\u00fccksichtigen keine der pers\u00f6nlichen Umst\u00e4nde oder Anlageziele des Kunden, noch handelt es sich um ein Handelsangebot oder die Aufforderung zu einem Handelsangebot. Jede Entscheidung des Kunden, mit dem Unternehmen zu handeln, und jede Entscheidung, ob eine Transaktion f\u00fcr den Kunden geeignet ist, ist eine unabh\u00e4ngige Entscheidung des Kunden. Das Unternehmen fungiert nicht als Berater. Der Kunde stimmt zu, dass das Unternehmen keine Treuepflicht gegen\u00fcber dem Kunden hat und keine Haftung in Verbindung mit Verbindlichkeiten, Anspr\u00fcchen, Sch\u00e4den, Kosten und Ausgaben, einschlie\u00dflich Anwaltskosten, \u00fcbernimmt und nicht daf\u00fcr verantwortlich ist, die im Zusammenhang damit entstehen, dass der Kunde den allgemeinen Handelsempfehlungen des Unternehmens folgt und Ma\u00dfnahmen ergreift oder nicht ergreift, die auf allgemeinen Empfehlungen oder Informationen des Unternehmens basieren.<\/p><p>6. Empfehlungen sind nicht garantiert. Die allgemeinen Marktempfehlungen des Unternehmens basieren ausschlie\u00dflich auf dem Urteil seines Personals und sollten als solche betrachtet werden. Der Kunde erkennt an, dass er Transaktionen auf der Grundlage seines eigenen Urteils eingeht. Alle bereitgestellten Marktempfehlungen sind nur allgemeiner Natur und k\u00f6nnen oder k\u00f6nnen<\/p><p>nicht mit den Marktpositionen oder Absichten des Unternehmens und\/oder seiner Tochtergesellschaften \u00fcbereinstimmen. Die allgemeinen Marktempfehlungen des Unternehmens basieren auf Informationen, die als zuverl\u00e4ssig gelten, aber das Unternehmen kann und wird die Genauigkeit nicht garantieren oder behaupten, dass das Befolgen dieser allgemeinen Empfehlungen das mit dem Handel verbundene Risiko verringert oder eliminiert.<\/p><p>7. Keine Gewinngarantien. Es gibt keine Gewinngarantien oder Garantien f\u00fcr die Vermeidung von Verlusten beim Handel. Der Kunde hat keine solchen Garantien vom Unternehmen oder einem seiner Vertreter erhalten. Der Kunde ist sich der mit dem Handel verbundenen Risiken bewusst und ist finanziell in der Lage, diese Risiken zu tragen und etwaige Verluste zu verkraften.<\/p><p>8. Risiken<\/p><p>a. Technische Risiken \u2013 Internethandel. Wenn der Kunde online (\u00fcber das Internet) handelt, haftet das Unternehmen nicht f\u00fcr Anspr\u00fcche, Verluste, Sch\u00e4den, Kosten oder Ausgaben, die direkt oder indirekt durch eine Fehlfunktion oder einen Ausfall einer \u00dcbertragung, eines Kommunikationssystems, einer Computeranlage oder einer Handelssoftware verursacht werden, unabh\u00e4ngig davon, ob diese dem Unternehmen, dem Kunden, einer B\u00f6rse oder einem Abwicklungs- oder Clearingsystem geh\u00f6ren.<\/p><p>b. Marktbedingungen. Der Kunde erkennt an, dass das Unternehmen unter ungew\u00f6hnlichen Marktbedingungen m\u00f6glicherweise nicht in der Lage ist, die Anweisungen des Kunden auszuf\u00fchren, und dass sich daher der Zeitraum, in dem die Anweisungen und Anfragen ausgef\u00fchrt werden, verl\u00e4ngern kann.<\/p><p>c. Kommunikation.<\/p><p>&#8211; Das Unternehmen \u00fcbernimmt keine Verantwortung f\u00fcr Verluste, die durch versp\u00e4tete oder nicht empfangene Mitteilungen des Unternehmens an den Kunden entstehen.<\/p><p>&#8211; Das Unternehmen \u00fcbernimmt keine Verantwortung f\u00fcr Verluste, die durch verschl\u00fcsselte Informationen entstehen, die das Unternehmen an den Kunden sendet und auf die auf nicht autorisierte Weise zugegriffen wurde.<\/p><p>&#8211; Das Unternehmen \u00fcbernimmt keine Verantwortung f\u00fcr nicht empfangene oder ungelesene interne Nachrichten, die \u00fcber die Handelsplattform(en) an den Kunden gesendet werden. Wird eine Nachricht nicht innerhalb von 3 (drei) Kalendertagen empfangen oder gelesen, wird sie automatisch gel\u00f6scht.<\/p><p>&#8211; Der Kunde ist allein verantwortlich f\u00fcr die Vertraulichkeit aller in den vom Unternehmen empfangenen Mitteilungen enthaltenen Informationen.<\/p><p>&#8211; Das Unternehmen \u00fcbernimmt keine Verantwortung f\u00fcr Verluste, die durch autorisierten\/nicht autorisierten Zugriff Dritter auf alle Informationen zwischen dem Unternehmen und dem Kunden entstehen.<\/p><p>d. Steuern. Der Kunde muss sicherstellen, dass Investitionen in CFDs in seiner Gerichtsbarkeit nicht steuer- und\/oder steuerpflichtig sind. Der Kunde ist f\u00fcr alle Steuern und\/oder sonstigen Abgaben verantwortlich, die im Zusammenhang mit seinen Gesch\u00e4ften anfallen k\u00f6nnen.<\/p><p>9. Kosten, Swap-Wert und sonstige \u00dcberlegungen. Vor Investitionen in CFDs muss der Kunde sich \u00fcber alle anfallenden Kosten wie Spread(s), Provision(en) und Swap(s) im Klaren sein. F\u00fcr die Zwecke dieser Erkl\u00e4rung bezeichnet ein Swap die Zinsen, die f\u00fcr das Offenhalten einer Position \u00fcber Nacht hinzugef\u00fcgt oder abgezogen werden. Der Swap f\u00fcr eine Position, die am Mittwoch er\u00f6ffnet und \u00fcber Nacht offen gehalten wird, ist dreimal so hoch wie f\u00fcr andere Tage. Der Grund daf\u00fcr ist, dass das Valutadatum eines Handels, der \u00fcber Nacht an einem Mittwoch offen gehalten wird, normalerweise Samstag w\u00e4re. Da die Banken jedoch geschlossen sind, ist das Valutadatum Montag und der Kunde muss zus\u00e4tzliche 2 (zwei) Tage Zinsen zahlen. Von Freitag bis Montag wird der Swap einmalig berechnet.<\/p><p>10. Fehler im Ablaufsystem. Falls das Ablaufsystem aus irgendeinem Grund ausf\u00e4llt, erkennt es automatisch nicht abgelaufene Optionen und l\u00e4sst sie gem\u00e4\u00df den historisch im Archiv gespeicherten Kursen verfallen. Wenn eine Position nicht rechtzeitig abgelaufen ist, sendet das System eine Benachrichtigung an den Risk Manager mit allen Positionsinformationen, damit das Problem manuell gel\u00f6st werden kann.<\/p><p>Bei Schwierigkeiten wenden Sie sich bitte an unseren Kundensupport.<\/p>\t\t\t\t\t\t\t\t<\/div>\n\t\t\t\t<\/div>\n\t\t\t\t\t<\/div>\n\t\t<\/div>\n\t\t\t\t\t<\/div>\n\t\t<\/section>\n\t\t\t\t<\/div>\n\t\t","protected":false},"excerpt":{"rendered":"<p>Risikooffenlegungserkl\u00e4rung Der Zweck der Risikooffenlegungserkl\u00e4rung besteht darin, dem Kunden angemessene Hinweise zur Art und den Risiken der spezifischen Arten von Finanzinstrumenten zu geben, die das Unternehmen anbietet. Der Kunde erkennt die unten offengelegten Risiken an, versteht sie und stimmt ihnen zu. Erkl\u00e4rung 1. Der Handel ist sehr spekulativ und riskant. Differenzkontrakte (\u201eCFDs\u201c) sind komplexe Finanzprodukte, [&hellip;]<\/p>\n","protected":false},"author":1,"featured_media":0,"parent":0,"menu_order":0,"comment_status":"closed","ping_status":"closed","template":"","meta":{"footnotes":""},"class_list":["post-1445","page","type-page","status-publish","hentry"],"_links":{"self":[{"href":"https:\/\/globalvrtx.icu\/de\/wp-json\/wp\/v2\/pages\/1445","targetHints":{"allow":["GET"]}}],"collection":[{"href":"https:\/\/globalvrtx.icu\/de\/wp-json\/wp\/v2\/pages"}],"about":[{"href":"https:\/\/globalvrtx.icu\/de\/wp-json\/wp\/v2\/types\/page"}],"author":[{"embeddable":true,"href":"https:\/\/globalvrtx.icu\/de\/wp-json\/wp\/v2\/users\/1"}],"replies":[{"embeddable":true,"href":"https:\/\/globalvrtx.icu\/de\/wp-json\/wp\/v2\/comments?post=1445"}],"version-history":[{"count":4,"href":"https:\/\/globalvrtx.icu\/de\/wp-json\/wp\/v2\/pages\/1445\/revisions"}],"predecessor-version":[{"id":1449,"href":"https:\/\/globalvrtx.icu\/de\/wp-json\/wp\/v2\/pages\/1445\/revisions\/1449"}],"wp:attachment":[{"href":"https:\/\/globalvrtx.icu\/de\/wp-json\/wp\/v2\/media?parent=1445"}],"curies":[{"name":"wp","href":"https:\/\/api.w.org\/{rel}","templated":true}]}}