{"id":1385,"date":"2024-08-06T11:31:20","date_gmt":"2024-08-06T11:31:20","guid":{"rendered":"https:\/\/globalvrtx.icu\/?page_id=1385"},"modified":"2024-08-06T12:06:21","modified_gmt":"2024-08-06T12:06:21","slug":"privacy-policy-de","status":"publish","type":"page","link":"https:\/\/globalvrtx.icu\/de\/privacy-policy-de\/","title":{"rendered":"Privacy Policy de"},"content":{"rendered":"\t\t<div data-elementor-type=\"wp-page\" data-elementor-id=\"1385\" class=\"elementor elementor-1385 elementor-1252\" data-elementor-post-type=\"page\">\n\t\t\t\t\t\t<section class=\"elementor-section elementor-top-section elementor-element elementor-element-aa87ee0 elementor-section-boxed elementor-section-height-default elementor-section-height-default\" data-id=\"aa87ee0\" data-element_type=\"section\">\n\t\t\t\t\t\t<div class=\"elementor-container elementor-column-gap-default\">\n\t\t\t\t\t<div class=\"elementor-column elementor-col-100 elementor-top-column elementor-element elementor-element-9926c8c\" data-id=\"9926c8c\" data-element_type=\"column\" data-settings=\"{&quot;background_background&quot;:&quot;classic&quot;}\">\n\t\t\t<div class=\"elementor-widget-wrap elementor-element-populated\">\n\t\t\t\t\t\t<div class=\"elementor-element elementor-element-95dec94 elementor-widget elementor-widget-heading\" data-id=\"95dec94\" data-element_type=\"widget\" data-widget_type=\"heading.default\">\n\t\t\t\t<div class=\"elementor-widget-container\">\n\t\t\t\t\t<h2 class=\"elementor-heading-title elementor-size-default\">Datenschutzrichtlinie<\/h2>\t\t\t\t<\/div>\n\t\t\t\t<\/div>\n\t\t\t\t<div class=\"elementor-element elementor-element-ea71f5c elementor-widget elementor-widget-text-editor\" data-id=\"ea71f5c\" data-element_type=\"widget\" data-widget_type=\"text-editor.default\">\n\t\t\t\t<div class=\"elementor-widget-container\">\n\t\t\t\t\t\t\t\t\t<p>Bitte lesen Sie die Datenschutzrichtlinie sorgf\u00e4ltig durch. Dieses Dokument ist ein wesentlicher Bestandteil der Vereinbarung zwischen Ihnen (auch \u201eBenutzer\u201c genannt) und dem Unternehmen.<\/p><p>Die Datenschutzrichtlinie beschreibt die Regeln f\u00fcr die Arbeit des Unternehmens in Bezug auf Ihre pers\u00f6nlichen Daten. Personenbezogene Daten umfassen alle Benutzerdaten, die ihn als Einzelperson identifizieren. Diese Richtlinie erl\u00e4utert auch die Verwendung personenbezogener Daten, die wir sammeln, wenn Sie unsere Dienste nutzen, indem Sie per Telefon, E-Mail oder auf andere Weise mit uns kommunizieren. Diese Richtlinie informiert Sie dar\u00fcber, welche Art von Informationen wir sammeln, mit wem wir sie teilen und zu welchen Zwecken, wie wir sie sch\u00fctzen und welche Rechte Sie haben, um die Vertraulichkeit Ihrer Informationen zu wahren.<\/p><p>Das Unternehmen nimmt den Schutz der pers\u00f6nlichen Daten unserer Kunden und die Wahrung vertraulicher Informationen ernst. Um den Verlust von Informationen, deren Missbrauch, \u00c4nderung und unbefugten Zugriff durch Dritte zu vermeiden, erf\u00fcllen wir alle organisatorischen und technischen Anforderungen.<\/p><p>Durch die Annahme der Datenschutzrichtlinie stimmt der Benutzer der Erfassung, Speicherung, Verwendung und Offenlegung personenbezogener Daten gem\u00e4\u00df dieser Datenschutzrichtlinie und dem geltenden Recht zu. Sie k\u00f6nnen Ihre Einwilligung widerrufen und die L\u00f6schung Ihrer personenbezogenen Daten verlangen, indem Sie uns kontaktieren.<\/p><p>Welche personenbezogenen Daten erhebt das Unternehmen?<\/p><p>Sie k\u00f6nnen uns Identifikations-, Kontakt-, Finanz- und andere Informationen zur Verf\u00fcgung stellen, wenn Sie Online-Formulare ausf\u00fcllen oder uns Bewerbungsformulare telefonisch sowie per E-Mail w\u00e4hrend der Autorisierung im pers\u00f6nlichen Konto oder auf andere Weise senden. Au\u00dferdem alle personenbezogenen Daten, die Sie in folgenden F\u00e4llen angeben: Nutzung unserer Produkte oder Dienstleistungen; Registrierung Ihres pers\u00f6nlichen Kontos auf unserer Website; Abonnement unserer Publikationen oder mit uns verbundener Publikationen Dritter; Zustimmung zum Erhalt unserer Werbematerialien und Newsletter; Teilnahme an einem Wettbewerb, Treueprogramm, Sonderaktionen oder Umfragen; Hinterlassen von Bewertungen.<\/p><p>Auf einzelnen Seiten der Website k\u00f6nnen personenbezogene Daten abgefragt werden, die Sie auf Wunsch angeben k\u00f6nnen (beispielsweise k\u00f6nnen wir<\/p><p>Kontaktinformationen anfordern, um ein pers\u00f6nliches Konto zu registrieren, sich f\u00fcr Werbe-Newsletter und Benachrichtigungen von uns anzumelden und\/oder damit Sie Bewerbungen an uns senden k\u00f6nnen).<\/p><p>Wenn Sie unsere Website besuchen, werden bestimmte Informationen automatisch von Ihren Ger\u00e4ten an uns gesendet. In einigen Rechtsr\u00e4umen, einschlie\u00dflich der Europ\u00e4ischen Union, k\u00f6nnen solche Informationen gem\u00e4\u00df bestimmten Datenschutzgesetzen als personalisiert betrachtet werden. Einige dieser Informationen werden mithilfe von Cookies gesammelt. Weitere Informationen zu den von uns verwendeten Cookies und den Zwecken, f\u00fcr die sie verwendet werden, finden Sie in der Cookie-Richtlinie.<\/p><p>Die pers\u00f6nlichen Informationen, die vom Unternehmen gesammelt werden k\u00f6nnen, fallen in die folgenden Kategorien: Informationen, die Sie freiwillig bereitstellen<\/p><p>Sie k\u00f6nnen dem Unternehmen Ihre pers\u00f6nlichen Daten, Kontaktinformationen und Finanzdaten usw. bereitstellen, indem Sie die Formulare online, telefonisch, per E-Mail oder auf andere verf\u00fcgbare Weise ausf\u00fcllen.<\/p><p>Zus\u00e4tzlich zu den oben genannten Punkten werden Sie in bestimmten Teilen der Website des Unternehmens m\u00f6glicherweise aufgefordert, freiwillig pers\u00f6nliche Informationen bereitzustellen. Die pers\u00f6nlichen Informationen, die Sie angeben m\u00fcssen, sowie die Gr\u00fcnde, aus denen Sie aufgefordert werden, diese bereitzustellen, werden in Ihrer Anfrage erl\u00e4utert.Informationen, die das Unternehmen automatisch sammelt<\/p><p>Wenn Sie die Website des Unternehmens besuchen, werden bestimmte Informationen (wie Ihre IP-Adresse, Ger\u00e4tetyp, Browsertyp usw.) automatisch von Ihrem Ger\u00e4t gesendet. Das Unternehmen erh\u00e4lt au\u00dferdem Informationen dar\u00fcber, wie Ihr Ger\u00e4t mit der Website interagiert hat, einschlie\u00dflich der verfolgten Links. Durch das Sammeln dieser Informationen kann das Unternehmen Analysen von Benutzer- und Kundenanfragen durchf\u00fchren, um die Qualit\u00e4t der verf\u00fcgbaren Produkte und Dienste zu verbessern.<\/p><p>Wie kann das Unternehmen Ihre personenbezogenen Daten verwenden?<\/p><p>Senden von Newslettern an Sie; Ordnungsgem\u00e4\u00dfe Bereitstellung unserer Dienste;<\/p><p>Analyse und Verst\u00e4ndnis unseres Publikums, um den Dienst zu verbessern;<\/p><p>Untersuchen von Verst\u00f6\u00dfen gegen diese Datenschutzrichtlinie, um die Einhaltung sicherzustellen und unsere Interessen und Rechte zu sch\u00fctzen.<\/p><p>Wir k\u00f6nnen Ihnen Marketingbriefe mit Informationen \u00fcber unsere Dienste senden, die wir f\u00fcr Sie interessant finden.<\/p><p>Die Zwecke, f\u00fcr die wir Ihre personenbezogenen Daten verwenden: 1. Um Ihnen Kundenservice zu bieten. Art der Daten: Identifikationsinformationen (Vor- und Nachname, Wohnsitzland, Adresse und andere \u00e4hnliche Informationen), Kontaktdaten (E-Mail-Adresse, Telefonnummer, Messenger-Nummer und dergleichen), nationale Ausweisdokumente (Reisepass, Personalausweis, Aufenthaltserlaubnis und andere), Finanzinformationen (Bankkontonummer, Bankkartennummer und Name des Inhabers, Dokumente, aus denen die Herkunft der Gelder hervorgeht und andere), politische Bedeutung (Dokumente und Verzichtserkl\u00e4rungen), dokumentarische Informationen (Kopien von Dokumenten, die die bereitgestellten Informationen best\u00e4tigen).<\/p><p>2. Risikomanagement, Geldw\u00e4schepr\u00e4vention, Reaktion auf regulatorische und gesetzliche Anforderungen. Art der Daten: Transaktionsdaten, Finanzdaten, Identit\u00e4tsdaten.<\/p><p>3. Marketing. Art der Daten: Kontakte, Zustimmung und Korrespondenz. Zweck: Marketingaktivit\u00e4ten und Pr\u00e4sentation von Informationen und<\/p><p>Neuigkeiten zu Produkten und Dienstleistungen. Rechtsgrundlage: die Durchf\u00fchrung des Vertrags mit Ihnen.<\/p><p>Welche Informationen darf das Unternehmen an bestimmte Dritte weitergeben?<\/p><p>Wir geben keine Informationen an Unternehmen, Organisationen und Einzelpersonen au\u00dferhalb des Unternehmens weiter, es sei denn, eine der folgenden Bedingungen trifft zu. Wir geben Ihre personenbezogenen Daten an Unternehmen, Organisationen oder Einzelpersonen au\u00dferhalb des Unternehmens weiter, wenn wir nach bestem Wissen davon ausgehen, dass der Zugriff auf, die Verwendung, Speicherung oder Weitergabe personenbezogener Daten zu folgenden Zwecken erforderlich ist:<\/p><p>Einhaltung aller geltenden Gesetze, Vorschriften, Klagen oder beh\u00f6rdlichen Zwangsanforderungen;<\/p><p>Anwendung der geltenden Gesetzgebung, einschlie\u00dflich der Untersuchung m\u00f6glicher Verst\u00f6\u00dfe;Erkennung, Verhinderung von Betrug, Unterst\u00fctzung der Sicherheit oder L\u00f6sung technischer Probleme;<\/p><p>Schutz der Rechte, des Eigentums oder der Sicherheit des Unternehmens, unserer Benutzer oder der \u00d6ffentlichkeit, soweit erforderlich oder im Rahmen der gesetzlichen Grenzen.<\/p><p>Konzernunternehmen, externe Dienstleister und Partner, die dem Unternehmen Datenverarbeitungsdienste bereitstellen (z. B. um Funktionen bereitzustellen oder die Sicherheit der Unternehmenswebsite zu verbessern) oder die anderweitig personenbezogene Daten f\u00fcr die in dieser Richtlinie beschriebenen Zwecke verarbeiten;<\/p><p>Jede zust\u00e4ndige Strafverfolgungsbeh\u00f6rde, Regulierungs- oder Regierungsbeh\u00f6rde, jedes Gericht oder andere Drittpartei, soweit gesetzlich zul\u00e4ssig.<\/p><p>Wir k\u00f6nnen identifizierbare Informationen \u00f6ffentlich und mit unseren Partnern teilen. Beispielsweise k\u00f6nnen wir Informationen \u00f6ffentlich ver\u00f6ffentlichen, um Trends bei der allgemeinen Nutzung unserer Website aufzuzeigen.<\/p><p>Wenn das Unternehmen an einer Fusion, \u00dcbernahme oder Ver\u00e4u\u00dferung von Verm\u00f6genswerten teilnimmt, werden wir weiterhin die Vertraulichkeit aller personenbezogenen Daten gew\u00e4hrleisten und die Benutzer benachrichtigen, bevor die personenbezogenen Daten \u00fcbertragen werden oder einer anderen Datenschutzrichtlinie unterliegen.<\/p><p>Wir werden Ihren Namen, Ihre E-Mail-Adresse oder andere Informationen nicht an andere Benutzer weitergeben.<\/p><p>Unter bestimmten Bedingungen k\u00f6nnen wir Ihre personenbezogenen Daten an einen Dritten in einem anderen Land zur weiteren Verarbeitung gem\u00e4\u00df den in dieser Richtlinie festgelegten Zielen \u00fcbertragen. In einigen F\u00e4llen kann dies die \u00dcbertragung von Daten in L\u00e4nder umfassen, die nicht das gleiche Schutzniveau bieten wie die Gesetze Ihres Wohnsitzlandes. In solchen F\u00e4llen werden wir gem\u00e4\u00df den gesetzlichen Anforderungen sicherstellen, dass Ihre Datenschutzrechte durch geeignete technische, organisatorische, vertragliche oder andere rechtliche Ma\u00dfnahmen angemessen gesch\u00fctzt werden.<\/p><p>Welche Rechte hat der Benutzer?<\/p><p>Senden einer Anfrage zur Korrektur unrichtiger Informationen und\/oder Vervollst\u00e4ndigung unvollst\u00e4ndiger personenbezogener Daten. Das Unternehmen wird die Anfrage anschlie\u00dfend bearbeiten und alle Drittparteien, an die diese personenbezogenen Daten \u00fcbermittelt wurden, gem\u00e4\u00df den in dieser Richtlinie festgelegten Bedingungen benachrichtigen.<\/p><p>Anfordern der Einstellung der Verarbeitung personenbezogener Daten. Die Ablehnung der Verarbeitung personenbezogener Daten kann dazu f\u00fchren, dass Sie nicht auf bestimmte Produkte und Dienste zugreifen k\u00f6nnen, f\u00fcr die die Verarbeitung personenbezogener Daten erforderlich ist.<\/p><p>Anfordern der L\u00f6schung aller Ihrer personenbezogenen Daten, wozu das Unternehmen verpflichtet ist, sofern es keinen gesetzlichen Grund gibt, dies nicht zu tun. Sie haben das Recht, eine Kopie der personenbezogenen Daten zu erhalten, die wir \u00fcber Sie haben.<\/p><p>Sie haben das Recht, die Korrektur unrichtiger Informationen und\/oder die Erg\u00e4nzung unvollst\u00e4ndiger personenbezogener Daten zu verlangen. Wir werden unsere Aufzeichnungen korrigieren und Drittparteien benachrichtigen, an die diese personenbezogenen Daten \u00fcbermittelt werden k\u00f6nnten, wie oben beschrieben.<\/p><p>Sie haben das Recht, alle personenbezogenen Daten, die Sie uns bereitgestellt haben, an eine andere Person zu \u00fcbertragen oder eine Kopie davon anzufordern, woraufhin wir diese Daten an einen anderen Datenverarbeiter Ihrer Wahl \u00fcbertragen.<\/p><p>Sie k\u00f6nnen dieses Recht aus\u00fcben, indem Sie in den Marketingbriefen, die wir Ihnen senden, auf den Link \u201eAbbestellen\u201c oder \u201eAbmelden\u201c klicken. So k\u00f6nnen Sie den Erhalt von Marketingmaterialien des Unternehmens ablehnen.<\/p><p>Sie haben das Recht, zu verlangen, dass wir die Verarbeitung Ihrer personenbezogenen Daten einstellen. Bitte beachten Sie, dass Sie dadurch m\u00f6glicherweise bestimmte Dienste nicht mehr nutzen k\u00f6nnen, f\u00fcr die die Verarbeitung Ihrer personenbezogenen Daten erforderlich ist.<\/p><p>Sie k\u00f6nnen Ihre Einwilligung zur Verarbeitung Ihrer personenbezogenen Daten jederzeit widerrufen. Dies hat keinen Einfluss auf die Rechtm\u00e4\u00dfigkeit der Datenverarbeitung, der Sie zuvor zugestimmt haben. Bitte beachten Sie, dass Sie durch den Widerruf Ihrer Einwilligung m\u00f6glicherweise einige Funktionen unseres Dienstes nicht mehr nutzen k\u00f6nnen, f\u00fcr die die Verarbeitung Ihrer personenbezogenen Daten erforderlich ist.<\/p><p>Sie haben das Recht, bei der Aufsichtsbeh\u00f6rde Beschwerde einzulegen. Sicherheitsma\u00dfnahmen des Unternehmens<\/p><p>Das Unternehmen wendet alle geeigneten technischen und administrativen Ma\u00dfnahmen an, um die personenbezogenen Daten zu sch\u00fctzen, die es sammelt und verarbeitet.<\/p><p>Insbesondere: Speichert das Unternehmen personenbezogene Daten auf sicheren Servern. Verwendet verschl\u00fcsselte \u00dcbertragungsverbindungen.<\/p><p>Verwendet andere Garantien: Firewalls, Authentifizierungssysteme (z. B. Passw\u00f6rter) und Zugriffskontrollmechanismen, um unbefugten Zugriff auf Systeme und Daten zu verhindern.<\/p><p>\u00dcberpr\u00fcft regelm\u00e4\u00dfig Methoden zur Erfassung, Speicherung und Verarbeitung von Informationen, einschlie\u00dflich physischer Sicherheitsma\u00dfnahmen, um unbefugten Zugriff auf Systeme zu verhindern.<\/p>\t\t\t\t\t\t\t\t<\/div>\n\t\t\t\t<\/div>\n\t\t\t\t\t<\/div>\n\t\t<\/div>\n\t\t\t\t\t<\/div>\n\t\t<\/section>\n\t\t\t\t<\/div>\n\t\t","protected":false},"excerpt":{"rendered":"<p>Datenschutzrichtlinie Bitte lesen Sie die Datenschutzrichtlinie sorgf\u00e4ltig durch. Dieses Dokument ist ein wesentlicher Bestandteil der Vereinbarung zwischen Ihnen (auch \u201eBenutzer\u201c genannt) und dem Unternehmen. Die Datenschutzrichtlinie beschreibt die Regeln f\u00fcr die Arbeit des Unternehmens in Bezug auf Ihre pers\u00f6nlichen Daten. Personenbezogene Daten umfassen alle Benutzerdaten, die ihn als Einzelperson identifizieren. Diese Richtlinie erl\u00e4utert auch die [&hellip;]<\/p>\n","protected":false},"author":1,"featured_media":0,"parent":0,"menu_order":0,"comment_status":"closed","ping_status":"closed","template":"","meta":{"footnotes":""},"class_list":["post-1385","page","type-page","status-publish","hentry"],"_links":{"self":[{"href":"https:\/\/globalvrtx.icu\/de\/wp-json\/wp\/v2\/pages\/1385","targetHints":{"allow":["GET"]}}],"collection":[{"href":"https:\/\/globalvrtx.icu\/de\/wp-json\/wp\/v2\/pages"}],"about":[{"href":"https:\/\/globalvrtx.icu\/de\/wp-json\/wp\/v2\/types\/page"}],"author":[{"embeddable":true,"href":"https:\/\/globalvrtx.icu\/de\/wp-json\/wp\/v2\/users\/1"}],"replies":[{"embeddable":true,"href":"https:\/\/globalvrtx.icu\/de\/wp-json\/wp\/v2\/comments?post=1385"}],"version-history":[{"count":4,"href":"https:\/\/globalvrtx.icu\/de\/wp-json\/wp\/v2\/pages\/1385\/revisions"}],"predecessor-version":[{"id":1389,"href":"https:\/\/globalvrtx.icu\/de\/wp-json\/wp\/v2\/pages\/1385\/revisions\/1389"}],"wp:attachment":[{"href":"https:\/\/globalvrtx.icu\/de\/wp-json\/wp\/v2\/media?parent=1385"}],"curies":[{"name":"wp","href":"https:\/\/api.w.org\/{rel}","templated":true}]}}