{"id":1322,"date":"2024-08-05T11:50:41","date_gmt":"2024-08-05T11:50:41","guid":{"rendered":"https:\/\/globalvrtx.icu\/?page_id=1322"},"modified":"2024-08-06T11:53:42","modified_gmt":"2024-08-06T11:53:42","slug":"deposit-and-withdrawal-policy-de","status":"publish","type":"page","link":"https:\/\/globalvrtx.icu\/de\/deposit-and-withdrawal-policy-de\/","title":{"rendered":"Deposit and Withdrawal Policy de"},"content":{"rendered":"\t\t<div data-elementor-type=\"wp-page\" data-elementor-id=\"1322\" class=\"elementor elementor-1322 elementor-1219\" data-elementor-post-type=\"page\">\n\t\t\t\t\t\t<section class=\"elementor-section elementor-top-section elementor-element elementor-element-7f87b49 elementor-section-boxed elementor-section-height-default elementor-section-height-default\" data-id=\"7f87b49\" data-element_type=\"section\">\n\t\t\t\t\t\t<div class=\"elementor-container elementor-column-gap-default\">\n\t\t\t\t\t<div class=\"elementor-column elementor-col-100 elementor-top-column elementor-element elementor-element-2546387\" data-id=\"2546387\" data-element_type=\"column\" data-settings=\"{&quot;background_background&quot;:&quot;classic&quot;}\">\n\t\t\t<div class=\"elementor-widget-wrap elementor-element-populated\">\n\t\t\t\t\t\t<div class=\"elementor-element elementor-element-a568ae1 elementor-widget elementor-widget-heading\" data-id=\"a568ae1\" data-element_type=\"widget\" data-widget_type=\"heading.default\">\n\t\t\t\t<div class=\"elementor-widget-container\">\n\t\t\t\t\t<h2 class=\"elementor-heading-title elementor-size-default\">Ein- und Auszahlungsrichtlinie<\/h2>\t\t\t\t<\/div>\n\t\t\t\t<\/div>\n\t\t\t\t<div class=\"elementor-element elementor-element-128bb07 elementor-widget elementor-widget-text-editor\" data-id=\"128bb07\" data-element_type=\"widget\" data-widget_type=\"text-editor.default\">\n\t\t\t\t<div class=\"elementor-widget-container\">\n\t\t\t\t\t\t\t\t\t<p>Ein- und Auszahlungsrichtlinie<\/p><p>Diese Gesch\u00e4ftsbedingungen gelten f\u00fcr alle von Kunden get\u00e4tigten \u00dcberweisungen oder zum Zweck der Einzahlung oder Auszahlung von Geldmitteln auf das er\u00f6ffnete Handelskonto des Kunden.<\/p><p>Der Handel mit Anlagem\u00f6glichkeiten, die Gewinne generieren k\u00f6nnen, erfordert, dass Kunden Geld auf ihr Handelskonto einzahlen. Gewinne k\u00f6nnen vom Online-Konto abgehoben werden. Ein- und Auszahlungen werden durch diese Richtlinie sowie die allgemein geltenden Gesch\u00e4ftsbedingungen geregelt.<\/p><p>Das Einzahlen und Abheben von Geldmitteln auf Ihr Handelskonto ist einfach und unkompliziert.<\/p><p>Kontofinanzierung<\/p><p>Sie, der Kunde, m\u00fcssen alle Einzahlungen von einer bestimmten Quelle aus vornehmen (z. B. einem einzelnen Bankkonto). Wenn Sie mit dem Handel beginnen m\u00f6chten, sollten Sie sicherstellen, dass sich dieses Konto in Ihrem Wohnsitzland befindet und auf Ihren Namen l\u00e4uft. Um zu best\u00e4tigen, dass eine Transaktion authentisch ist, muss sie an uns gesendet werden, um die Herkunft der Geldmittel zu best\u00e4tigen, die f\u00fcr den Handel verwendet werden.<\/p><p>Der Kunde kann dem Unternehmen von Zeit zu Zeit mit verschiedenen vom Unternehmen zugelassenen Zahlungsmethoden und in jeder W\u00e4hrung (vom Unternehmen akzeptiert) Geld \u00fcberweisen. Diese Gelder werden auf der Handelsplattform in US-Dollar und\/oder Euro und\/oder GBP umgerechnet und verwaltet, wie vom Unternehmen festgelegt, gem\u00e4\u00df einem vom Unternehmen festgelegten Wechselkurs gem\u00e4\u00df den verf\u00fcgbaren Marktkursen. Kontofinanzierungsvorschriften<\/p><p>Einzahlung: Kunden k\u00f6nnen die Gelder \u00fcber das unten stehende Verfahren auf unser Bankkonto (Bank-\/\u00dcberweisung), jede legitime Krypto-Wallet oder Bankkarte (Kredit-\/Debitkarte) einzahlen.<\/p><p>Best\u00e4tigung der Einzahlung: Nachdem Sie den Betrag auf unser Konto eingezahlt oder \u00fcberwiesen haben, bewahren Sie bitte die Gehaltsabrechnung auf und senden Sie sie an unsere Abrechnungsabteilung.<\/p><p>T\u00e4gliche Abrechnung erhalten: Nachdem wir den Zahlungseingang best\u00e4tigt haben, aktualisieren wir die Transaktion in Ihrer t\u00e4glichen Abrechnung mit dem entsprechenden Tag und der entsprechenden Uhrzeit. Wenn Sie die t\u00e4gliche Abrechnung nicht erhalten oder die Einzahlungstransaktion nicht finden k\u00f6nnen, wenden Sie sich bitte so schnell wie m\u00f6glich an Ihren pers\u00f6nlichen Manager oder unsere Kundenbetreuung.<\/p><p>Bitte rechnen Sie mit bis zu 5 Werktagen, bis die per Bank\u00fcberweisung eingezahlten Gelder auf Ihrem Handelskonto erscheinen. Bitte beachten Sie, dass alle Transaktionen unter der Kontrolle Ihres pers\u00f6nlichen Managers stehen sollten, um Verz\u00f6gerungen und Probleme zu vermeiden. Der Mindesteinzahlungsbetrag (f\u00fcr Kredit-\/Debitkarten) betr\u00e4gt 250 USD \/ der maximale Einzahlungsbetrag ist unbegrenzt.<\/p><p>Der Kunde hat keine Anspr\u00fcche gegen\u00fcber dem Unternehmen und macht das Unternehmen nicht f\u00fcr Verz\u00f6gerungen und\/oder Differenzen verantwortlich, die aus der Berechnung der Zinss\u00e4tze und\/oder Provisionen und\/oder sonstigen Belastungen eines Kreditunternehmens, einer Bank oder anderer Finanzinstitute resultieren.<\/p><p>Der Kunde erkl\u00e4rt, dass alle Gelder, die er an das Unternehmen \u00fcberweist, nicht aus kriminellen oder anderen illegalen Aktivit\u00e4ten stammen und keine geltenden Gesetze und Vorschriften zur Bek\u00e4mpfung der Geldw\u00e4sche verletzen.<\/p><p>Wenn Sie diese Richtlinie nicht einhalten, kann Ihnen die Einzahlung der Gelder untersagt werden.<\/p><p>Abhebung<\/p><p>Gem\u00e4\u00df allgemein anerkannten Regeln und Vorschriften zur Bek\u00e4mpfung der Geldw\u00e4sche d\u00fcrfen Abhebungen nur \u00fcber dasselbe Bankkonto oder dieselbe Kredit-\/Debitkarte erfolgen, die der Kunde zur Einzahlung der Gelder verwendet hat.<\/p><p>Sofern wir nichts anderes vereinbaren, d\u00fcrfen Abhebungen vom Konto nur in derselben FIAT-W\u00e4hrung erfolgen, in der die jeweilige Einzahlung vorgenommen wurde. Wenn Sie Geld f\u00fcr Handelszwecke mit alternativen FIAT-Zahlungsmethoden einzahlen oder abheben, sollten Sie sich au\u00dferdem dar\u00fcber im Klaren sein, dass m\u00f6glicherweise zus\u00e4tzliche Geb\u00fchren und Einschr\u00e4nkungen anfallen. F\u00fcr Abhebungen fallen Bearbeitungs- und Bearbeitungsgeb\u00fchren an. Diese Geb\u00fchren werden vom \u00fcberwiesenen Abhebungsbetrag abgezogen. Unbeschadet des Vorstehenden k\u00f6nnen wir Abhebungen gem\u00e4\u00df den Vorschriften zur Bek\u00e4mpfung der Geldw\u00e4sche an eine andere Einrichtung als die f\u00fcr die Einzahlung verwendete vornehmen. Dar\u00fcber hinaus kann es sein, dass der Kunde bei Abhebungen aufgefordert wird, zus\u00e4tzliche Informationen und Dokumente vorzulegen. Abhebungsbestimmungen<\/p><p>Um Ihren Abhebungsantrag bearbeiten zu k\u00f6nnen, m\u00fcssen Sie: sich \u00fcber die Website bei Ihrem Konto anmelden. einen Abhebungsantrag im Kundenbereich stellen. das Abhebungsformular ausf\u00fcllen.<\/p><p>das Abhebungsformular ausdrucken. das ausgedruckte Formular unterschreiben.<\/p><p>alle Compliance-Dokumente m\u00fcssen beim Compliance Officer eingegangen und von diesem genehmigt worden sein, damit die Abhebung durchgef\u00fchrt werden kann.<\/p><p>Beg\u00fcnstigter<\/p><p>der Name muss mit dem Namen des Handelskontos \u00fcbereinstimmen. Anfragen zur \u00dcberweisung von Geldern an Dritte werden nicht bearbeitet. Die R\u00fcckzahlung von Geldern per Bank\u00fcberweisung durch das Unternehmen an den Kunden erfolgt<\/p><p>in derselben W\u00e4hrung und auf dasselbe Konto\/dieselbe Kreditkarte, von der die Gelder urspr\u00fcnglich \u00fcberwiesen wurden, es sei denn, das Unternehmen hat nach eigenem Ermessen entschieden, die Gelder auf ein anderes Konto des Kunden zur\u00fcckzuzahlen.<\/p><p>Der Kunde hat keine Anspr\u00fcche gegen das Unternehmen und kann das Unternehmen nicht f\u00fcr Verz\u00f6gerungen und\/oder Differenzen verantwortlich machen, die sich aus der Berechnung der Zinss\u00e4tze und\/oder Provisionen eines Kreditunternehmens, einer Bank oder eines anderen Finanzinstituts ergeben, und<\/p><p>\/oder jede andere Belastung.<\/p><p>Falls der Kunde eine Anweisung erteilt, Gelder vom Handelskonto abzuheben, \u00fcberwacht die Finanzabteilung jede eingereichte Abhebungsanforderung. Zur Bearbeitung einer Abhebung m\u00fcssen Ausweisdokumente vorgelegt werden.<\/p><p>Das Unternehmen kann den Abhebungsauftrag des Kunden stornieren, wenn nach Ermessen des Unternehmens die verbleibenden Gelder (nach der Abhebung) nicht ausreichen, um offene Positionen auf dem Handelskonto zu sichern.<\/p><p>Das Unternehmen \u00fcbernimmt keine Verantwortung f\u00fcr Verz\u00f6gerungen bei Abhebungen aufgrund von Richtlinien Dritter (Banken, Kreditkartenunternehmen oder andere Dienstleister) oder h\u00f6herer Gewalt, die nicht unter der Kontrolle des Unternehmens stehen.<\/p><p>Abhebungsbearbeitungszeit<\/p><p>Die Zeit, die ben\u00f6tigt wird, bis das Geld auf Ihrer Kredit-\/Debitkarte oder Ihrem Bankkonto eingeht, das zur Einzahlung von Geldern verwendet wurde, kann variieren (normalerweise bis zu f\u00fcnf Werktage). Beachten Sie, dass Abhebungen auf Bankkonten aufgrund der geltenden zus\u00e4tzlichen Sicherheitsverfahren l\u00e4nger dauern k\u00f6nnen.<\/p><p>Die Anforderung wird im Allgemeinen innerhalb von 4-7 Werktagen bearbeitet. Um Verz\u00f6gerungen zu vermeiden, \u00fcberpr\u00fcfen Sie Ihre Informationen bitte sorgf\u00e4ltig, bevor Sie die Anforderung \u00fcbermitteln. Wir \u00fcbernehmen keine Verantwortung f\u00fcr Fehler oder Ungenauigkeiten, die vom Kontoinhaber gemacht werden. Wir k\u00f6nnen die internen Verfahren des Kredit-\/Debitkartenunternehmens oder der Bank des Kunden nicht \u00fcberwachen und sind in keiner Weise daf\u00fcr verantwortlich. Der Kunde muss sich selbst bei der Kreditkarte oder der jeweiligen Bank erkundigen.<\/p><p>Gelder werden Ihrem Kredit-\/Debitkartenkonto gutgeschrieben, sobald Ihr Kredit-\/Debitkartenh\u00e4ndler die Gelder von unserem Konto abgebucht hat. Dieser Vorgang kann bis zu 5 Werktage oder l\u00e4nger dauern, bis er auf Ihrem Kredit-\/Debitkartenkontostand angezeigt wird. Wenn Sie keinen Online-Zugriff auf Ihre Kredit-\/Debitkarte haben, sollte sie je nach Abrechnungszeitraum Ihrer Karte auf der\/den n\u00e4chsten Abrechnung(en) erscheinen.<\/p><p>Bitte beachten Sie, dass wir uns an keinen Zeitrahmen gebunden haben und dass alle zus\u00e4tzlichen Geb\u00fchren, die von Dritten erhoben werden, von der Einzahlung oder der Auszahlung abgezogen werden, je nachdem, was zutrifft.<\/p><p>Geb\u00fchren und zus\u00e4tzliche Kosten<\/p><p>Wenn die empfangende Bank eine Zwischenbank zum Senden\/Empfangen von Geldern verwendet, k\u00f6nnen zus\u00e4tzliche Geb\u00fchren der Zwischenbank anfallen. Diese Geb\u00fchren werden normalerweise f\u00fcr die \u00dcberweisung an Ihre Bank erhoben. Wir sind weder an diesen zus\u00e4tzlichen Geb\u00fchren beteiligt noch haben wir irgendeine Kontrolle dar\u00fcber.<\/p><p>Bitte wenden Sie sich f\u00fcr weitere Informationen an Ihr Finanzinstitut.<\/p><p>F\u00fcr alle Einzahlungen an das Unternehmen per Kreditkarte oder Bank\u00fcberweisung fallen keine Geb\u00fchren des Unternehmens an. Kunden k\u00f6nnen Geb\u00fchren in Rechnung gestellt bekommen, die von der Bank des Kunden abgezogen werden.<\/p><p>Gem\u00e4\u00df den Arbeitsvorschriften kann Ihrem Handelskonto eine Inaktivit\u00e4tsgeb\u00fchr berechnet werden. Provisionen werden monatlich von Ihrem Kontostand abgezogen, bis Sie Ihre Kontoaktivit\u00e4t wieder aufnehmen oder bis der Kontostand Null erreicht. Bitte wenden Sie sich f\u00fcr weitere Informationen an Ihren pers\u00f6nlichen Manager.<\/p><p>Nicht eingezahlte Gelder<\/p><p>Auf dem Konto des Kunden erscheinende Gelder k\u00f6nnen vereinbarte oder freiwillige Boni und Anreize oder andere Betr\u00e4ge enthalten, die nicht direkt vom Kunden eingezahlt oder durch den Handel aufgrund tats\u00e4chlich eingezahlter Gelder gewonnen wurden<\/p><p>(\u201eNicht eingezahlte Gelder\u201c). Bitte beachten Sie, dass nicht eingezahlte Gelder nicht zur Auszahlung verf\u00fcgbar sind, sofern nicht ausdr\u00fccklich etwas anderes vereinbart wurde. Dar\u00fcber hinaus k\u00f6nnen aufgrund technischer Einschr\u00e4nkungen in bestimmten F\u00e4llen nicht eingezahlte Gelder dem Konto des Kunden zugewiesen werden (z. B. aus technischen Gr\u00fcnden, um die Schlie\u00dfung von Positionen oder eines verschuldeten Kontos zu erm\u00f6glichen).<\/p><p>Unbeschadet des Vorstehenden k\u00f6nnen vom Unternehmen an den Kunden gew\u00e4hrte Boni nur unter der Voraussetzung abgehoben werden, dass ein Mindesthandelsvolumen in H\u00f6he des 25-fachen des Einzahlungsbetrags zuz\u00fcglich des gew\u00e4hrten Bonus (\u201eMindesthandelsvolumen\u201c) erreicht wird.<\/p><p>Bonusgelder<\/p><p>Das Unternehmen kann eine Reihe attraktiver Pr\u00e4mien anbieten, darunter Willkommensboni, Wettbewerbe und Auszeichnungen f\u00fcr neue oder bestehende Kunden.<\/p><p>Boni und Handelsguthaben, die an Kunden vergeben werden, sind Teil der Werbeprogramme des Unternehmens. Diese Boni sind zeitlich begrenzte Angebote und die mit allen Bonuspr\u00e4mien verbundenen Bedingungen k\u00f6nnen sich von Zeit zu Zeit \u00e4ndern.<\/p><p>Boni und Gewinne, die auch nur teilweise auf der Verwendung von Bonusguthaben basieren, verfallen, wenn das Unternehmen einen Betrug oder einen Versto\u00df des Kunden gegen die Gesch\u00e4ftsbedingungen des Unternehmens vermutet.<\/p><p>Gelder k\u00f6nnen nur abgehoben werden, wenn die vorstehende Bedingung vollst\u00e4ndig erf\u00fcllt und erf\u00fcllt wurde. Alle Handelsboni sind endg\u00fcltig und ein Handelsbonus kann nicht entfernt werden, sobald er einem Konto gutgeschrieben wurde.<\/p><p>Kredit-\/Debitkartentransaktionen<\/p><p>Bei Kredit-\/Debitkarteneinzahlungen wird Ihre Kredit-\/Debitkarte ordnungsgem\u00e4\u00df entsprechend dem eingezahlten Betrag und den geltenden Wechselkursen belastet, wenn Sie ein Konto in einer anderen W\u00e4hrung als USD (US-Dollar) w\u00e4hlen. Zus\u00e4tzlich zum eingezahlten Umtauschbetrag k\u00f6nnen zus\u00e4tzliche Kreditkartengeb\u00fchren anfallen (infolgedessen k\u00f6nnen Sie in solchen F\u00e4llen Abweichungen zwischen dem eingezahlten Betrag und dem berechneten Betrag feststellen).<\/p>\t\t\t\t\t\t\t\t<\/div>\n\t\t\t\t<\/div>\n\t\t\t\t\t<\/div>\n\t\t<\/div>\n\t\t\t\t\t<\/div>\n\t\t<\/section>\n\t\t\t\t<\/div>\n\t\t","protected":false},"excerpt":{"rendered":"<p>Ein- und Auszahlungsrichtlinie Ein- und Auszahlungsrichtlinie Diese Gesch\u00e4ftsbedingungen gelten f\u00fcr alle von Kunden get\u00e4tigten \u00dcberweisungen oder zum Zweck der Einzahlung oder Auszahlung von Geldmitteln auf das er\u00f6ffnete Handelskonto des Kunden. Der Handel mit Anlagem\u00f6glichkeiten, die Gewinne generieren k\u00f6nnen, erfordert, dass Kunden Geld auf ihr Handelskonto einzahlen. Gewinne k\u00f6nnen vom Online-Konto abgehoben werden. Ein- und Auszahlungen [&hellip;]<\/p>\n","protected":false},"author":1,"featured_media":0,"parent":0,"menu_order":0,"comment_status":"closed","ping_status":"closed","template":"","meta":{"footnotes":""},"class_list":["post-1322","page","type-page","status-publish","hentry"],"_links":{"self":[{"href":"https:\/\/globalvrtx.icu\/de\/wp-json\/wp\/v2\/pages\/1322","targetHints":{"allow":["GET"]}}],"collection":[{"href":"https:\/\/globalvrtx.icu\/de\/wp-json\/wp\/v2\/pages"}],"about":[{"href":"https:\/\/globalvrtx.icu\/de\/wp-json\/wp\/v2\/types\/page"}],"author":[{"embeddable":true,"href":"https:\/\/globalvrtx.icu\/de\/wp-json\/wp\/v2\/users\/1"}],"replies":[{"embeddable":true,"href":"https:\/\/globalvrtx.icu\/de\/wp-json\/wp\/v2\/comments?post=1322"}],"version-history":[{"count":4,"href":"https:\/\/globalvrtx.icu\/de\/wp-json\/wp\/v2\/pages\/1322\/revisions"}],"predecessor-version":[{"id":1326,"href":"https:\/\/globalvrtx.icu\/de\/wp-json\/wp\/v2\/pages\/1322\/revisions\/1326"}],"wp:attachment":[{"href":"https:\/\/globalvrtx.icu\/de\/wp-json\/wp\/v2\/media?parent=1322"}],"curies":[{"name":"wp","href":"https:\/\/api.w.org\/{rel}","templated":true}]}}